{"id":1442,"date":"2022-07-27T15:22:24","date_gmt":"2022-07-27T15:22:24","guid":{"rendered":"https:\/\/demothemedh.b-cdn.net\/demus\/?page_id=1442"},"modified":"2023-11-02T12:27:47","modified_gmt":"2023-11-02T15:27:47","slug":"about-us","status":"publish","type":"page","link":"https:\/\/cocon.com.ar\/es\/about-us\/","title":{"rendered":"Nosotros"},"content":{"rendered":"<div data-elementor-type=\"wp-page\" data-elementor-id=\"1442\" class=\"elementor elementor-1442\">\n\t\t\t\t\t\t<section class=\"elementor-section elementor-top-section elementor-element elementor-element-0e53413 elementor-section-boxed elementor-section-height-default elementor-section-height-default\" data-id=\"0e53413\" data-element_type=\"section\">\n\t\t\t\t\t\t<div class=\"elementor-container elementor-column-gap-no\">\n\t\t\t\t\t<div class=\"elementor-column elementor-col-50 elementor-top-column elementor-element elementor-element-e407b3b\" data-id=\"e407b3b\" data-element_type=\"column\">\n\t\t\t<div class=\"elementor-widget-wrap elementor-element-populated\">\n\t\t\t\t\t\t<div class=\"elementor-element elementor-element-9a8e16a elementor-widget elementor-widget-image\" data-id=\"9a8e16a\" data-element_type=\"widget\" data-widget_type=\"image.default\">\n\t\t\t\t<div class=\"elementor-widget-container\">\n\t\t\t\t\t\t\t\t\t\t\t\t\t\t\t<img fetchpriority=\"high\" decoding=\"async\" width=\"600\" height=\"580\" src=\"https:\/\/cocon.com.ar\/wp-content\/uploads\/2023\/11\/Diseno-sin-titulo-1.png\" class=\"attachment-full size-full wp-image-3422\" alt=\"\" srcset=\"https:\/\/cocon.com.ar\/wp-content\/uploads\/2023\/11\/Diseno-sin-titulo-1.png 600w, https:\/\/cocon.com.ar\/wp-content\/uploads\/2023\/11\/Diseno-sin-titulo-1-300x290.png 300w, https:\/\/cocon.com.ar\/wp-content\/uploads\/2023\/11\/Diseno-sin-titulo-1-12x12.png 12w\" sizes=\"(max-width: 600px) 100vw, 600px\" \/>\t\t\t\t\t\t\t\t\t\t\t\t\t\t\t<\/div>\n\t\t\t\t<\/div>\n\t\t\t\t\t<\/div>\n\t\t<\/div>\n\t\t\t\t<div class=\"elementor-column elementor-col-50 elementor-top-column elementor-element elementor-element-e6a1900\" data-id=\"e6a1900\" data-element_type=\"column\">\n\t\t\t<div class=\"elementor-widget-wrap elementor-element-populated\">\n\t\t\t\t\t\t<div class=\"elementor-element elementor-element-27192f8 elementor-widget elementor-widget-heading\" data-id=\"27192f8\" data-element_type=\"widget\" data-widget_type=\"heading.default\">\n\t\t\t\t<div class=\"elementor-widget-container\">\n\t\t\t\t\t<div class=\"elementor-heading-title elementor-size-default\">Nosotros<\/div>\t\t\t\t<\/div>\n\t\t\t\t<\/div>\n\t\t\t\t<div class=\"elementor-element elementor-element-5b585a4 elementor-widget elementor-widget-heading\" data-id=\"5b585a4\" data-element_type=\"widget\" data-widget_type=\"heading.default\">\n\t\t\t\t<div class=\"elementor-widget-container\">\n\t\t\t\t\t<h2 class=\"elementor-heading-title elementor-size-medium\">Creamos Soluciones <\/h2>\t\t\t\t<\/div>\n\t\t\t\t<\/div>\n\t\t\t\t<div class=\"elementor-element elementor-element-83d1f8a elementor-widget elementor-widget-text-editor\" data-id=\"83d1f8a\" data-element_type=\"widget\" data-widget_type=\"text-editor.default\">\n\t\t\t\t<div class=\"elementor-widget-container\">\n\t\t\t\t\t\t\t\t\t<div id=\"heading-9df7bc0080ab6417e3a3991c4f78c268\" class=\"sh-heading\"><h1 class=\"sh-heading-content size-default text-center\">\u00bfQui\u00e9nes somos?<\/h1><\/div><div id=\"text-block-23d31640768eb64df58f1ba8e97b7a87\" class=\"sh-text-block\"><p>\u00abCOCON es la expresi\u00f3n de una b\u00fasqueda incesante por emprender de forma despierta. Dise\u00f1amos, producimos y comercializamos Muebles con una premisa fundamental. La experiencia como v\u00ednculo, el producto como medio y el cliente como destino. Te ayudamos a renovar tus muebles creando un espacio ideal para compartir y disfrutar. Nos convoca hacerlo teniendo en cuenta los factores medioambientales, cuidando los recursos , pensando en las tendencias y potenciando el capital humano. Cocon significa crisalida o El \u00abHogar\u00bb de todo aquello que busca transformaci\u00f3n. Nuestro medio es el trabajo y la atenci\u00f3n. Nuestra motivaci\u00f3n; transformar tus espacios. Nuestro destino es la experiencia compartida. Somos COCON\u00bb<\/p><\/div><div id=\"heading-1ecf1d6ae1dcd50cbefb61efd5106f6a\" class=\"sh-heading\"><h1 class=\"sh-heading-content size-default text-center\">\u00bfQu\u00e9 hacemos?<\/h1><\/div><div id=\"text-block-84c7eeda04a9844e2468eae31f49c19f\" class=\"sh-text-block\"><p>Brindamos soluciones en el \u00e1mbito del hogar, la gastronom\u00eda y el mundo empresarial. Buscamos un producto distinto, de m\u00e1xima calidad y co-creamos una experiencia diferente para cada cliente.<br \/>-Trabajamos junto a Dise\u00f1adores de Interiores y Arquitectos realizando carpinter\u00eda y herrer\u00eda de obra. Como asi tambi\u00e9n el dise\u00f1o de muebles a medida.<br \/>-Ayudamos a dise\u00f1ar tu negocio, en las distintas variantes posibles, con los a\u00f1os de experiencia en la escena gastron\u00f3mica, hotelera y con el enfoque en la escena de una vivienda c\u00e1lida y moderna.<br \/>-Entendemos que el cliente es lo m\u00e1s importante en esta din\u00e1mica, por eso escuchamos sus necesidades y sugerencias, generando un feedback constante, consolidando nuestro v\u00ednculo con cada uno de ellos.<br \/>Esta filosof\u00eda de trabajo ubica a la calidad, el trato con el cliente, y el cuidado del medio ambiente, como las premisas fundamentales para todas las actividades desempe\u00f1adas en COCON.<\/p><\/div>\t\t\t\t\t\t\t\t<\/div>\n\t\t\t\t<\/div>\n\t\t\t\t<div class=\"elementor-element elementor-element-41e79d0 button-style-demus-style-2 elementor-widget elementor-widget-button\" data-id=\"41e79d0\" data-element_type=\"widget\" data-widget_type=\"button.default\">\n\t\t\t\t<div class=\"elementor-widget-container\">\n\t\t\t\t\t\t\t\t\t<div class=\"elementor-button-wrapper\">\n\t\t\t\t\t<a class=\"elementor-button elementor-size-sm\" role=\"button\">\n\t\t\t\t\t\t<span class=\"elementor-button-content-wrapper\">\n\t\t\t\t\t\t<span class=\"elementor-button-icon\">\n\t\t\t\t<i aria-hidden=\"true\" class=\"demus-icon- demus-icon-arrow-long\"><\/i>\t\t\t<\/span>\n\t\t\t\t\t\t\t\t<\/span>\n\t\t\t\t\t<\/a>\n\t\t\t\t<\/div>\n\t\t\t\t\t\t\t\t<\/div>\n\t\t\t\t<\/div>\n\t\t\t\t\t<\/div>\n\t\t<\/div>\n\t\t\t\t\t<\/div>\n\t\t<\/section>\n\t\t\t\t<\/div>","protected":false},"excerpt":{"rendered":"<p>Nosotros Creamos Soluciones \u00bfQui\u00e9nes somos? \u00abCOCON es la expresi\u00f3n de una b\u00fasqueda incesante por emprender de forma despierta. Dise\u00f1amos, producimos y comercializamos Muebles con una premisa fundamental. La experiencia como v\u00ednculo, el producto como medio y el cliente como destino. Te ayudamos a renovar tus muebles creando un espacio ideal para compartir y disfrutar. Nos [&hellip;]<\/p>","protected":false},"author":2,"featured_media":0,"parent":0,"menu_order":0,"comment_status":"closed","ping_status":"closed","template":"elementor_header_footer","meta":{"inline_featured_image":false,"_joinchat":[],"footnotes":""},"class_list":["post-1442","page","type-page","status-publish","hentry"],"yoast_head":"<!-- This site is optimized with the Yoast SEO plugin v26.5 - https:\/\/yoast.com\/wordpress\/plugins\/seo\/ -->\n<title>Nosotros - Cocon<\/title>\n<meta name=\"robots\" content=\"noindex, follow, max-snippet:-1, max-image-preview:large, max-video-preview:-1\" \/>\n<meta property=\"og:locale\" content=\"es_ES\" \/>\n<meta property=\"og:type\" content=\"article\" \/>\n<meta property=\"og:title\" content=\"Nosotros - Cocon\" \/>\n<meta property=\"og:description\" content=\"Nosotros Creamos Soluciones \u00bfQui\u00e9nes somos? \u00abCOCON es la expresi\u00f3n de una b\u00fasqueda incesante por emprender de forma despierta. Dise\u00f1amos, producimos y comercializamos Muebles con una premisa fundamental. La experiencia como v\u00ednculo, el producto como medio y el cliente como destino. Te ayudamos a renovar tus muebles creando un espacio ideal para compartir y disfrutar. Nos [&hellip;]\" \/>\n<meta property=\"og:url\" content=\"https:\/\/cocon.com.ar\/es\/about-us\/\" \/>\n<meta property=\"og:site_name\" content=\"Cocon\" \/>\n<meta property=\"article:publisher\" content=\"http:\/\/facebook.com\/cocon.muebles\" \/>\n<meta property=\"article:modified_time\" content=\"2023-11-02T15:27:47+00:00\" \/>\n<meta property=\"og:image\" content=\"https:\/\/cocon.com.ar\/wp-content\/uploads\/2023\/11\/Diseno-sin-titulo-1.png\" \/>\n<meta name=\"twitter:card\" content=\"summary_large_image\" \/>\n<meta name=\"twitter:label1\" content=\"Tiempo de lectura\" \/>\n\t<meta name=\"twitter:data1\" content=\"2 minutos\" \/>\n<script type=\"application\/ld+json\" class=\"yoast-schema-graph\">{\"@context\":\"https:\/\/schema.org\",\"@graph\":[{\"@type\":\"WebPage\",\"@id\":\"https:\/\/cocon.com.ar\/about-us\/\",\"url\":\"https:\/\/cocon.com.ar\/about-us\/\",\"name\":\"Nosotros - Cocon\",\"isPartOf\":{\"@id\":\"https:\/\/cocon.com.ar\/#website\"},\"primaryImageOfPage\":{\"@id\":\"https:\/\/cocon.com.ar\/about-us\/#primaryimage\"},\"image\":{\"@id\":\"https:\/\/cocon.com.ar\/about-us\/#primaryimage\"},\"thumbnailUrl\":\"https:\/\/cocon.com.ar\/wp-content\/uploads\/2023\/11\/Diseno-sin-titulo-1.png\",\"datePublished\":\"2022-07-27T15:22:24+00:00\",\"dateModified\":\"2023-11-02T15:27:47+00:00\",\"breadcrumb\":{\"@id\":\"https:\/\/cocon.com.ar\/about-us\/#breadcrumb\"},\"inLanguage\":\"es-AR\",\"potentialAction\":[{\"@type\":\"ReadAction\",\"target\":[\"https:\/\/cocon.com.ar\/about-us\/\"]}]},{\"@type\":\"ImageObject\",\"inLanguage\":\"es-AR\",\"@id\":\"https:\/\/cocon.com.ar\/about-us\/#primaryimage\",\"url\":\"https:\/\/cocon.com.ar\/wp-content\/uploads\/2023\/11\/Diseno-sin-titulo-1.png\",\"contentUrl\":\"https:\/\/cocon.com.ar\/wp-content\/uploads\/2023\/11\/Diseno-sin-titulo-1.png\"},{\"@type\":\"BreadcrumbList\",\"@id\":\"https:\/\/cocon.com.ar\/about-us\/#breadcrumb\",\"itemListElement\":[{\"@type\":\"ListItem\",\"position\":1,\"name\":\"Portada\",\"item\":\"https:\/\/cocon.com.ar\/\"},{\"@type\":\"ListItem\",\"position\":2,\"name\":\"Nosotros\"}]},{\"@type\":\"WebSite\",\"@id\":\"https:\/\/cocon.com.ar\/#website\",\"url\":\"https:\/\/cocon.com.ar\/\",\"name\":\"Cocon\",\"description\":\"Estudio de Interiorismo_ Styling &amp; Deco\",\"publisher\":{\"@id\":\"https:\/\/cocon.com.ar\/#organization\"},\"potentialAction\":[{\"@type\":\"SearchAction\",\"target\":{\"@type\":\"EntryPoint\",\"urlTemplate\":\"https:\/\/cocon.com.ar\/?s={search_term_string}\"},\"query-input\":{\"@type\":\"PropertyValueSpecification\",\"valueRequired\":true,\"valueName\":\"search_term_string\"}}],\"inLanguage\":\"es-AR\"},{\"@type\":\"Organization\",\"@id\":\"https:\/\/cocon.com.ar\/#organization\",\"name\":\"Cocon\",\"url\":\"https:\/\/cocon.com.ar\/\",\"logo\":{\"@type\":\"ImageObject\",\"inLanguage\":\"es-AR\",\"@id\":\"https:\/\/cocon.com.ar\/#\/schema\/logo\/image\/\",\"url\":\"https:\/\/cocon.com.ar\/wp-content\/uploads\/2023\/09\/cropped-cropped-ei_1695218943890-removebg-preview.png\",\"contentUrl\":\"https:\/\/cocon.com.ar\/wp-content\/uploads\/2023\/09\/cropped-cropped-ei_1695218943890-removebg-preview.png\",\"width\":512,\"height\":341,\"caption\":\"Cocon\"},\"image\":{\"@id\":\"https:\/\/cocon.com.ar\/#\/schema\/logo\/image\/\"},\"sameAs\":[\"http:\/\/facebook.com\/cocon.muebles\",\"https:\/\/www.instagram.com\/cocon.deco\",\"https:\/\/www.youtube.com\/@cocon663\"]}]}<\/script>\n<!-- \/ Yoast SEO plugin. -->","yoast_head_json":{"title":"Nosotros - Cocon","robots":{"index":"noindex","follow":"follow","max-snippet":"max-snippet:-1","max-image-preview":"max-image-preview:large","max-video-preview":"max-video-preview:-1"},"og_locale":"es_ES","og_type":"article","og_title":"Nosotros - Cocon","og_description":"Nosotros Creamos Soluciones \u00bfQui\u00e9nes somos? \u00abCOCON es la expresi\u00f3n de una b\u00fasqueda incesante por emprender de forma despierta. Dise\u00f1amos, producimos y comercializamos Muebles con una premisa fundamental. La experiencia como v\u00ednculo, el producto como medio y el cliente como destino. Te ayudamos a renovar tus muebles creando un espacio ideal para compartir y disfrutar. Nos [&hellip;]","og_url":"https:\/\/cocon.com.ar\/es\/about-us\/","og_site_name":"Cocon","article_publisher":"http:\/\/facebook.com\/cocon.muebles","article_modified_time":"2023-11-02T15:27:47+00:00","og_image":[{"url":"https:\/\/cocon.com.ar\/wp-content\/uploads\/2023\/11\/Diseno-sin-titulo-1.png","type":"","width":"","height":""}],"twitter_card":"summary_large_image","twitter_misc":{"Tiempo de lectura":"2 minutos"},"schema":{"@context":"https:\/\/schema.org","@graph":[{"@type":"WebPage","@id":"https:\/\/cocon.com.ar\/about-us\/","url":"https:\/\/cocon.com.ar\/about-us\/","name":"Nosotros - Cocon","isPartOf":{"@id":"https:\/\/cocon.com.ar\/#website"},"primaryImageOfPage":{"@id":"https:\/\/cocon.com.ar\/about-us\/#primaryimage"},"image":{"@id":"https:\/\/cocon.com.ar\/about-us\/#primaryimage"},"thumbnailUrl":"https:\/\/cocon.com.ar\/wp-content\/uploads\/2023\/11\/Diseno-sin-titulo-1.png","datePublished":"2022-07-27T15:22:24+00:00","dateModified":"2023-11-02T15:27:47+00:00","breadcrumb":{"@id":"https:\/\/cocon.com.ar\/about-us\/#breadcrumb"},"inLanguage":"es-AR","potentialAction":[{"@type":"ReadAction","target":["https:\/\/cocon.com.ar\/about-us\/"]}]},{"@type":"ImageObject","inLanguage":"es-AR","@id":"https:\/\/cocon.com.ar\/about-us\/#primaryimage","url":"https:\/\/cocon.com.ar\/wp-content\/uploads\/2023\/11\/Diseno-sin-titulo-1.png","contentUrl":"https:\/\/cocon.com.ar\/wp-content\/uploads\/2023\/11\/Diseno-sin-titulo-1.png"},{"@type":"BreadcrumbList","@id":"https:\/\/cocon.com.ar\/about-us\/#breadcrumb","itemListElement":[{"@type":"ListItem","position":1,"name":"Portada","item":"https:\/\/cocon.com.ar\/"},{"@type":"ListItem","position":2,"name":"Nosotros"}]},{"@type":"WebSite","@id":"https:\/\/cocon.com.ar\/#website","url":"https:\/\/cocon.com.ar\/","name":"Cocon","description":"Estudio de Interiorismo_ Styling &amp; Deco","publisher":{"@id":"https:\/\/cocon.com.ar\/#organization"},"potentialAction":[{"@type":"SearchAction","target":{"@type":"EntryPoint","urlTemplate":"https:\/\/cocon.com.ar\/?s={search_term_string}"},"query-input":{"@type":"PropertyValueSpecification","valueRequired":true,"valueName":"search_term_string"}}],"inLanguage":"es-AR"},{"@type":"Organization","@id":"https:\/\/cocon.com.ar\/#organization","name":"Cocon","url":"https:\/\/cocon.com.ar\/","logo":{"@type":"ImageObject","inLanguage":"es-AR","@id":"https:\/\/cocon.com.ar\/#\/schema\/logo\/image\/","url":"https:\/\/cocon.com.ar\/wp-content\/uploads\/2023\/09\/cropped-cropped-ei_1695218943890-removebg-preview.png","contentUrl":"https:\/\/cocon.com.ar\/wp-content\/uploads\/2023\/09\/cropped-cropped-ei_1695218943890-removebg-preview.png","width":512,"height":341,"caption":"Cocon"},"image":{"@id":"https:\/\/cocon.com.ar\/#\/schema\/logo\/image\/"},"sameAs":["http:\/\/facebook.com\/cocon.muebles","https:\/\/www.instagram.com\/cocon.deco","https:\/\/www.youtube.com\/@cocon663"]}]}},"_links":{"self":[{"href":"https:\/\/cocon.com.ar\/es\/wp-json\/wp\/v2\/pages\/1442","targetHints":{"allow":["GET"]}}],"collection":[{"href":"https:\/\/cocon.com.ar\/es\/wp-json\/wp\/v2\/pages"}],"about":[{"href":"https:\/\/cocon.com.ar\/es\/wp-json\/wp\/v2\/types\/page"}],"author":[{"embeddable":true,"href":"https:\/\/cocon.com.ar\/es\/wp-json\/wp\/v2\/users\/2"}],"replies":[{"embeddable":true,"href":"https:\/\/cocon.com.ar\/es\/wp-json\/wp\/v2\/comments?post=1442"}],"version-history":[{"count":0,"href":"https:\/\/cocon.com.ar\/es\/wp-json\/wp\/v2\/pages\/1442\/revisions"}],"wp:attachment":[{"href":"https:\/\/cocon.com.ar\/es\/wp-json\/wp\/v2\/media?parent=1442"}],"curies":[{"name":"wp","href":"https:\/\/api.w.org\/{rel}","templated":true}]}}