{"id":1821,"date":"2023-08-01T11:47:32","date_gmt":"2023-08-01T11:47:32","guid":{"rendered":"https:\/\/cocon.com.ar\/?post_type=product&#038;p=1821"},"modified":"2023-10-25T15:32:37","modified_gmt":"2023-10-25T15:32:37","slug":"banco-anahi","status":"publish","type":"product","link":"https:\/\/cocon.com.ar\/es\/product\/banco-anahi\/","title":{"rendered":"Banco \u00abAnahi\u00bb"},"content":{"rendered":"<p>Banco Anah\u00ed<br \/>\nEste Modelo Banco N\u00f3rdico Anahi tiene un dise\u00f1o innovador de Estilo N\u00f3rdico el cual combina perfectamente con mobiliario realizado en madera maciza &amp; tambien con piezas en hierro de estilo industrial. Realizado en madera maciza de cipr\u00e9s o para\u00edso con tratamiento de laca poliuretanica para su uso tanto interior como exterior. Para utilizarlo como banco recbidor en la entrada de tu casa, como pie de cama para tu habitacion o para complementar esa mesa de comedor, galeria o quincho.<br \/>\nBanco N\u00f3rdico Anah\u00ed<br \/>\nIdeal para combianarlo con otros mobiliarios del est\u00edlo, complementar tus espacios y bridarle ese toque de dise\u00f1o moderno a tu hogar.<br \/>\nMEDIDAS:<br \/>\n115 x 35 x 45h<br \/>\nProducto que se realiza bajo pedido y a medida.<\/p>","protected":false},"excerpt":{"rendered":"<p>Banco Anah\u00ed Este Modelo Banco N\u00f3rdico Anahi tiene un dise\u00f1o innovador de Estilo N\u00f3rdico el cual combina perfectamente con mobiliario realizado en madera maciza &amp; tambien con piezas en hierro de estilo industrial. Realizado en madera maciza de cipr\u00e9s o para\u00edso con tratamiento de laca poliuretanica para su uso tanto interior como exterior. Para utilizarlo [&hellip;]<\/p>","protected":false},"featured_media":2898,"comment_status":"closed","ping_status":"closed","template":"","meta":{"inline_featured_image":false,"_joinchat":[]},"product_cat":[139,175],"product_tag":[],"class_list":["post-1821","product","type-product","status-publish","has-post-thumbnail","hentry","product_cat-galeria","product_cat-comedor-galeria"],"yoast_head":"<!-- This site is optimized with the Yoast SEO plugin v26.5 - https:\/\/yoast.com\/wordpress\/plugins\/seo\/ -->\n<title>Banco &quot;Anahi&quot; - Cocon<\/title>\n<meta name=\"robots\" content=\"noindex, follow, max-snippet:-1, max-image-preview:large, max-video-preview:-1\" \/>\n<meta property=\"og:locale\" content=\"es_ES\" \/>\n<meta property=\"og:type\" content=\"article\" \/>\n<meta property=\"og:title\" content=\"Banco &quot;Anahi&quot; - Cocon\" \/>\n<meta property=\"og:description\" content=\"Banco Anah\u00ed Este Modelo Banco N\u00f3rdico Anahi tiene un dise\u00f1o innovador de Estilo N\u00f3rdico el cual combina perfectamente con mobiliario realizado en madera maciza &amp; tambien con piezas en hierro de estilo industrial. Realizado en madera maciza de cipr\u00e9s o para\u00edso con tratamiento de laca poliuretanica para su uso tanto interior como exterior. Para utilizarlo [&hellip;]\" \/>\n<meta property=\"og:url\" content=\"https:\/\/cocon.com.ar\/es\/product\/banco-anahi\/\" \/>\n<meta property=\"og:site_name\" content=\"Cocon\" \/>\n<meta property=\"article:publisher\" content=\"http:\/\/facebook.com\/cocon.muebles\" \/>\n<meta property=\"article:modified_time\" content=\"2023-10-25T15:32:37+00:00\" \/>\n<meta property=\"og:image\" content=\"https:\/\/cocon.com.ar\/wp-content\/uploads\/2023\/08\/6b476d8dbd1dd783d97c0e95a68e0d6a.jpg\" \/>\n\t<meta property=\"og:image:width\" content=\"564\" \/>\n\t<meta property=\"og:image:height\" content=\"696\" \/>\n\t<meta property=\"og:image:type\" content=\"image\/jpeg\" \/>\n<meta name=\"twitter:card\" content=\"summary_large_image\" \/>\n<meta name=\"twitter:label1\" content=\"Tiempo de lectura\" \/>\n\t<meta name=\"twitter:data1\" content=\"1 minuto\" \/>\n<script type=\"application\/ld+json\" class=\"yoast-schema-graph\">{\"@context\":\"https:\/\/schema.org\",\"@graph\":[{\"@type\":\"WebPage\",\"@id\":\"https:\/\/cocon.com.ar\/product\/banco-anahi\/\",\"url\":\"https:\/\/cocon.com.ar\/product\/banco-anahi\/\",\"name\":\"Banco \\\"Anahi\\\" - Cocon\",\"isPartOf\":{\"@id\":\"https:\/\/cocon.com.ar\/#website\"},\"primaryImageOfPage\":{\"@id\":\"https:\/\/cocon.com.ar\/product\/banco-anahi\/#primaryimage\"},\"image\":{\"@id\":\"https:\/\/cocon.com.ar\/product\/banco-anahi\/#primaryimage\"},\"thumbnailUrl\":\"https:\/\/cocon.com.ar\/wp-content\/uploads\/2023\/08\/6b476d8dbd1dd783d97c0e95a68e0d6a.jpg\",\"datePublished\":\"2023-08-01T11:47:32+00:00\",\"dateModified\":\"2023-10-25T15:32:37+00:00\",\"breadcrumb\":{\"@id\":\"https:\/\/cocon.com.ar\/product\/banco-anahi\/#breadcrumb\"},\"inLanguage\":\"es-AR\",\"potentialAction\":[{\"@type\":\"ReadAction\",\"target\":[\"https:\/\/cocon.com.ar\/product\/banco-anahi\/\"]}]},{\"@type\":\"ImageObject\",\"inLanguage\":\"es-AR\",\"@id\":\"https:\/\/cocon.com.ar\/product\/banco-anahi\/#primaryimage\",\"url\":\"https:\/\/cocon.com.ar\/wp-content\/uploads\/2023\/08\/6b476d8dbd1dd783d97c0e95a68e0d6a.jpg\",\"contentUrl\":\"https:\/\/cocon.com.ar\/wp-content\/uploads\/2023\/08\/6b476d8dbd1dd783d97c0e95a68e0d6a.jpg\",\"width\":564,\"height\":696},{\"@type\":\"BreadcrumbList\",\"@id\":\"https:\/\/cocon.com.ar\/product\/banco-anahi\/#breadcrumb\",\"itemListElement\":[{\"@type\":\"ListItem\",\"position\":1,\"name\":\"Portada\",\"item\":\"https:\/\/cocon.com.ar\/\"},{\"@type\":\"ListItem\",\"position\":2,\"name\":\"Shop\",\"item\":\"https:\/\/cocon.com.ar\/shop\/\"},{\"@type\":\"ListItem\",\"position\":3,\"name\":\"Banco &#8220;Anahi&#8221;\"}]},{\"@type\":\"WebSite\",\"@id\":\"https:\/\/cocon.com.ar\/#website\",\"url\":\"https:\/\/cocon.com.ar\/\",\"name\":\"Cocon\",\"description\":\"Estudio de Interiorismo_ Styling &amp; Deco\",\"publisher\":{\"@id\":\"https:\/\/cocon.com.ar\/#organization\"},\"potentialAction\":[{\"@type\":\"SearchAction\",\"target\":{\"@type\":\"EntryPoint\",\"urlTemplate\":\"https:\/\/cocon.com.ar\/?s={search_term_string}\"},\"query-input\":{\"@type\":\"PropertyValueSpecification\",\"valueRequired\":true,\"valueName\":\"search_term_string\"}}],\"inLanguage\":\"es-AR\"},{\"@type\":\"Organization\",\"@id\":\"https:\/\/cocon.com.ar\/#organization\",\"name\":\"Cocon\",\"url\":\"https:\/\/cocon.com.ar\/\",\"logo\":{\"@type\":\"ImageObject\",\"inLanguage\":\"es-AR\",\"@id\":\"https:\/\/cocon.com.ar\/#\/schema\/logo\/image\/\",\"url\":\"https:\/\/cocon.com.ar\/wp-content\/uploads\/2023\/09\/cropped-cropped-ei_1695218943890-removebg-preview.png\",\"contentUrl\":\"https:\/\/cocon.com.ar\/wp-content\/uploads\/2023\/09\/cropped-cropped-ei_1695218943890-removebg-preview.png\",\"width\":512,\"height\":341,\"caption\":\"Cocon\"},\"image\":{\"@id\":\"https:\/\/cocon.com.ar\/#\/schema\/logo\/image\/\"},\"sameAs\":[\"http:\/\/facebook.com\/cocon.muebles\",\"https:\/\/www.instagram.com\/cocon.deco\",\"https:\/\/www.youtube.com\/@cocon663\"]}]}<\/script>\n<!-- \/ Yoast SEO plugin. -->","yoast_head_json":{"title":"Banco \"Anahi\" - Cocon","robots":{"index":"noindex","follow":"follow","max-snippet":"max-snippet:-1","max-image-preview":"max-image-preview:large","max-video-preview":"max-video-preview:-1"},"og_locale":"es_ES","og_type":"article","og_title":"Banco \"Anahi\" - Cocon","og_description":"Banco Anah\u00ed Este Modelo Banco N\u00f3rdico Anahi tiene un dise\u00f1o innovador de Estilo N\u00f3rdico el cual combina perfectamente con mobiliario realizado en madera maciza &amp; tambien con piezas en hierro de estilo industrial. Realizado en madera maciza de cipr\u00e9s o para\u00edso con tratamiento de laca poliuretanica para su uso tanto interior como exterior. Para utilizarlo [&hellip;]","og_url":"https:\/\/cocon.com.ar\/es\/product\/banco-anahi\/","og_site_name":"Cocon","article_publisher":"http:\/\/facebook.com\/cocon.muebles","article_modified_time":"2023-10-25T15:32:37+00:00","og_image":[{"width":564,"height":696,"url":"https:\/\/cocon.com.ar\/wp-content\/uploads\/2023\/08\/6b476d8dbd1dd783d97c0e95a68e0d6a.jpg","type":"image\/jpeg"}],"twitter_card":"summary_large_image","twitter_misc":{"Tiempo de lectura":"1 minuto"},"schema":{"@context":"https:\/\/schema.org","@graph":[{"@type":"WebPage","@id":"https:\/\/cocon.com.ar\/product\/banco-anahi\/","url":"https:\/\/cocon.com.ar\/product\/banco-anahi\/","name":"Banco \"Anahi\" - Cocon","isPartOf":{"@id":"https:\/\/cocon.com.ar\/#website"},"primaryImageOfPage":{"@id":"https:\/\/cocon.com.ar\/product\/banco-anahi\/#primaryimage"},"image":{"@id":"https:\/\/cocon.com.ar\/product\/banco-anahi\/#primaryimage"},"thumbnailUrl":"https:\/\/cocon.com.ar\/wp-content\/uploads\/2023\/08\/6b476d8dbd1dd783d97c0e95a68e0d6a.jpg","datePublished":"2023-08-01T11:47:32+00:00","dateModified":"2023-10-25T15:32:37+00:00","breadcrumb":{"@id":"https:\/\/cocon.com.ar\/product\/banco-anahi\/#breadcrumb"},"inLanguage":"es-AR","potentialAction":[{"@type":"ReadAction","target":["https:\/\/cocon.com.ar\/product\/banco-anahi\/"]}]},{"@type":"ImageObject","inLanguage":"es-AR","@id":"https:\/\/cocon.com.ar\/product\/banco-anahi\/#primaryimage","url":"https:\/\/cocon.com.ar\/wp-content\/uploads\/2023\/08\/6b476d8dbd1dd783d97c0e95a68e0d6a.jpg","contentUrl":"https:\/\/cocon.com.ar\/wp-content\/uploads\/2023\/08\/6b476d8dbd1dd783d97c0e95a68e0d6a.jpg","width":564,"height":696},{"@type":"BreadcrumbList","@id":"https:\/\/cocon.com.ar\/product\/banco-anahi\/#breadcrumb","itemListElement":[{"@type":"ListItem","position":1,"name":"Portada","item":"https:\/\/cocon.com.ar\/"},{"@type":"ListItem","position":2,"name":"Shop","item":"https:\/\/cocon.com.ar\/shop\/"},{"@type":"ListItem","position":3,"name":"Banco &#8220;Anahi&#8221;"}]},{"@type":"WebSite","@id":"https:\/\/cocon.com.ar\/#website","url":"https:\/\/cocon.com.ar\/","name":"Cocon","description":"Estudio de Interiorismo_ Styling &amp; Deco","publisher":{"@id":"https:\/\/cocon.com.ar\/#organization"},"potentialAction":[{"@type":"SearchAction","target":{"@type":"EntryPoint","urlTemplate":"https:\/\/cocon.com.ar\/?s={search_term_string}"},"query-input":{"@type":"PropertyValueSpecification","valueRequired":true,"valueName":"search_term_string"}}],"inLanguage":"es-AR"},{"@type":"Organization","@id":"https:\/\/cocon.com.ar\/#organization","name":"Cocon","url":"https:\/\/cocon.com.ar\/","logo":{"@type":"ImageObject","inLanguage":"es-AR","@id":"https:\/\/cocon.com.ar\/#\/schema\/logo\/image\/","url":"https:\/\/cocon.com.ar\/wp-content\/uploads\/2023\/09\/cropped-cropped-ei_1695218943890-removebg-preview.png","contentUrl":"https:\/\/cocon.com.ar\/wp-content\/uploads\/2023\/09\/cropped-cropped-ei_1695218943890-removebg-preview.png","width":512,"height":341,"caption":"Cocon"},"image":{"@id":"https:\/\/cocon.com.ar\/#\/schema\/logo\/image\/"},"sameAs":["http:\/\/facebook.com\/cocon.muebles","https:\/\/www.instagram.com\/cocon.deco","https:\/\/www.youtube.com\/@cocon663"]}]}},"_links":{"self":[{"href":"https:\/\/cocon.com.ar\/es\/wp-json\/wp\/v2\/product\/1821","targetHints":{"allow":["GET"]}}],"collection":[{"href":"https:\/\/cocon.com.ar\/es\/wp-json\/wp\/v2\/product"}],"about":[{"href":"https:\/\/cocon.com.ar\/es\/wp-json\/wp\/v2\/types\/product"}],"replies":[{"embeddable":true,"href":"https:\/\/cocon.com.ar\/es\/wp-json\/wp\/v2\/comments?post=1821"}],"wp:featuredmedia":[{"embeddable":true,"href":"https:\/\/cocon.com.ar\/es\/wp-json\/wp\/v2\/media\/2898"}],"wp:attachment":[{"href":"https:\/\/cocon.com.ar\/es\/wp-json\/wp\/v2\/media?parent=1821"}],"wp:term":[{"taxonomy":"product_cat","embeddable":true,"href":"https:\/\/cocon.com.ar\/es\/wp-json\/wp\/v2\/product_cat?post=1821"},{"taxonomy":"product_tag","embeddable":true,"href":"https:\/\/cocon.com.ar\/es\/wp-json\/wp\/v2\/product_tag?post=1821"}],"curies":[{"name":"wp","href":"https:\/\/api.w.org\/{rel}","templated":true}]}}