{"id":1924,"date":"2023-08-01T11:47:53","date_gmt":"2023-08-01T11:47:53","guid":{"rendered":"https:\/\/cocon.com.ar\/?post_type=product&#038;p=1924"},"modified":"2023-08-01T11:47:54","modified_gmt":"2023-08-01T11:47:54","slug":"aparador-singapur","status":"publish","type":"product","link":"https:\/\/cocon.com.ar\/es\/product\/aparador-singapur\/","title":{"rendered":"Aparador Singapur"},"content":{"rendered":"<p>Este modelo se inspir\u00f3 en el estilo de dise\u00f1o de la Toscana italiana, con tapa en marmol o mdf blanco laqueado. y base de Madera maciza de Lenga.<br \/>\nElaborado con maestr\u00eda de madera maciza y de ingenier\u00eda.<br \/>\nSe termin\u00f3 con un proceso de varios pasos que resalta el grano natural de la madera. Patas torneadas a mano, con estilo artesanal. cajones solidos y resistentes.<br \/>\nEl uso de carillas da como resultado muebles de alta calidad que tienen superficies impecables y tonos de color consistentes, y que no estar\u00e1n sujetos a agrietamiento.<\/p>\n<p>DIMENSIONES:<br \/>\n140 cm ancho<\/p>\n<p>40 cm profundidad<\/p>\n<p>80 cm alto<\/p>","protected":false},"excerpt":{"rendered":"<p>Este modelo se inspir\u00f3 en el estilo de dise\u00f1o de la Toscana italiana, con tapa en marmol o mdf blanco laqueado. y base de Madera maciza de Lenga. Elaborado con maestr\u00eda de madera maciza y de ingenier\u00eda. Se termin\u00f3 con un proceso de varios pasos que resalta el grano natural de la madera. Patas torneadas [&hellip;]<\/p>","protected":false},"featured_media":0,"comment_status":"open","ping_status":"closed","template":"","meta":{"inline_featured_image":false,"_joinchat":[]},"product_cat":[15],"product_tag":[],"class_list":["post-1924","product","type-product","status-publish","hentry","product_cat-varios"],"yoast_head":"<!-- This site is optimized with the Yoast SEO plugin v26.5 - https:\/\/yoast.com\/wordpress\/plugins\/seo\/ -->\n<title>Aparador Singapur - Cocon<\/title>\n<meta name=\"robots\" content=\"noindex, follow, max-snippet:-1, max-image-preview:large, max-video-preview:-1\" \/>\n<meta property=\"og:locale\" content=\"es_ES\" \/>\n<meta property=\"og:type\" content=\"article\" \/>\n<meta property=\"og:title\" content=\"Aparador Singapur - Cocon\" \/>\n<meta property=\"og:description\" content=\"Este modelo se inspir\u00f3 en el estilo de dise\u00f1o de la Toscana italiana, con tapa en marmol o mdf blanco laqueado. y base de Madera maciza de Lenga. Elaborado con maestr\u00eda de madera maciza y de ingenier\u00eda. Se termin\u00f3 con un proceso de varios pasos que resalta el grano natural de la madera. Patas torneadas [&hellip;]\" \/>\n<meta property=\"og:url\" content=\"https:\/\/cocon.com.ar\/es\/product\/aparador-singapur\/\" \/>\n<meta property=\"og:site_name\" content=\"Cocon\" \/>\n<meta property=\"article:publisher\" content=\"http:\/\/facebook.com\/cocon.muebles\" \/>\n<meta property=\"article:modified_time\" content=\"2023-08-01T11:47:54+00:00\" \/>\n<meta name=\"twitter:card\" content=\"summary_large_image\" \/>\n<meta name=\"twitter:label1\" content=\"Tiempo de lectura\" \/>\n\t<meta name=\"twitter:data1\" content=\"1 minuto\" \/>\n<script type=\"application\/ld+json\" class=\"yoast-schema-graph\">{\"@context\":\"https:\/\/schema.org\",\"@graph\":[{\"@type\":\"WebPage\",\"@id\":\"https:\/\/cocon.com.ar\/product\/aparador-singapur\/\",\"url\":\"https:\/\/cocon.com.ar\/product\/aparador-singapur\/\",\"name\":\"Aparador Singapur - Cocon\",\"isPartOf\":{\"@id\":\"https:\/\/cocon.com.ar\/#website\"},\"datePublished\":\"2023-08-01T11:47:53+00:00\",\"dateModified\":\"2023-08-01T11:47:54+00:00\",\"breadcrumb\":{\"@id\":\"https:\/\/cocon.com.ar\/product\/aparador-singapur\/#breadcrumb\"},\"inLanguage\":\"es-AR\",\"potentialAction\":[{\"@type\":\"ReadAction\",\"target\":[\"https:\/\/cocon.com.ar\/product\/aparador-singapur\/\"]}]},{\"@type\":\"BreadcrumbList\",\"@id\":\"https:\/\/cocon.com.ar\/product\/aparador-singapur\/#breadcrumb\",\"itemListElement\":[{\"@type\":\"ListItem\",\"position\":1,\"name\":\"Portada\",\"item\":\"https:\/\/cocon.com.ar\/\"},{\"@type\":\"ListItem\",\"position\":2,\"name\":\"Shop\",\"item\":\"https:\/\/cocon.com.ar\/shop\/\"},{\"@type\":\"ListItem\",\"position\":3,\"name\":\"Aparador Singapur\"}]},{\"@type\":\"WebSite\",\"@id\":\"https:\/\/cocon.com.ar\/#website\",\"url\":\"https:\/\/cocon.com.ar\/\",\"name\":\"Cocon\",\"description\":\"Estudio de Interiorismo_ Styling &amp; Deco\",\"publisher\":{\"@id\":\"https:\/\/cocon.com.ar\/#organization\"},\"potentialAction\":[{\"@type\":\"SearchAction\",\"target\":{\"@type\":\"EntryPoint\",\"urlTemplate\":\"https:\/\/cocon.com.ar\/?s={search_term_string}\"},\"query-input\":{\"@type\":\"PropertyValueSpecification\",\"valueRequired\":true,\"valueName\":\"search_term_string\"}}],\"inLanguage\":\"es-AR\"},{\"@type\":\"Organization\",\"@id\":\"https:\/\/cocon.com.ar\/#organization\",\"name\":\"Cocon\",\"url\":\"https:\/\/cocon.com.ar\/\",\"logo\":{\"@type\":\"ImageObject\",\"inLanguage\":\"es-AR\",\"@id\":\"https:\/\/cocon.com.ar\/#\/schema\/logo\/image\/\",\"url\":\"https:\/\/cocon.com.ar\/wp-content\/uploads\/2023\/09\/cropped-cropped-ei_1695218943890-removebg-preview.png\",\"contentUrl\":\"https:\/\/cocon.com.ar\/wp-content\/uploads\/2023\/09\/cropped-cropped-ei_1695218943890-removebg-preview.png\",\"width\":512,\"height\":341,\"caption\":\"Cocon\"},\"image\":{\"@id\":\"https:\/\/cocon.com.ar\/#\/schema\/logo\/image\/\"},\"sameAs\":[\"http:\/\/facebook.com\/cocon.muebles\",\"https:\/\/www.instagram.com\/cocon.deco\",\"https:\/\/www.youtube.com\/@cocon663\"]}]}<\/script>\n<!-- \/ Yoast SEO plugin. -->","yoast_head_json":{"title":"Aparador Singapur - Cocon","robots":{"index":"noindex","follow":"follow","max-snippet":"max-snippet:-1","max-image-preview":"max-image-preview:large","max-video-preview":"max-video-preview:-1"},"og_locale":"es_ES","og_type":"article","og_title":"Aparador Singapur - Cocon","og_description":"Este modelo se inspir\u00f3 en el estilo de dise\u00f1o de la Toscana italiana, con tapa en marmol o mdf blanco laqueado. y base de Madera maciza de Lenga. Elaborado con maestr\u00eda de madera maciza y de ingenier\u00eda. Se termin\u00f3 con un proceso de varios pasos que resalta el grano natural de la madera. Patas torneadas [&hellip;]","og_url":"https:\/\/cocon.com.ar\/es\/product\/aparador-singapur\/","og_site_name":"Cocon","article_publisher":"http:\/\/facebook.com\/cocon.muebles","article_modified_time":"2023-08-01T11:47:54+00:00","twitter_card":"summary_large_image","twitter_misc":{"Tiempo de lectura":"1 minuto"},"schema":{"@context":"https:\/\/schema.org","@graph":[{"@type":"WebPage","@id":"https:\/\/cocon.com.ar\/product\/aparador-singapur\/","url":"https:\/\/cocon.com.ar\/product\/aparador-singapur\/","name":"Aparador Singapur - Cocon","isPartOf":{"@id":"https:\/\/cocon.com.ar\/#website"},"datePublished":"2023-08-01T11:47:53+00:00","dateModified":"2023-08-01T11:47:54+00:00","breadcrumb":{"@id":"https:\/\/cocon.com.ar\/product\/aparador-singapur\/#breadcrumb"},"inLanguage":"es-AR","potentialAction":[{"@type":"ReadAction","target":["https:\/\/cocon.com.ar\/product\/aparador-singapur\/"]}]},{"@type":"BreadcrumbList","@id":"https:\/\/cocon.com.ar\/product\/aparador-singapur\/#breadcrumb","itemListElement":[{"@type":"ListItem","position":1,"name":"Portada","item":"https:\/\/cocon.com.ar\/"},{"@type":"ListItem","position":2,"name":"Shop","item":"https:\/\/cocon.com.ar\/shop\/"},{"@type":"ListItem","position":3,"name":"Aparador Singapur"}]},{"@type":"WebSite","@id":"https:\/\/cocon.com.ar\/#website","url":"https:\/\/cocon.com.ar\/","name":"Cocon","description":"Estudio de Interiorismo_ Styling &amp; Deco","publisher":{"@id":"https:\/\/cocon.com.ar\/#organization"},"potentialAction":[{"@type":"SearchAction","target":{"@type":"EntryPoint","urlTemplate":"https:\/\/cocon.com.ar\/?s={search_term_string}"},"query-input":{"@type":"PropertyValueSpecification","valueRequired":true,"valueName":"search_term_string"}}],"inLanguage":"es-AR"},{"@type":"Organization","@id":"https:\/\/cocon.com.ar\/#organization","name":"Cocon","url":"https:\/\/cocon.com.ar\/","logo":{"@type":"ImageObject","inLanguage":"es-AR","@id":"https:\/\/cocon.com.ar\/#\/schema\/logo\/image\/","url":"https:\/\/cocon.com.ar\/wp-content\/uploads\/2023\/09\/cropped-cropped-ei_1695218943890-removebg-preview.png","contentUrl":"https:\/\/cocon.com.ar\/wp-content\/uploads\/2023\/09\/cropped-cropped-ei_1695218943890-removebg-preview.png","width":512,"height":341,"caption":"Cocon"},"image":{"@id":"https:\/\/cocon.com.ar\/#\/schema\/logo\/image\/"},"sameAs":["http:\/\/facebook.com\/cocon.muebles","https:\/\/www.instagram.com\/cocon.deco","https:\/\/www.youtube.com\/@cocon663"]}]}},"_links":{"self":[{"href":"https:\/\/cocon.com.ar\/es\/wp-json\/wp\/v2\/product\/1924","targetHints":{"allow":["GET"]}}],"collection":[{"href":"https:\/\/cocon.com.ar\/es\/wp-json\/wp\/v2\/product"}],"about":[{"href":"https:\/\/cocon.com.ar\/es\/wp-json\/wp\/v2\/types\/product"}],"replies":[{"embeddable":true,"href":"https:\/\/cocon.com.ar\/es\/wp-json\/wp\/v2\/comments?post=1924"}],"wp:attachment":[{"href":"https:\/\/cocon.com.ar\/es\/wp-json\/wp\/v2\/media?parent=1924"}],"wp:term":[{"taxonomy":"product_cat","embeddable":true,"href":"https:\/\/cocon.com.ar\/es\/wp-json\/wp\/v2\/product_cat?post=1924"},{"taxonomy":"product_tag","embeddable":true,"href":"https:\/\/cocon.com.ar\/es\/wp-json\/wp\/v2\/product_tag?post=1924"}],"curies":[{"name":"wp","href":"https:\/\/api.w.org\/{rel}","templated":true}]}}