{"id":1934,"date":"2023-08-01T11:47:56","date_gmt":"2023-08-01T11:47:56","guid":{"rendered":"https:\/\/cocon.com.ar\/?post_type=product&#038;p=1934"},"modified":"2023-09-13T19:07:15","modified_gmt":"2023-09-13T19:07:15","slug":"silla-wishbone","status":"publish","type":"product","link":"https:\/\/cocon.com.ar\/es\/product\/silla-wishbone\/","title":{"rendered":"Silla Wishbone"},"content":{"rendered":"<p>Silla Wishbone<br \/>\nEn la Silla Wishbone su dise\u00f1o est\u00e1 inspirado en el modelo wishbone, realizado en su estructura en madera maciza de olmo &amp; entramada en hilo kraft, su formato es lo que la convierte en una pieza diferencial y de dise\u00f1o. De estilo N\u00f3rdico, ideal para complementar con la mesa de tu cocina, comedor, galer\u00eda o en espacios gastron\u00f3micos modernos. Combinable con variedad de art\u00edculos de mobiliario de estilo escandinavo, a tono con colores neutros y pasteles.<\/p>\n<p>Silla Moderna<br \/>\nSilla de Dise\u00f1o, moderna, de estilo n\u00f3rdico- escandinavo<br \/>\nEsta silla viene en distintos colores, negro, blanco, camel, verde agua entre otros.<br \/>\nEs la acompa\u00f1ante ideal de tu mesa de comedor o galer\u00eda, ya que son aptas interior y exterior.<br \/>\nC\u00f3modas y vers\u00e1tiles, se adaptan a todos los ambientes y estilos. Miles de resto y bares estan usando nuestras sillas por su forma de apilar y su comodidad. tienen un peso de 5 kilos, y resisten casi 130 kilos de peso. Somos fabricantes directos y contamos con stock constantemente. Podemos realizar otros modelos de sillas, banquetas y sillones similares.<\/p>\n<p>MATERIALES:<br \/>\nMadera Maciza de Olmo &amp; entramada en Hilo Kraft<br \/>\nColores: Madera,\u00a0 Madera &amp; Negro.<\/p>","protected":false},"excerpt":{"rendered":"<p>Silla Wishbone En la Silla Wishbone su dise\u00f1o est\u00e1 inspirado en el modelo wishbone, realizado en su estructura en madera maciza de olmo &amp; entramada en hilo kraft, su formato es lo que la convierte en una pieza diferencial y de dise\u00f1o. De estilo N\u00f3rdico, ideal para complementar con la mesa de tu cocina, comedor, [&hellip;]<\/p>","protected":false},"featured_media":2839,"comment_status":"closed","ping_status":"closed","template":"","meta":{"inline_featured_image":false,"_joinchat":[]},"product_cat":[138,134],"product_tag":[197,157,148,203,189,217,216],"class_list":["post-1934","product","type-product","status-publish","has-post-thumbnail","hentry","product_cat-comedor","product_cat-sillas","product_tag-diseno","product_tag-galeria","product_tag-interior","product_tag-silla-comedor","product_tag-silla-de-diseno","product_tag-silla-kraft","product_tag-silla-madera"],"yoast_head":"<!-- This site is optimized with the Yoast SEO plugin v26.5 - https:\/\/yoast.com\/wordpress\/plugins\/seo\/ -->\n<title>Silla Wishbone - Cocon - Somos Fabricantes - Silla Wishbone<\/title>\n<meta name=\"description\" content=\"\u00a1Incre\u00edble silla n\u00f3rdica! No te pierdas la oportunidad de tener las tuyas. ingresa a nuestra tienda para ver colores y m\u00e1s modelos. Consultar Stock!\" \/>\n<meta name=\"robots\" content=\"noindex, follow, max-snippet:-1, max-image-preview:large, max-video-preview:-1\" \/>\n<meta property=\"og:locale\" content=\"es_ES\" \/>\n<meta property=\"og:type\" content=\"article\" \/>\n<meta property=\"og:title\" content=\"Silla Wishbone - Cocon - Somos Fabricantes - Silla Wishbone\" \/>\n<meta property=\"og:description\" content=\"\u00a1Incre\u00edble silla n\u00f3rdica! No te pierdas la oportunidad de tener las tuyas. ingresa a nuestra tienda para ver colores y m\u00e1s modelos. Consultar Stock!\" \/>\n<meta property=\"og:url\" content=\"https:\/\/cocon.com.ar\/es\/product\/silla-wishbone\/\" \/>\n<meta property=\"og:site_name\" content=\"Cocon\" \/>\n<meta property=\"article:publisher\" content=\"http:\/\/facebook.com\/cocon.muebles\" \/>\n<meta property=\"article:modified_time\" content=\"2023-09-13T19:07:15+00:00\" \/>\n<meta property=\"og:image\" content=\"https:\/\/cocon.com.ar\/wp-content\/uploads\/2023\/08\/silla-wishbone.png\" \/>\n\t<meta property=\"og:image:width\" content=\"600\" \/>\n\t<meta property=\"og:image:height\" content=\"600\" \/>\n\t<meta property=\"og:image:type\" content=\"image\/png\" \/>\n<meta name=\"twitter:card\" content=\"summary_large_image\" \/>\n<meta name=\"twitter:label1\" content=\"Tiempo de lectura\" \/>\n\t<meta name=\"twitter:data1\" content=\"1 minuto\" \/>\n<script type=\"application\/ld+json\" class=\"yoast-schema-graph\">{\"@context\":\"https:\/\/schema.org\",\"@graph\":[{\"@type\":\"WebPage\",\"@id\":\"https:\/\/cocon.com.ar\/product\/silla-wishbone\/\",\"url\":\"https:\/\/cocon.com.ar\/product\/silla-wishbone\/\",\"name\":\"Silla Wishbone - Cocon - Somos Fabricantes - Silla Wishbone\",\"isPartOf\":{\"@id\":\"https:\/\/cocon.com.ar\/#website\"},\"primaryImageOfPage\":{\"@id\":\"https:\/\/cocon.com.ar\/product\/silla-wishbone\/#primaryimage\"},\"image\":{\"@id\":\"https:\/\/cocon.com.ar\/product\/silla-wishbone\/#primaryimage\"},\"thumbnailUrl\":\"https:\/\/cocon.com.ar\/wp-content\/uploads\/2023\/08\/silla-wishbone.png\",\"datePublished\":\"2023-08-01T11:47:56+00:00\",\"dateModified\":\"2023-09-13T19:07:15+00:00\",\"description\":\"\u00a1Incre\u00edble silla n\u00f3rdica! No te pierdas la oportunidad de tener las tuyas. ingresa a nuestra tienda para ver colores y m\u00e1s modelos. Consultar Stock!\",\"breadcrumb\":{\"@id\":\"https:\/\/cocon.com.ar\/product\/silla-wishbone\/#breadcrumb\"},\"inLanguage\":\"es-AR\",\"potentialAction\":[{\"@type\":\"ReadAction\",\"target\":[\"https:\/\/cocon.com.ar\/product\/silla-wishbone\/\"]}]},{\"@type\":\"ImageObject\",\"inLanguage\":\"es-AR\",\"@id\":\"https:\/\/cocon.com.ar\/product\/silla-wishbone\/#primaryimage\",\"url\":\"https:\/\/cocon.com.ar\/wp-content\/uploads\/2023\/08\/silla-wishbone.png\",\"contentUrl\":\"https:\/\/cocon.com.ar\/wp-content\/uploads\/2023\/08\/silla-wishbone.png\",\"width\":600,\"height\":600},{\"@type\":\"BreadcrumbList\",\"@id\":\"https:\/\/cocon.com.ar\/product\/silla-wishbone\/#breadcrumb\",\"itemListElement\":[{\"@type\":\"ListItem\",\"position\":1,\"name\":\"Portada\",\"item\":\"https:\/\/cocon.com.ar\/\"},{\"@type\":\"ListItem\",\"position\":2,\"name\":\"Shop\",\"item\":\"https:\/\/cocon.com.ar\/shop\/\"},{\"@type\":\"ListItem\",\"position\":3,\"name\":\"Silla Wishbone\"}]},{\"@type\":\"WebSite\",\"@id\":\"https:\/\/cocon.com.ar\/#website\",\"url\":\"https:\/\/cocon.com.ar\/\",\"name\":\"Cocon\",\"description\":\"Estudio de Interiorismo_ Styling &amp; Deco\",\"publisher\":{\"@id\":\"https:\/\/cocon.com.ar\/#organization\"},\"potentialAction\":[{\"@type\":\"SearchAction\",\"target\":{\"@type\":\"EntryPoint\",\"urlTemplate\":\"https:\/\/cocon.com.ar\/?s={search_term_string}\"},\"query-input\":{\"@type\":\"PropertyValueSpecification\",\"valueRequired\":true,\"valueName\":\"search_term_string\"}}],\"inLanguage\":\"es-AR\"},{\"@type\":\"Organization\",\"@id\":\"https:\/\/cocon.com.ar\/#organization\",\"name\":\"Cocon\",\"url\":\"https:\/\/cocon.com.ar\/\",\"logo\":{\"@type\":\"ImageObject\",\"inLanguage\":\"es-AR\",\"@id\":\"https:\/\/cocon.com.ar\/#\/schema\/logo\/image\/\",\"url\":\"https:\/\/cocon.com.ar\/wp-content\/uploads\/2023\/09\/cropped-cropped-ei_1695218943890-removebg-preview.png\",\"contentUrl\":\"https:\/\/cocon.com.ar\/wp-content\/uploads\/2023\/09\/cropped-cropped-ei_1695218943890-removebg-preview.png\",\"width\":512,\"height\":341,\"caption\":\"Cocon\"},\"image\":{\"@id\":\"https:\/\/cocon.com.ar\/#\/schema\/logo\/image\/\"},\"sameAs\":[\"http:\/\/facebook.com\/cocon.muebles\",\"https:\/\/www.instagram.com\/cocon.deco\",\"https:\/\/www.youtube.com\/@cocon663\"]}]}<\/script>\n<!-- \/ Yoast SEO plugin. -->","yoast_head_json":{"title":"Silla Wishbone - Cocon - Somos Fabricantes - Silla Wishbone","description":"\u00a1Incre\u00edble silla n\u00f3rdica! No te pierdas la oportunidad de tener las tuyas. ingresa a nuestra tienda para ver colores y m\u00e1s modelos. Consultar Stock!","robots":{"index":"noindex","follow":"follow","max-snippet":"max-snippet:-1","max-image-preview":"max-image-preview:large","max-video-preview":"max-video-preview:-1"},"og_locale":"es_ES","og_type":"article","og_title":"Silla Wishbone - Cocon - Somos Fabricantes - Silla Wishbone","og_description":"\u00a1Incre\u00edble silla n\u00f3rdica! No te pierdas la oportunidad de tener las tuyas. ingresa a nuestra tienda para ver colores y m\u00e1s modelos. Consultar Stock!","og_url":"https:\/\/cocon.com.ar\/es\/product\/silla-wishbone\/","og_site_name":"Cocon","article_publisher":"http:\/\/facebook.com\/cocon.muebles","article_modified_time":"2023-09-13T19:07:15+00:00","og_image":[{"width":600,"height":600,"url":"https:\/\/cocon.com.ar\/wp-content\/uploads\/2023\/08\/silla-wishbone.png","type":"image\/png"}],"twitter_card":"summary_large_image","twitter_misc":{"Tiempo de lectura":"1 minuto"},"schema":{"@context":"https:\/\/schema.org","@graph":[{"@type":"WebPage","@id":"https:\/\/cocon.com.ar\/product\/silla-wishbone\/","url":"https:\/\/cocon.com.ar\/product\/silla-wishbone\/","name":"Silla Wishbone - Cocon - Somos Fabricantes - Silla Wishbone","isPartOf":{"@id":"https:\/\/cocon.com.ar\/#website"},"primaryImageOfPage":{"@id":"https:\/\/cocon.com.ar\/product\/silla-wishbone\/#primaryimage"},"image":{"@id":"https:\/\/cocon.com.ar\/product\/silla-wishbone\/#primaryimage"},"thumbnailUrl":"https:\/\/cocon.com.ar\/wp-content\/uploads\/2023\/08\/silla-wishbone.png","datePublished":"2023-08-01T11:47:56+00:00","dateModified":"2023-09-13T19:07:15+00:00","description":"\u00a1Incre\u00edble silla n\u00f3rdica! No te pierdas la oportunidad de tener las tuyas. ingresa a nuestra tienda para ver colores y m\u00e1s modelos. Consultar Stock!","breadcrumb":{"@id":"https:\/\/cocon.com.ar\/product\/silla-wishbone\/#breadcrumb"},"inLanguage":"es-AR","potentialAction":[{"@type":"ReadAction","target":["https:\/\/cocon.com.ar\/product\/silla-wishbone\/"]}]},{"@type":"ImageObject","inLanguage":"es-AR","@id":"https:\/\/cocon.com.ar\/product\/silla-wishbone\/#primaryimage","url":"https:\/\/cocon.com.ar\/wp-content\/uploads\/2023\/08\/silla-wishbone.png","contentUrl":"https:\/\/cocon.com.ar\/wp-content\/uploads\/2023\/08\/silla-wishbone.png","width":600,"height":600},{"@type":"BreadcrumbList","@id":"https:\/\/cocon.com.ar\/product\/silla-wishbone\/#breadcrumb","itemListElement":[{"@type":"ListItem","position":1,"name":"Portada","item":"https:\/\/cocon.com.ar\/"},{"@type":"ListItem","position":2,"name":"Shop","item":"https:\/\/cocon.com.ar\/shop\/"},{"@type":"ListItem","position":3,"name":"Silla Wishbone"}]},{"@type":"WebSite","@id":"https:\/\/cocon.com.ar\/#website","url":"https:\/\/cocon.com.ar\/","name":"Cocon","description":"Estudio de Interiorismo_ Styling &amp; Deco","publisher":{"@id":"https:\/\/cocon.com.ar\/#organization"},"potentialAction":[{"@type":"SearchAction","target":{"@type":"EntryPoint","urlTemplate":"https:\/\/cocon.com.ar\/?s={search_term_string}"},"query-input":{"@type":"PropertyValueSpecification","valueRequired":true,"valueName":"search_term_string"}}],"inLanguage":"es-AR"},{"@type":"Organization","@id":"https:\/\/cocon.com.ar\/#organization","name":"Cocon","url":"https:\/\/cocon.com.ar\/","logo":{"@type":"ImageObject","inLanguage":"es-AR","@id":"https:\/\/cocon.com.ar\/#\/schema\/logo\/image\/","url":"https:\/\/cocon.com.ar\/wp-content\/uploads\/2023\/09\/cropped-cropped-ei_1695218943890-removebg-preview.png","contentUrl":"https:\/\/cocon.com.ar\/wp-content\/uploads\/2023\/09\/cropped-cropped-ei_1695218943890-removebg-preview.png","width":512,"height":341,"caption":"Cocon"},"image":{"@id":"https:\/\/cocon.com.ar\/#\/schema\/logo\/image\/"},"sameAs":["http:\/\/facebook.com\/cocon.muebles","https:\/\/www.instagram.com\/cocon.deco","https:\/\/www.youtube.com\/@cocon663"]}]}},"_links":{"self":[{"href":"https:\/\/cocon.com.ar\/es\/wp-json\/wp\/v2\/product\/1934","targetHints":{"allow":["GET"]}}],"collection":[{"href":"https:\/\/cocon.com.ar\/es\/wp-json\/wp\/v2\/product"}],"about":[{"href":"https:\/\/cocon.com.ar\/es\/wp-json\/wp\/v2\/types\/product"}],"replies":[{"embeddable":true,"href":"https:\/\/cocon.com.ar\/es\/wp-json\/wp\/v2\/comments?post=1934"}],"wp:featuredmedia":[{"embeddable":true,"href":"https:\/\/cocon.com.ar\/es\/wp-json\/wp\/v2\/media\/2839"}],"wp:attachment":[{"href":"https:\/\/cocon.com.ar\/es\/wp-json\/wp\/v2\/media?parent=1934"}],"wp:term":[{"taxonomy":"product_cat","embeddable":true,"href":"https:\/\/cocon.com.ar\/es\/wp-json\/wp\/v2\/product_cat?post=1934"},{"taxonomy":"product_tag","embeddable":true,"href":"https:\/\/cocon.com.ar\/es\/wp-json\/wp\/v2\/product_tag?post=1934"}],"curies":[{"name":"wp","href":"https:\/\/api.w.org\/{rel}","templated":true}]}}