{"id":1947,"date":"2023-08-01T11:47:57","date_gmt":"2023-08-01T11:47:57","guid":{"rendered":"https:\/\/cocon.com.ar\/?post_type=product&#038;p=1947"},"modified":"2023-09-14T20:01:02","modified_gmt":"2023-09-14T20:01:02","slug":"sillon-capri","status":"publish","type":"product","link":"https:\/\/cocon.com.ar\/es\/product\/sillon-capri\/","title":{"rendered":"Sill\u00f3n Capri"},"content":{"rendered":"<h5><span style=\"font-weight: 400;\">Hermoso Sill\u00f3n Capri Individual estilo industrial moderno.<\/span><\/h5>\n<h5><span style=\"font-weight: 400;\">Es ideal para armar un completo juego de living tanto en espacios interiores como exteriores, y as\u00ed redecorar tu balc\u00f3n, terraza o galer\u00eda.<\/span><\/h5>\n<h5><span style=\"font-weight: 400;\">Adem\u00e1s es funcional para jardines de interior, se puede acompa\u00f1ar de una mesita tejida en la misma soga o de chapa &amp; hierro, y con mesitas r\u00fasticas de madera, por ejemplo.<\/span><\/h5>\n<h5><span style=\"font-weight: 400;\">Perfectamente cobinable con cualquier estilo y mobiliario.<\/span><\/h5>\n<h5><span style=\"font-weight: 400;\">Recomendable para espacios semi techados, como balcones o galer\u00edas<\/span><\/h5>\n<h5><span style=\"font-weight: 400;\">MATERIALES:<\/span><\/h5>\n<h5><span style=\"font-weight: 400;\">Estructura en Hierro macizo pintado a horno.<\/span><\/h5>\n<h5><span style=\"font-weight: 400;\">Encordado en Soga S\u00edmil Yute en color beige o negro (opcional) realizado en Polipr\u00f3pileno, apto interior como exterior, de secado r\u00e1pido, se lava con esponja h\u00fameda y detergente.<\/span><\/h5>\n<h5><b>Sill\u00f3n Industrial<\/b><\/h5>\n<h5><span style=\"font-weight: 400;\">Consultanos por el precio del combo y combinalos como quieras!<\/span><\/h5>\n<h5><span style=\"font-weight: 400;\">CUIDADO Y MANTENIMIENTO:<\/span><\/h5>\n<h5><span style=\"font-weight: 400;\">En espacios exteriores se recomienda que est\u00e9n semi techados o que se cubra con alguna funda para preservar el producto por largo tiempo.<\/span><\/h5>\n<h5><span style=\"font-weight: 400;\">No exponerlo al fuego o cerca del mismo, p0r ejemplo una parrilla.<\/span><\/h5>\n<h5><span style=\"font-weight: 400;\">Se puede limpiar con una pa\u00f1o o esponja h\u00fameda.<\/span><\/h5>\n<p>&nbsp;<\/p>","protected":false},"excerpt":{"rendered":"<p>Hermoso Sill\u00f3n Capri Individual estilo industrial moderno. Es ideal para armar un completo juego de living tanto en espacios interiores como exteriores, y as\u00ed redecorar tu balc\u00f3n, terraza o galer\u00eda. Adem\u00e1s es funcional para jardines de interior, se puede acompa\u00f1ar de una mesita tejida en la misma soga o de chapa &amp; hierro, y con [&hellip;]<\/p>","protected":false},"featured_media":2828,"comment_status":"closed","ping_status":"closed","template":"","meta":{"inline_featured_image":false,"_joinchat":[]},"product_cat":[139,174],"product_tag":[155,148,260,250,242],"class_list":["post-1947","product","type-product","status-publish","has-post-thumbnail","hentry","product_cat-galeria","product_cat-living-galeria","product_tag-exterior","product_tag-interior","product_tag-sillon-balcon","product_tag-sillon-exterior","product_tag-sillon-soga"],"yoast_head":"<!-- This site is optimized with the Yoast SEO plugin v26.5 - https:\/\/yoast.com\/wordpress\/plugins\/seo\/ -->\n<title>Sill\u00f3n Capri - Cocon - Somos Fabricantes - Sill\u00f3n Capri - Cocon<\/title>\n<meta name=\"description\" content=\"Increible sill\u00f3n exterior entramado en soga con estructura de hierro. Ideal para quincho, galerias y exteriores semi techados.\" \/>\n<meta name=\"robots\" content=\"noindex, follow, max-snippet:-1, max-image-preview:large, max-video-preview:-1\" \/>\n<meta property=\"og:locale\" content=\"es_ES\" \/>\n<meta property=\"og:type\" content=\"article\" \/>\n<meta property=\"og:title\" content=\"Sill\u00f3n Capri - Cocon - Somos Fabricantes - Sill\u00f3n Capri - Cocon\" \/>\n<meta property=\"og:description\" content=\"Increible sill\u00f3n exterior entramado en soga con estructura de hierro. Ideal para quincho, galerias y exteriores semi techados.\" \/>\n<meta property=\"og:url\" content=\"https:\/\/cocon.com.ar\/es\/product\/sillon-capri\/\" \/>\n<meta property=\"og:site_name\" content=\"Cocon\" \/>\n<meta property=\"article:publisher\" content=\"http:\/\/facebook.com\/cocon.muebles\" \/>\n<meta property=\"article:modified_time\" content=\"2023-09-14T20:01:02+00:00\" \/>\n<meta property=\"og:image\" content=\"https:\/\/cocon.com.ar\/wp-content\/uploads\/2023\/08\/banqueta-coni-8.png\" \/>\n\t<meta property=\"og:image:width\" content=\"600\" \/>\n\t<meta property=\"og:image:height\" content=\"600\" \/>\n\t<meta property=\"og:image:type\" content=\"image\/png\" \/>\n<meta name=\"twitter:card\" content=\"summary_large_image\" \/>\n<meta name=\"twitter:label1\" content=\"Tiempo de lectura\" \/>\n\t<meta name=\"twitter:data1\" content=\"1 minuto\" \/>\n<script type=\"application\/ld+json\" class=\"yoast-schema-graph\">{\"@context\":\"https:\/\/schema.org\",\"@graph\":[{\"@type\":\"WebPage\",\"@id\":\"https:\/\/cocon.com.ar\/product\/sillon-capri\/\",\"url\":\"https:\/\/cocon.com.ar\/product\/sillon-capri\/\",\"name\":\"Sill\u00f3n Capri - Cocon - Somos Fabricantes - Sill\u00f3n Capri - Cocon\",\"isPartOf\":{\"@id\":\"https:\/\/cocon.com.ar\/#website\"},\"primaryImageOfPage\":{\"@id\":\"https:\/\/cocon.com.ar\/product\/sillon-capri\/#primaryimage\"},\"image\":{\"@id\":\"https:\/\/cocon.com.ar\/product\/sillon-capri\/#primaryimage\"},\"thumbnailUrl\":\"https:\/\/cocon.com.ar\/wp-content\/uploads\/2023\/08\/banqueta-coni-8.png\",\"datePublished\":\"2023-08-01T11:47:57+00:00\",\"dateModified\":\"2023-09-14T20:01:02+00:00\",\"description\":\"Increible sill\u00f3n exterior entramado en soga con estructura de hierro. Ideal para quincho, galerias y exteriores semi techados.\",\"breadcrumb\":{\"@id\":\"https:\/\/cocon.com.ar\/product\/sillon-capri\/#breadcrumb\"},\"inLanguage\":\"es-AR\",\"potentialAction\":[{\"@type\":\"ReadAction\",\"target\":[\"https:\/\/cocon.com.ar\/product\/sillon-capri\/\"]}]},{\"@type\":\"ImageObject\",\"inLanguage\":\"es-AR\",\"@id\":\"https:\/\/cocon.com.ar\/product\/sillon-capri\/#primaryimage\",\"url\":\"https:\/\/cocon.com.ar\/wp-content\/uploads\/2023\/08\/banqueta-coni-8.png\",\"contentUrl\":\"https:\/\/cocon.com.ar\/wp-content\/uploads\/2023\/08\/banqueta-coni-8.png\",\"width\":600,\"height\":600},{\"@type\":\"BreadcrumbList\",\"@id\":\"https:\/\/cocon.com.ar\/product\/sillon-capri\/#breadcrumb\",\"itemListElement\":[{\"@type\":\"ListItem\",\"position\":1,\"name\":\"Portada\",\"item\":\"https:\/\/cocon.com.ar\/\"},{\"@type\":\"ListItem\",\"position\":2,\"name\":\"Shop\",\"item\":\"https:\/\/cocon.com.ar\/shop\/\"},{\"@type\":\"ListItem\",\"position\":3,\"name\":\"Sill\u00f3n Capri\"}]},{\"@type\":\"WebSite\",\"@id\":\"https:\/\/cocon.com.ar\/#website\",\"url\":\"https:\/\/cocon.com.ar\/\",\"name\":\"Cocon\",\"description\":\"Estudio de Interiorismo_ Styling &amp; Deco\",\"publisher\":{\"@id\":\"https:\/\/cocon.com.ar\/#organization\"},\"potentialAction\":[{\"@type\":\"SearchAction\",\"target\":{\"@type\":\"EntryPoint\",\"urlTemplate\":\"https:\/\/cocon.com.ar\/?s={search_term_string}\"},\"query-input\":{\"@type\":\"PropertyValueSpecification\",\"valueRequired\":true,\"valueName\":\"search_term_string\"}}],\"inLanguage\":\"es-AR\"},{\"@type\":\"Organization\",\"@id\":\"https:\/\/cocon.com.ar\/#organization\",\"name\":\"Cocon\",\"url\":\"https:\/\/cocon.com.ar\/\",\"logo\":{\"@type\":\"ImageObject\",\"inLanguage\":\"es-AR\",\"@id\":\"https:\/\/cocon.com.ar\/#\/schema\/logo\/image\/\",\"url\":\"https:\/\/cocon.com.ar\/wp-content\/uploads\/2023\/09\/cropped-cropped-ei_1695218943890-removebg-preview.png\",\"contentUrl\":\"https:\/\/cocon.com.ar\/wp-content\/uploads\/2023\/09\/cropped-cropped-ei_1695218943890-removebg-preview.png\",\"width\":512,\"height\":341,\"caption\":\"Cocon\"},\"image\":{\"@id\":\"https:\/\/cocon.com.ar\/#\/schema\/logo\/image\/\"},\"sameAs\":[\"http:\/\/facebook.com\/cocon.muebles\",\"https:\/\/www.instagram.com\/cocon.deco\",\"https:\/\/www.youtube.com\/@cocon663\"]}]}<\/script>\n<!-- \/ Yoast SEO plugin. -->","yoast_head_json":{"title":"Sill\u00f3n Capri - Cocon - Somos Fabricantes - Sill\u00f3n Capri - Cocon","description":"Increible sill\u00f3n exterior entramado en soga con estructura de hierro. Ideal para quincho, galerias y exteriores semi techados.","robots":{"index":"noindex","follow":"follow","max-snippet":"max-snippet:-1","max-image-preview":"max-image-preview:large","max-video-preview":"max-video-preview:-1"},"og_locale":"es_ES","og_type":"article","og_title":"Sill\u00f3n Capri - Cocon - Somos Fabricantes - Sill\u00f3n Capri - Cocon","og_description":"Increible sill\u00f3n exterior entramado en soga con estructura de hierro. Ideal para quincho, galerias y exteriores semi techados.","og_url":"https:\/\/cocon.com.ar\/es\/product\/sillon-capri\/","og_site_name":"Cocon","article_publisher":"http:\/\/facebook.com\/cocon.muebles","article_modified_time":"2023-09-14T20:01:02+00:00","og_image":[{"width":600,"height":600,"url":"https:\/\/cocon.com.ar\/wp-content\/uploads\/2023\/08\/banqueta-coni-8.png","type":"image\/png"}],"twitter_card":"summary_large_image","twitter_misc":{"Tiempo de lectura":"1 minuto"},"schema":{"@context":"https:\/\/schema.org","@graph":[{"@type":"WebPage","@id":"https:\/\/cocon.com.ar\/product\/sillon-capri\/","url":"https:\/\/cocon.com.ar\/product\/sillon-capri\/","name":"Sill\u00f3n Capri - Cocon - Somos Fabricantes - Sill\u00f3n Capri - Cocon","isPartOf":{"@id":"https:\/\/cocon.com.ar\/#website"},"primaryImageOfPage":{"@id":"https:\/\/cocon.com.ar\/product\/sillon-capri\/#primaryimage"},"image":{"@id":"https:\/\/cocon.com.ar\/product\/sillon-capri\/#primaryimage"},"thumbnailUrl":"https:\/\/cocon.com.ar\/wp-content\/uploads\/2023\/08\/banqueta-coni-8.png","datePublished":"2023-08-01T11:47:57+00:00","dateModified":"2023-09-14T20:01:02+00:00","description":"Increible sill\u00f3n exterior entramado en soga con estructura de hierro. Ideal para quincho, galerias y exteriores semi techados.","breadcrumb":{"@id":"https:\/\/cocon.com.ar\/product\/sillon-capri\/#breadcrumb"},"inLanguage":"es-AR","potentialAction":[{"@type":"ReadAction","target":["https:\/\/cocon.com.ar\/product\/sillon-capri\/"]}]},{"@type":"ImageObject","inLanguage":"es-AR","@id":"https:\/\/cocon.com.ar\/product\/sillon-capri\/#primaryimage","url":"https:\/\/cocon.com.ar\/wp-content\/uploads\/2023\/08\/banqueta-coni-8.png","contentUrl":"https:\/\/cocon.com.ar\/wp-content\/uploads\/2023\/08\/banqueta-coni-8.png","width":600,"height":600},{"@type":"BreadcrumbList","@id":"https:\/\/cocon.com.ar\/product\/sillon-capri\/#breadcrumb","itemListElement":[{"@type":"ListItem","position":1,"name":"Portada","item":"https:\/\/cocon.com.ar\/"},{"@type":"ListItem","position":2,"name":"Shop","item":"https:\/\/cocon.com.ar\/shop\/"},{"@type":"ListItem","position":3,"name":"Sill\u00f3n Capri"}]},{"@type":"WebSite","@id":"https:\/\/cocon.com.ar\/#website","url":"https:\/\/cocon.com.ar\/","name":"Cocon","description":"Estudio de Interiorismo_ Styling &amp; Deco","publisher":{"@id":"https:\/\/cocon.com.ar\/#organization"},"potentialAction":[{"@type":"SearchAction","target":{"@type":"EntryPoint","urlTemplate":"https:\/\/cocon.com.ar\/?s={search_term_string}"},"query-input":{"@type":"PropertyValueSpecification","valueRequired":true,"valueName":"search_term_string"}}],"inLanguage":"es-AR"},{"@type":"Organization","@id":"https:\/\/cocon.com.ar\/#organization","name":"Cocon","url":"https:\/\/cocon.com.ar\/","logo":{"@type":"ImageObject","inLanguage":"es-AR","@id":"https:\/\/cocon.com.ar\/#\/schema\/logo\/image\/","url":"https:\/\/cocon.com.ar\/wp-content\/uploads\/2023\/09\/cropped-cropped-ei_1695218943890-removebg-preview.png","contentUrl":"https:\/\/cocon.com.ar\/wp-content\/uploads\/2023\/09\/cropped-cropped-ei_1695218943890-removebg-preview.png","width":512,"height":341,"caption":"Cocon"},"image":{"@id":"https:\/\/cocon.com.ar\/#\/schema\/logo\/image\/"},"sameAs":["http:\/\/facebook.com\/cocon.muebles","https:\/\/www.instagram.com\/cocon.deco","https:\/\/www.youtube.com\/@cocon663"]}]}},"_links":{"self":[{"href":"https:\/\/cocon.com.ar\/es\/wp-json\/wp\/v2\/product\/1947","targetHints":{"allow":["GET"]}}],"collection":[{"href":"https:\/\/cocon.com.ar\/es\/wp-json\/wp\/v2\/product"}],"about":[{"href":"https:\/\/cocon.com.ar\/es\/wp-json\/wp\/v2\/types\/product"}],"replies":[{"embeddable":true,"href":"https:\/\/cocon.com.ar\/es\/wp-json\/wp\/v2\/comments?post=1947"}],"wp:featuredmedia":[{"embeddable":true,"href":"https:\/\/cocon.com.ar\/es\/wp-json\/wp\/v2\/media\/2828"}],"wp:attachment":[{"href":"https:\/\/cocon.com.ar\/es\/wp-json\/wp\/v2\/media?parent=1947"}],"wp:term":[{"taxonomy":"product_cat","embeddable":true,"href":"https:\/\/cocon.com.ar\/es\/wp-json\/wp\/v2\/product_cat?post=1947"},{"taxonomy":"product_tag","embeddable":true,"href":"https:\/\/cocon.com.ar\/es\/wp-json\/wp\/v2\/product_tag?post=1947"}],"curies":[{"name":"wp","href":"https:\/\/api.w.org\/{rel}","templated":true}]}}