{"id":1975,"date":"2023-08-01T11:48:03","date_gmt":"2023-08-01T11:48:03","guid":{"rendered":"https:\/\/cocon.com.ar\/?post_type=product&#038;p=1975"},"modified":"2023-09-14T15:29:47","modified_gmt":"2023-09-14T15:29:47","slug":"banqueta-bertoia","status":"publish","type":"product","link":"https:\/\/cocon.com.ar\/es\/product\/banqueta-bertoia\/","title":{"rendered":"Banqueta Bertoia"},"content":{"rendered":"<p><span style=\"font-weight: 400;\">La Banqueta Bertoia tiene un dise\u00f1o de estilo Vintage, es acogedor, cl\u00e1sico y elegante.<\/span><\/p>\n<p><span style=\"font-weight: 400;\">Tiene una apariencia de delicada filigrana que contrasta con su resistencia y durabilidad.<\/span><\/p>\n<p><span style=\"font-weight: 400;\">Es una banqueta cl\u00e1sica que hoy en d\u00eda sigue siendo elegida por su gran versatilidad ya que es ideal tanto para exterior como para interior.<\/span><\/p>\n<p><span style=\"font-weight: 400;\">Esta construida en hierro trefilado de acero soldado y cromado tiene regatones inferiores para evitar ralladuras en superficies.<\/span><\/p>\n<h1><span style=\"font-weight: 400;\">Banqueta Industrial Bertoia<\/span><\/h1>\n<p><span style=\"font-weight: 400;\">La Banqueta Bertoia gracias a su estilo, funcionalidad y atemporal dise\u00f1o, son el complemento perfecto para cualquier espacio, ya sea la barra del comedor, la cocina o galeria. En otras palabras, una banqueta de estilo industrial.<\/span><\/p>\n<p><span style=\"font-weight: 400;\">El hierro trefilado de acero soldado, viene en distintos colores como el negro, blanco, cobreado y cromado.<\/span><\/p>\n<p><span style=\"font-weight: 400;\">Esta banqueta industrial tiene un dise\u00f1o cl\u00e1sico, el cual combina perfectamente con el estilo rustico industrial, <\/span><span style=\"font-weight: 400;\">realizadas en su totalidad en acero soldado, incluyendo su almohad\u00f3n el cual le brinda m\u00e1s comodida y calidez tanto a la banqueta omo a los espacios. Para Comedor, para cocina, para salones de eventos, bares, el quincho de tu casa o una galer\u00eda visten el ambiente y combinan con el hierro de la barra, la iluminaci\u00f3n y objetos decorativos varios en yute o ratan.<\/span><\/p>\n<p><span style=\"font-weight: 400;\">En conclusi\u00f3n, nuestro modelo de Banqueta Bertoia, puede convivir tranquilamente con infinidad de barras y estilos posibles, por ejemplo: deco industrial, vintage, moderno, entre otros.<\/span><\/p>\n<h2><span style=\"font-weight: 400;\">Banqueta Industrial<\/span><\/h2>\n<p><span style=\"font-weight: 400;\">Este modelo de banqueta industrial cl\u00e1sica es muy utilizada en interiores de hogares sobre todo para complementar espacios de cocina, pero mayormente se encuentran siendo protagonistas de espacios gastron\u00f3micos como caf\u00e9s, restaurantes y bares.<\/span><\/p>\n<p><span style=\"font-weight: 400;\">C\u00f3modas y vers\u00e1tiles, se adaptan a todos los ambientes y estilos. Muchos restos y bares est\u00e1n usando nuestras banquetas por su estilo clasico. Tienen un peso de 7 kilos, y resisten casi 180 kilos de peso. Somos fabricantes directos. Podemos realizar otros modelos de sillas, banquetas y sillones como ver\u00e1s en productos relacionados. Como la Silla &amp; Banqueta Eiiffel.<\/span><\/p>\n<p>&nbsp;<\/p>","protected":false},"excerpt":{"rendered":"<p>La Banqueta Bertoia tiene un dise\u00f1o de estilo Vintage, es acogedor, cl\u00e1sico y elegante. Tiene una apariencia de delicada filigrana que contrasta con su resistencia y durabilidad. Es una banqueta cl\u00e1sica que hoy en d\u00eda sigue siendo elegida por su gran versatilidad ya que es ideal tanto para exterior como para interior. Esta construida en [&hellip;]<\/p>","protected":false},"featured_media":2656,"comment_status":"closed","ping_status":"closed","template":"","meta":{"inline_featured_image":false,"_joinchat":[]},"product_cat":[138,168],"product_tag":[224,229,221,228,227,155,231,148,230],"class_list":["post-1975","product","type-product","status-publish","has-post-thumbnail","hentry","product_cat-comedor","product_cat-banquetas","product_tag-banqueta-diseno","product_tag-banqueta-hierro","product_tag-banqueta-industrial","product_tag-barra","product_tag-desayunador","product_tag-exterior","product_tag-gastronomia","product_tag-interior","product_tag-vintage"],"yoast_head":"<!-- This site is optimized with the Yoast SEO plugin v26.5 - https:\/\/yoast.com\/wordpress\/plugins\/seo\/ -->\n<title>Banqueta Bertoia - Cocon<\/title>\n<meta name=\"description\" content=\"\u00a1Incre\u00edble banqueta industrial! no te pierdas la oportunidad de tener las tuyas. ingresa a nuestra tienda para ver colores y m\u00e1s modelos. Stock Disponible\" \/>\n<meta name=\"robots\" content=\"noindex, follow, max-snippet:-1, max-image-preview:large, max-video-preview:-1\" \/>\n<meta property=\"og:locale\" content=\"es_ES\" \/>\n<meta property=\"og:type\" content=\"article\" \/>\n<meta property=\"og:title\" content=\"Banqueta Bertoia - Cocon\" \/>\n<meta property=\"og:description\" content=\"\u00a1Incre\u00edble banqueta industrial! no te pierdas la oportunidad de tener las tuyas. ingresa a nuestra tienda para ver colores y m\u00e1s modelos. Stock Disponible\" \/>\n<meta property=\"og:url\" content=\"https:\/\/cocon.com.ar\/es\/product\/banqueta-bertoia\/\" \/>\n<meta property=\"og:site_name\" content=\"Cocon\" \/>\n<meta property=\"article:publisher\" content=\"http:\/\/facebook.com\/cocon.muebles\" \/>\n<meta property=\"article:modified_time\" content=\"2023-09-14T15:29:47+00:00\" \/>\n<meta property=\"og:image\" content=\"https:\/\/cocon.com.ar\/wp-content\/uploads\/2023\/08\/banqueta-Bertoia-.png\" \/>\n\t<meta property=\"og:image:width\" content=\"600\" \/>\n\t<meta property=\"og:image:height\" content=\"600\" \/>\n\t<meta property=\"og:image:type\" content=\"image\/png\" \/>\n<meta name=\"twitter:card\" content=\"summary_large_image\" \/>\n<meta name=\"twitter:label1\" content=\"Tiempo de lectura\" \/>\n\t<meta name=\"twitter:data1\" content=\"2 minutos\" \/>\n<script type=\"application\/ld+json\" class=\"yoast-schema-graph\">{\"@context\":\"https:\/\/schema.org\",\"@graph\":[{\"@type\":\"WebPage\",\"@id\":\"https:\/\/cocon.com.ar\/product\/banqueta-bertoia\/\",\"url\":\"https:\/\/cocon.com.ar\/product\/banqueta-bertoia\/\",\"name\":\"Banqueta Bertoia - Cocon\",\"isPartOf\":{\"@id\":\"https:\/\/cocon.com.ar\/#website\"},\"primaryImageOfPage\":{\"@id\":\"https:\/\/cocon.com.ar\/product\/banqueta-bertoia\/#primaryimage\"},\"image\":{\"@id\":\"https:\/\/cocon.com.ar\/product\/banqueta-bertoia\/#primaryimage\"},\"thumbnailUrl\":\"https:\/\/cocon.com.ar\/wp-content\/uploads\/2023\/08\/banqueta-Bertoia-.png\",\"datePublished\":\"2023-08-01T11:48:03+00:00\",\"dateModified\":\"2023-09-14T15:29:47+00:00\",\"description\":\"\u00a1Incre\u00edble banqueta industrial! no te pierdas la oportunidad de tener las tuyas. ingresa a nuestra tienda para ver colores y m\u00e1s modelos. Stock Disponible\",\"breadcrumb\":{\"@id\":\"https:\/\/cocon.com.ar\/product\/banqueta-bertoia\/#breadcrumb\"},\"inLanguage\":\"es-AR\",\"potentialAction\":[{\"@type\":\"ReadAction\",\"target\":[\"https:\/\/cocon.com.ar\/product\/banqueta-bertoia\/\"]}]},{\"@type\":\"ImageObject\",\"inLanguage\":\"es-AR\",\"@id\":\"https:\/\/cocon.com.ar\/product\/banqueta-bertoia\/#primaryimage\",\"url\":\"https:\/\/cocon.com.ar\/wp-content\/uploads\/2023\/08\/banqueta-Bertoia-.png\",\"contentUrl\":\"https:\/\/cocon.com.ar\/wp-content\/uploads\/2023\/08\/banqueta-Bertoia-.png\",\"width\":600,\"height\":600},{\"@type\":\"BreadcrumbList\",\"@id\":\"https:\/\/cocon.com.ar\/product\/banqueta-bertoia\/#breadcrumb\",\"itemListElement\":[{\"@type\":\"ListItem\",\"position\":1,\"name\":\"Portada\",\"item\":\"https:\/\/cocon.com.ar\/\"},{\"@type\":\"ListItem\",\"position\":2,\"name\":\"Shop\",\"item\":\"https:\/\/cocon.com.ar\/shop\/\"},{\"@type\":\"ListItem\",\"position\":3,\"name\":\"Banqueta Bertoia\"}]},{\"@type\":\"WebSite\",\"@id\":\"https:\/\/cocon.com.ar\/#website\",\"url\":\"https:\/\/cocon.com.ar\/\",\"name\":\"Cocon\",\"description\":\"Estudio de Interiorismo_ Styling &amp; Deco\",\"publisher\":{\"@id\":\"https:\/\/cocon.com.ar\/#organization\"},\"potentialAction\":[{\"@type\":\"SearchAction\",\"target\":{\"@type\":\"EntryPoint\",\"urlTemplate\":\"https:\/\/cocon.com.ar\/?s={search_term_string}\"},\"query-input\":{\"@type\":\"PropertyValueSpecification\",\"valueRequired\":true,\"valueName\":\"search_term_string\"}}],\"inLanguage\":\"es-AR\"},{\"@type\":\"Organization\",\"@id\":\"https:\/\/cocon.com.ar\/#organization\",\"name\":\"Cocon\",\"url\":\"https:\/\/cocon.com.ar\/\",\"logo\":{\"@type\":\"ImageObject\",\"inLanguage\":\"es-AR\",\"@id\":\"https:\/\/cocon.com.ar\/#\/schema\/logo\/image\/\",\"url\":\"https:\/\/cocon.com.ar\/wp-content\/uploads\/2023\/09\/cropped-cropped-ei_1695218943890-removebg-preview.png\",\"contentUrl\":\"https:\/\/cocon.com.ar\/wp-content\/uploads\/2023\/09\/cropped-cropped-ei_1695218943890-removebg-preview.png\",\"width\":512,\"height\":341,\"caption\":\"Cocon\"},\"image\":{\"@id\":\"https:\/\/cocon.com.ar\/#\/schema\/logo\/image\/\"},\"sameAs\":[\"http:\/\/facebook.com\/cocon.muebles\",\"https:\/\/www.instagram.com\/cocon.deco\",\"https:\/\/www.youtube.com\/@cocon663\"]}]}<\/script>\n<!-- \/ Yoast SEO plugin. -->","yoast_head_json":{"title":"Banqueta Bertoia - Cocon","description":"\u00a1Incre\u00edble banqueta industrial! no te pierdas la oportunidad de tener las tuyas. ingresa a nuestra tienda para ver colores y m\u00e1s modelos. Stock Disponible","robots":{"index":"noindex","follow":"follow","max-snippet":"max-snippet:-1","max-image-preview":"max-image-preview:large","max-video-preview":"max-video-preview:-1"},"og_locale":"es_ES","og_type":"article","og_title":"Banqueta Bertoia - Cocon","og_description":"\u00a1Incre\u00edble banqueta industrial! no te pierdas la oportunidad de tener las tuyas. ingresa a nuestra tienda para ver colores y m\u00e1s modelos. Stock Disponible","og_url":"https:\/\/cocon.com.ar\/es\/product\/banqueta-bertoia\/","og_site_name":"Cocon","article_publisher":"http:\/\/facebook.com\/cocon.muebles","article_modified_time":"2023-09-14T15:29:47+00:00","og_image":[{"width":600,"height":600,"url":"https:\/\/cocon.com.ar\/wp-content\/uploads\/2023\/08\/banqueta-Bertoia-.png","type":"image\/png"}],"twitter_card":"summary_large_image","twitter_misc":{"Tiempo de lectura":"2 minutos"},"schema":{"@context":"https:\/\/schema.org","@graph":[{"@type":"WebPage","@id":"https:\/\/cocon.com.ar\/product\/banqueta-bertoia\/","url":"https:\/\/cocon.com.ar\/product\/banqueta-bertoia\/","name":"Banqueta Bertoia - Cocon","isPartOf":{"@id":"https:\/\/cocon.com.ar\/#website"},"primaryImageOfPage":{"@id":"https:\/\/cocon.com.ar\/product\/banqueta-bertoia\/#primaryimage"},"image":{"@id":"https:\/\/cocon.com.ar\/product\/banqueta-bertoia\/#primaryimage"},"thumbnailUrl":"https:\/\/cocon.com.ar\/wp-content\/uploads\/2023\/08\/banqueta-Bertoia-.png","datePublished":"2023-08-01T11:48:03+00:00","dateModified":"2023-09-14T15:29:47+00:00","description":"\u00a1Incre\u00edble banqueta industrial! no te pierdas la oportunidad de tener las tuyas. ingresa a nuestra tienda para ver colores y m\u00e1s modelos. Stock Disponible","breadcrumb":{"@id":"https:\/\/cocon.com.ar\/product\/banqueta-bertoia\/#breadcrumb"},"inLanguage":"es-AR","potentialAction":[{"@type":"ReadAction","target":["https:\/\/cocon.com.ar\/product\/banqueta-bertoia\/"]}]},{"@type":"ImageObject","inLanguage":"es-AR","@id":"https:\/\/cocon.com.ar\/product\/banqueta-bertoia\/#primaryimage","url":"https:\/\/cocon.com.ar\/wp-content\/uploads\/2023\/08\/banqueta-Bertoia-.png","contentUrl":"https:\/\/cocon.com.ar\/wp-content\/uploads\/2023\/08\/banqueta-Bertoia-.png","width":600,"height":600},{"@type":"BreadcrumbList","@id":"https:\/\/cocon.com.ar\/product\/banqueta-bertoia\/#breadcrumb","itemListElement":[{"@type":"ListItem","position":1,"name":"Portada","item":"https:\/\/cocon.com.ar\/"},{"@type":"ListItem","position":2,"name":"Shop","item":"https:\/\/cocon.com.ar\/shop\/"},{"@type":"ListItem","position":3,"name":"Banqueta Bertoia"}]},{"@type":"WebSite","@id":"https:\/\/cocon.com.ar\/#website","url":"https:\/\/cocon.com.ar\/","name":"Cocon","description":"Estudio de Interiorismo_ Styling &amp; Deco","publisher":{"@id":"https:\/\/cocon.com.ar\/#organization"},"potentialAction":[{"@type":"SearchAction","target":{"@type":"EntryPoint","urlTemplate":"https:\/\/cocon.com.ar\/?s={search_term_string}"},"query-input":{"@type":"PropertyValueSpecification","valueRequired":true,"valueName":"search_term_string"}}],"inLanguage":"es-AR"},{"@type":"Organization","@id":"https:\/\/cocon.com.ar\/#organization","name":"Cocon","url":"https:\/\/cocon.com.ar\/","logo":{"@type":"ImageObject","inLanguage":"es-AR","@id":"https:\/\/cocon.com.ar\/#\/schema\/logo\/image\/","url":"https:\/\/cocon.com.ar\/wp-content\/uploads\/2023\/09\/cropped-cropped-ei_1695218943890-removebg-preview.png","contentUrl":"https:\/\/cocon.com.ar\/wp-content\/uploads\/2023\/09\/cropped-cropped-ei_1695218943890-removebg-preview.png","width":512,"height":341,"caption":"Cocon"},"image":{"@id":"https:\/\/cocon.com.ar\/#\/schema\/logo\/image\/"},"sameAs":["http:\/\/facebook.com\/cocon.muebles","https:\/\/www.instagram.com\/cocon.deco","https:\/\/www.youtube.com\/@cocon663"]}]}},"_links":{"self":[{"href":"https:\/\/cocon.com.ar\/es\/wp-json\/wp\/v2\/product\/1975","targetHints":{"allow":["GET"]}}],"collection":[{"href":"https:\/\/cocon.com.ar\/es\/wp-json\/wp\/v2\/product"}],"about":[{"href":"https:\/\/cocon.com.ar\/es\/wp-json\/wp\/v2\/types\/product"}],"replies":[{"embeddable":true,"href":"https:\/\/cocon.com.ar\/es\/wp-json\/wp\/v2\/comments?post=1975"}],"wp:featuredmedia":[{"embeddable":true,"href":"https:\/\/cocon.com.ar\/es\/wp-json\/wp\/v2\/media\/2656"}],"wp:attachment":[{"href":"https:\/\/cocon.com.ar\/es\/wp-json\/wp\/v2\/media?parent=1975"}],"wp:term":[{"taxonomy":"product_cat","embeddable":true,"href":"https:\/\/cocon.com.ar\/es\/wp-json\/wp\/v2\/product_cat?post=1975"},{"taxonomy":"product_tag","embeddable":true,"href":"https:\/\/cocon.com.ar\/es\/wp-json\/wp\/v2\/product_tag?post=1975"}],"curies":[{"name":"wp","href":"https:\/\/api.w.org\/{rel}","templated":true}]}}