{"id":1977,"date":"2023-08-01T11:48:03","date_gmt":"2023-08-01T11:48:03","guid":{"rendered":"https:\/\/cocon.com.ar\/?post_type=product&#038;p=1977"},"modified":"2023-09-14T15:42:54","modified_gmt":"2023-09-14T15:42:54","slug":"banqueta-eiffel","status":"publish","type":"product","link":"https:\/\/cocon.com.ar\/es\/product\/banqueta-eiffel\/","title":{"rendered":"Banqueta Eiffel"},"content":{"rendered":"<p>Banqueta Industrial<br \/>\nEsta banqueta industrial tiene un dise\u00f1o innovador, el cual combina perfectamente con nuestras barra realizadas a medida en madera maciza con estructura en hierro y\/\u00f3 madera. Este modelo tiene su origen en el dise\u00f1o de mobiliario incaico, a finales de la d\u00e9cada del 60 y 70. El entramado en soga polipropileno permite un buen uso en cualquier ambiente. Para barras, desayunadores o islas, bares, el quincho de tu casa o una galer\u00eda visten el ambiente y combinan con el hierro de la mesa, la iluminaci\u00f3n y objetos decorativos varios en yute o ratan.<br \/>\nBanqueta Estilo Industrial<br \/>\nEs el complemento ideal para tu cocina, para la barra desayunadora o isla.<br \/>\nAdem\u00e1s de esas opciones, nuestra banqueta industrial tiene presencia en bares, restaurantes, o cualquier emprendimiento gastron\u00f3mico. Se puede combinar perfectamente con mesas de estilo industrial, y con las sillas del mismo modelo o tambi\u00e9n con otros estilos.<br \/>\nTambi\u00e9n queda muy vistosa en los balcones, para acompa\u00f1ar a la barra balconera de madera, nuestro modelo Ravignani, por ejemplo.<br \/>\nDisponible en varios colores!<br \/>\nEsta confeccionada en su totalidad en hierro trefilado.<br \/>\nMEDIDAS:<br \/>\n73x45x80h<\/p>","protected":false},"excerpt":{"rendered":"<p>Banqueta Industrial Esta banqueta industrial tiene un dise\u00f1o innovador, el cual combina perfectamente con nuestras barra realizadas a medida en madera maciza con estructura en hierro y\/\u00f3 madera. Este modelo tiene su origen en el dise\u00f1o de mobiliario incaico, a finales de la d\u00e9cada del 60 y 70. El entramado en soga polipropileno permite un [&hellip;]<\/p>","protected":false},"featured_media":2665,"comment_status":"closed","ping_status":"closed","template":"","meta":{"inline_featured_image":false,"_joinchat":[]},"product_cat":[138,168],"product_tag":[221,235,236,197,154,234,155,231,148],"class_list":["post-1977","product","type-product","status-publish","has-post-thumbnail","hentry","product_cat-comedor","product_cat-banquetas","product_tag-banqueta-industrial","product_tag-banqueta-vintage","product_tag-barras","product_tag-diseno","product_tag-estilo-industrial","product_tag-estilo-vintage","product_tag-exterior","product_tag-gastronomia","product_tag-interior"],"yoast_head":"<!-- This site is optimized with the Yoast SEO plugin v26.5 - https:\/\/yoast.com\/wordpress\/plugins\/seo\/ -->\n<title>Banqueta Eiffel - Cocon - Somos Fabricantes - Cocon - Banqueta Eiffel<\/title>\n<meta name=\"description\" content=\"\u00a1Incre\u00edble banqueta industrial! no te pierdas la oportunidad de tener las tuyas. ingresa a nuestra tienda para ver colores y m\u00e1s modelos. Stock Disponible!\" \/>\n<meta name=\"robots\" content=\"noindex, follow, max-snippet:-1, max-image-preview:large, max-video-preview:-1\" \/>\n<meta property=\"og:locale\" content=\"es_ES\" \/>\n<meta property=\"og:type\" content=\"article\" \/>\n<meta property=\"og:title\" content=\"Banqueta Eiffel - Cocon - Somos Fabricantes - Cocon - Banqueta Eiffel\" \/>\n<meta property=\"og:description\" content=\"\u00a1Incre\u00edble banqueta industrial! no te pierdas la oportunidad de tener las tuyas. ingresa a nuestra tienda para ver colores y m\u00e1s modelos. Stock Disponible!\" \/>\n<meta property=\"og:url\" content=\"https:\/\/cocon.com.ar\/es\/product\/banqueta-eiffel\/\" \/>\n<meta property=\"og:site_name\" content=\"Cocon\" \/>\n<meta property=\"article:publisher\" content=\"http:\/\/facebook.com\/cocon.muebles\" \/>\n<meta property=\"article:modified_time\" content=\"2023-09-14T15:42:54+00:00\" \/>\n<meta property=\"og:image\" content=\"https:\/\/cocon.com.ar\/wp-content\/uploads\/2023\/08\/banqueta-eiffel.png\" \/>\n\t<meta property=\"og:image:width\" content=\"600\" \/>\n\t<meta property=\"og:image:height\" content=\"600\" \/>\n\t<meta property=\"og:image:type\" content=\"image\/png\" \/>\n<meta name=\"twitter:card\" content=\"summary_large_image\" \/>\n<meta name=\"twitter:label1\" content=\"Tiempo de lectura\" \/>\n\t<meta name=\"twitter:data1\" content=\"1 minuto\" \/>\n<script type=\"application\/ld+json\" class=\"yoast-schema-graph\">{\"@context\":\"https:\/\/schema.org\",\"@graph\":[{\"@type\":\"WebPage\",\"@id\":\"https:\/\/cocon.com.ar\/product\/banqueta-eiffel\/\",\"url\":\"https:\/\/cocon.com.ar\/product\/banqueta-eiffel\/\",\"name\":\"Banqueta Eiffel - Cocon - Somos Fabricantes - Cocon - Banqueta Eiffel\",\"isPartOf\":{\"@id\":\"https:\/\/cocon.com.ar\/#website\"},\"primaryImageOfPage\":{\"@id\":\"https:\/\/cocon.com.ar\/product\/banqueta-eiffel\/#primaryimage\"},\"image\":{\"@id\":\"https:\/\/cocon.com.ar\/product\/banqueta-eiffel\/#primaryimage\"},\"thumbnailUrl\":\"https:\/\/cocon.com.ar\/wp-content\/uploads\/2023\/08\/banqueta-eiffel.png\",\"datePublished\":\"2023-08-01T11:48:03+00:00\",\"dateModified\":\"2023-09-14T15:42:54+00:00\",\"description\":\"\u00a1Incre\u00edble banqueta industrial! no te pierdas la oportunidad de tener las tuyas. ingresa a nuestra tienda para ver colores y m\u00e1s modelos. Stock Disponible!\",\"breadcrumb\":{\"@id\":\"https:\/\/cocon.com.ar\/product\/banqueta-eiffel\/#breadcrumb\"},\"inLanguage\":\"es-AR\",\"potentialAction\":[{\"@type\":\"ReadAction\",\"target\":[\"https:\/\/cocon.com.ar\/product\/banqueta-eiffel\/\"]}]},{\"@type\":\"ImageObject\",\"inLanguage\":\"es-AR\",\"@id\":\"https:\/\/cocon.com.ar\/product\/banqueta-eiffel\/#primaryimage\",\"url\":\"https:\/\/cocon.com.ar\/wp-content\/uploads\/2023\/08\/banqueta-eiffel.png\",\"contentUrl\":\"https:\/\/cocon.com.ar\/wp-content\/uploads\/2023\/08\/banqueta-eiffel.png\",\"width\":600,\"height\":600},{\"@type\":\"BreadcrumbList\",\"@id\":\"https:\/\/cocon.com.ar\/product\/banqueta-eiffel\/#breadcrumb\",\"itemListElement\":[{\"@type\":\"ListItem\",\"position\":1,\"name\":\"Portada\",\"item\":\"https:\/\/cocon.com.ar\/\"},{\"@type\":\"ListItem\",\"position\":2,\"name\":\"Shop\",\"item\":\"https:\/\/cocon.com.ar\/shop\/\"},{\"@type\":\"ListItem\",\"position\":3,\"name\":\"Banqueta Eiffel\"}]},{\"@type\":\"WebSite\",\"@id\":\"https:\/\/cocon.com.ar\/#website\",\"url\":\"https:\/\/cocon.com.ar\/\",\"name\":\"Cocon\",\"description\":\"Estudio de Interiorismo_ Styling &amp; Deco\",\"publisher\":{\"@id\":\"https:\/\/cocon.com.ar\/#organization\"},\"potentialAction\":[{\"@type\":\"SearchAction\",\"target\":{\"@type\":\"EntryPoint\",\"urlTemplate\":\"https:\/\/cocon.com.ar\/?s={search_term_string}\"},\"query-input\":{\"@type\":\"PropertyValueSpecification\",\"valueRequired\":true,\"valueName\":\"search_term_string\"}}],\"inLanguage\":\"es-AR\"},{\"@type\":\"Organization\",\"@id\":\"https:\/\/cocon.com.ar\/#organization\",\"name\":\"Cocon\",\"url\":\"https:\/\/cocon.com.ar\/\",\"logo\":{\"@type\":\"ImageObject\",\"inLanguage\":\"es-AR\",\"@id\":\"https:\/\/cocon.com.ar\/#\/schema\/logo\/image\/\",\"url\":\"https:\/\/cocon.com.ar\/wp-content\/uploads\/2023\/09\/cropped-cropped-ei_1695218943890-removebg-preview.png\",\"contentUrl\":\"https:\/\/cocon.com.ar\/wp-content\/uploads\/2023\/09\/cropped-cropped-ei_1695218943890-removebg-preview.png\",\"width\":512,\"height\":341,\"caption\":\"Cocon\"},\"image\":{\"@id\":\"https:\/\/cocon.com.ar\/#\/schema\/logo\/image\/\"},\"sameAs\":[\"http:\/\/facebook.com\/cocon.muebles\",\"https:\/\/www.instagram.com\/cocon.deco\",\"https:\/\/www.youtube.com\/@cocon663\"]}]}<\/script>\n<!-- \/ Yoast SEO plugin. -->","yoast_head_json":{"title":"Banqueta Eiffel - Cocon - Somos Fabricantes - Cocon - Banqueta Eiffel","description":"\u00a1Incre\u00edble banqueta industrial! no te pierdas la oportunidad de tener las tuyas. ingresa a nuestra tienda para ver colores y m\u00e1s modelos. Stock Disponible!","robots":{"index":"noindex","follow":"follow","max-snippet":"max-snippet:-1","max-image-preview":"max-image-preview:large","max-video-preview":"max-video-preview:-1"},"og_locale":"es_ES","og_type":"article","og_title":"Banqueta Eiffel - Cocon - Somos Fabricantes - Cocon - Banqueta Eiffel","og_description":"\u00a1Incre\u00edble banqueta industrial! no te pierdas la oportunidad de tener las tuyas. ingresa a nuestra tienda para ver colores y m\u00e1s modelos. Stock Disponible!","og_url":"https:\/\/cocon.com.ar\/es\/product\/banqueta-eiffel\/","og_site_name":"Cocon","article_publisher":"http:\/\/facebook.com\/cocon.muebles","article_modified_time":"2023-09-14T15:42:54+00:00","og_image":[{"width":600,"height":600,"url":"https:\/\/cocon.com.ar\/wp-content\/uploads\/2023\/08\/banqueta-eiffel.png","type":"image\/png"}],"twitter_card":"summary_large_image","twitter_misc":{"Tiempo de lectura":"1 minuto"},"schema":{"@context":"https:\/\/schema.org","@graph":[{"@type":"WebPage","@id":"https:\/\/cocon.com.ar\/product\/banqueta-eiffel\/","url":"https:\/\/cocon.com.ar\/product\/banqueta-eiffel\/","name":"Banqueta Eiffel - Cocon - Somos Fabricantes - Cocon - Banqueta Eiffel","isPartOf":{"@id":"https:\/\/cocon.com.ar\/#website"},"primaryImageOfPage":{"@id":"https:\/\/cocon.com.ar\/product\/banqueta-eiffel\/#primaryimage"},"image":{"@id":"https:\/\/cocon.com.ar\/product\/banqueta-eiffel\/#primaryimage"},"thumbnailUrl":"https:\/\/cocon.com.ar\/wp-content\/uploads\/2023\/08\/banqueta-eiffel.png","datePublished":"2023-08-01T11:48:03+00:00","dateModified":"2023-09-14T15:42:54+00:00","description":"\u00a1Incre\u00edble banqueta industrial! no te pierdas la oportunidad de tener las tuyas. ingresa a nuestra tienda para ver colores y m\u00e1s modelos. Stock Disponible!","breadcrumb":{"@id":"https:\/\/cocon.com.ar\/product\/banqueta-eiffel\/#breadcrumb"},"inLanguage":"es-AR","potentialAction":[{"@type":"ReadAction","target":["https:\/\/cocon.com.ar\/product\/banqueta-eiffel\/"]}]},{"@type":"ImageObject","inLanguage":"es-AR","@id":"https:\/\/cocon.com.ar\/product\/banqueta-eiffel\/#primaryimage","url":"https:\/\/cocon.com.ar\/wp-content\/uploads\/2023\/08\/banqueta-eiffel.png","contentUrl":"https:\/\/cocon.com.ar\/wp-content\/uploads\/2023\/08\/banqueta-eiffel.png","width":600,"height":600},{"@type":"BreadcrumbList","@id":"https:\/\/cocon.com.ar\/product\/banqueta-eiffel\/#breadcrumb","itemListElement":[{"@type":"ListItem","position":1,"name":"Portada","item":"https:\/\/cocon.com.ar\/"},{"@type":"ListItem","position":2,"name":"Shop","item":"https:\/\/cocon.com.ar\/shop\/"},{"@type":"ListItem","position":3,"name":"Banqueta Eiffel"}]},{"@type":"WebSite","@id":"https:\/\/cocon.com.ar\/#website","url":"https:\/\/cocon.com.ar\/","name":"Cocon","description":"Estudio de Interiorismo_ Styling &amp; Deco","publisher":{"@id":"https:\/\/cocon.com.ar\/#organization"},"potentialAction":[{"@type":"SearchAction","target":{"@type":"EntryPoint","urlTemplate":"https:\/\/cocon.com.ar\/?s={search_term_string}"},"query-input":{"@type":"PropertyValueSpecification","valueRequired":true,"valueName":"search_term_string"}}],"inLanguage":"es-AR"},{"@type":"Organization","@id":"https:\/\/cocon.com.ar\/#organization","name":"Cocon","url":"https:\/\/cocon.com.ar\/","logo":{"@type":"ImageObject","inLanguage":"es-AR","@id":"https:\/\/cocon.com.ar\/#\/schema\/logo\/image\/","url":"https:\/\/cocon.com.ar\/wp-content\/uploads\/2023\/09\/cropped-cropped-ei_1695218943890-removebg-preview.png","contentUrl":"https:\/\/cocon.com.ar\/wp-content\/uploads\/2023\/09\/cropped-cropped-ei_1695218943890-removebg-preview.png","width":512,"height":341,"caption":"Cocon"},"image":{"@id":"https:\/\/cocon.com.ar\/#\/schema\/logo\/image\/"},"sameAs":["http:\/\/facebook.com\/cocon.muebles","https:\/\/www.instagram.com\/cocon.deco","https:\/\/www.youtube.com\/@cocon663"]}]}},"_links":{"self":[{"href":"https:\/\/cocon.com.ar\/es\/wp-json\/wp\/v2\/product\/1977","targetHints":{"allow":["GET"]}}],"collection":[{"href":"https:\/\/cocon.com.ar\/es\/wp-json\/wp\/v2\/product"}],"about":[{"href":"https:\/\/cocon.com.ar\/es\/wp-json\/wp\/v2\/types\/product"}],"replies":[{"embeddable":true,"href":"https:\/\/cocon.com.ar\/es\/wp-json\/wp\/v2\/comments?post=1977"}],"wp:featuredmedia":[{"embeddable":true,"href":"https:\/\/cocon.com.ar\/es\/wp-json\/wp\/v2\/media\/2665"}],"wp:attachment":[{"href":"https:\/\/cocon.com.ar\/es\/wp-json\/wp\/v2\/media?parent=1977"}],"wp:term":[{"taxonomy":"product_cat","embeddable":true,"href":"https:\/\/cocon.com.ar\/es\/wp-json\/wp\/v2\/product_cat?post=1977"},{"taxonomy":"product_tag","embeddable":true,"href":"https:\/\/cocon.com.ar\/es\/wp-json\/wp\/v2\/product_tag?post=1977"}],"curies":[{"name":"wp","href":"https:\/\/api.w.org\/{rel}","templated":true}]}}