{"id":1979,"date":"2023-08-01T11:48:05","date_gmt":"2023-08-01T11:48:05","guid":{"rendered":"https:\/\/cocon.com.ar\/?post_type=product&#038;p=1979"},"modified":"2023-09-11T14:11:15","modified_gmt":"2023-09-11T14:11:15","slug":"sillon-gervasoni-individual","status":"publish","type":"product","link":"https:\/\/cocon.com.ar\/es\/product\/sillon-gervasoni-individual\/","title":{"rendered":"Sillon Gervasoni Individual"},"content":{"rendered":"<p>Sill\u00f3n Gervasoni<br \/>\nEste dise\u00f1o combina l\u00edneas rectas con extravagantes curvas, de aspecto n\u00f3rdico y minimalista, por lo tanto, acompa\u00f1a perfectamente a sillones de otros estilos.<br \/>\nSill\u00f3n estilo industrial<br \/>\nYa que la estructura es de Hierro macizo pintada en color negro.<br \/>\nEl encordado est\u00e1 realizado en una cuerda de 12 tramas, conocida com\u00fanmente como soga simil yute, de color beige o negro.<br \/>\nSill\u00f3n 1 Cuerpo<br \/>\nEl Sill\u00f3n Gervasoni Simil Yute es ideal para ambientar el living, galer\u00eda, recepci\u00f3n, dormitorio o para armar un rinconcito de lectura, por ejemplo.<br \/>\nNo incluye almohad\u00f3n (consultar costo adicional con el mismo).<br \/>\nEn conclusi\u00f3n, cualquier lugar quedara\u0301 lleno de personalidad con este sill\u00f3n.<br \/>\nMEDIDAS<br \/>\nAncho asiento: 60cm<br \/>\nProfundidad: 45cm<br \/>\nAltura al asiento: 40cm<br \/>\nAltura total: 75cm<br \/>\nSuperficie que ocupa cada sill\u00f3n: 80cm<\/p>","protected":false},"excerpt":{"rendered":"<p>Sill\u00f3n Gervasoni Este dise\u00f1o combina l\u00edneas rectas con extravagantes curvas, de aspecto n\u00f3rdico y minimalista, por lo tanto, acompa\u00f1a perfectamente a sillones de otros estilos. Sill\u00f3n estilo industrial Ya que la estructura es de Hierro macizo pintada en color negro. El encordado est\u00e1 realizado en una cuerda de 12 tramas, conocida com\u00fanmente como soga simil [&hellip;]<\/p>","protected":false},"featured_media":2647,"comment_status":"closed","ping_status":"closed","template":"","meta":{"inline_featured_image":false,"_joinchat":[]},"product_cat":[139,174],"product_tag":[],"class_list":["post-1979","product","type-product","status-publish","has-post-thumbnail","hentry","product_cat-galeria","product_cat-living-galeria"],"yoast_head":"<!-- This site is optimized with the Yoast SEO plugin v26.5 - https:\/\/yoast.com\/wordpress\/plugins\/seo\/ -->\n<title>Sillon Gervasoni Individual - Cocon<\/title>\n<meta name=\"robots\" content=\"noindex, follow, max-snippet:-1, max-image-preview:large, max-video-preview:-1\" \/>\n<meta property=\"og:locale\" content=\"es_ES\" \/>\n<meta property=\"og:type\" content=\"article\" \/>\n<meta property=\"og:title\" content=\"Sillon Gervasoni Individual - Cocon\" \/>\n<meta property=\"og:description\" content=\"Sill\u00f3n Gervasoni Este dise\u00f1o combina l\u00edneas rectas con extravagantes curvas, de aspecto n\u00f3rdico y minimalista, por lo tanto, acompa\u00f1a perfectamente a sillones de otros estilos. Sill\u00f3n estilo industrial Ya que la estructura es de Hierro macizo pintada en color negro. El encordado est\u00e1 realizado en una cuerda de 12 tramas, conocida com\u00fanmente como soga simil [&hellip;]\" \/>\n<meta property=\"og:url\" content=\"https:\/\/cocon.com.ar\/es\/product\/sillon-gervasoni-individual\/\" \/>\n<meta property=\"og:site_name\" content=\"Cocon\" \/>\n<meta property=\"article:publisher\" content=\"http:\/\/facebook.com\/cocon.muebles\" \/>\n<meta property=\"article:modified_time\" content=\"2023-09-11T14:11:15+00:00\" \/>\n<meta property=\"og:image\" content=\"https:\/\/cocon.com.ar\/wp-content\/uploads\/2023\/08\/sillon-gervasoni-2.png\" \/>\n\t<meta property=\"og:image:width\" content=\"600\" \/>\n\t<meta property=\"og:image:height\" content=\"600\" \/>\n\t<meta property=\"og:image:type\" content=\"image\/png\" \/>\n<meta name=\"twitter:card\" content=\"summary_large_image\" \/>\n<meta name=\"twitter:label1\" content=\"Tiempo de lectura\" \/>\n\t<meta name=\"twitter:data1\" content=\"1 minuto\" \/>\n<script type=\"application\/ld+json\" class=\"yoast-schema-graph\">{\"@context\":\"https:\/\/schema.org\",\"@graph\":[{\"@type\":\"WebPage\",\"@id\":\"https:\/\/cocon.com.ar\/product\/sillon-gervasoni-individual\/\",\"url\":\"https:\/\/cocon.com.ar\/product\/sillon-gervasoni-individual\/\",\"name\":\"Sillon Gervasoni Individual - Cocon\",\"isPartOf\":{\"@id\":\"https:\/\/cocon.com.ar\/#website\"},\"primaryImageOfPage\":{\"@id\":\"https:\/\/cocon.com.ar\/product\/sillon-gervasoni-individual\/#primaryimage\"},\"image\":{\"@id\":\"https:\/\/cocon.com.ar\/product\/sillon-gervasoni-individual\/#primaryimage\"},\"thumbnailUrl\":\"https:\/\/cocon.com.ar\/wp-content\/uploads\/2023\/08\/sillon-gervasoni-2.png\",\"datePublished\":\"2023-08-01T11:48:05+00:00\",\"dateModified\":\"2023-09-11T14:11:15+00:00\",\"breadcrumb\":{\"@id\":\"https:\/\/cocon.com.ar\/product\/sillon-gervasoni-individual\/#breadcrumb\"},\"inLanguage\":\"es-AR\",\"potentialAction\":[{\"@type\":\"ReadAction\",\"target\":[\"https:\/\/cocon.com.ar\/product\/sillon-gervasoni-individual\/\"]}]},{\"@type\":\"ImageObject\",\"inLanguage\":\"es-AR\",\"@id\":\"https:\/\/cocon.com.ar\/product\/sillon-gervasoni-individual\/#primaryimage\",\"url\":\"https:\/\/cocon.com.ar\/wp-content\/uploads\/2023\/08\/sillon-gervasoni-2.png\",\"contentUrl\":\"https:\/\/cocon.com.ar\/wp-content\/uploads\/2023\/08\/sillon-gervasoni-2.png\",\"width\":600,\"height\":600},{\"@type\":\"BreadcrumbList\",\"@id\":\"https:\/\/cocon.com.ar\/product\/sillon-gervasoni-individual\/#breadcrumb\",\"itemListElement\":[{\"@type\":\"ListItem\",\"position\":1,\"name\":\"Portada\",\"item\":\"https:\/\/cocon.com.ar\/\"},{\"@type\":\"ListItem\",\"position\":2,\"name\":\"Shop\",\"item\":\"https:\/\/cocon.com.ar\/shop\/\"},{\"@type\":\"ListItem\",\"position\":3,\"name\":\"Sillon Gervasoni Individual\"}]},{\"@type\":\"WebSite\",\"@id\":\"https:\/\/cocon.com.ar\/#website\",\"url\":\"https:\/\/cocon.com.ar\/\",\"name\":\"Cocon\",\"description\":\"Estudio de Interiorismo_ Styling &amp; Deco\",\"publisher\":{\"@id\":\"https:\/\/cocon.com.ar\/#organization\"},\"potentialAction\":[{\"@type\":\"SearchAction\",\"target\":{\"@type\":\"EntryPoint\",\"urlTemplate\":\"https:\/\/cocon.com.ar\/?s={search_term_string}\"},\"query-input\":{\"@type\":\"PropertyValueSpecification\",\"valueRequired\":true,\"valueName\":\"search_term_string\"}}],\"inLanguage\":\"es-AR\"},{\"@type\":\"Organization\",\"@id\":\"https:\/\/cocon.com.ar\/#organization\",\"name\":\"Cocon\",\"url\":\"https:\/\/cocon.com.ar\/\",\"logo\":{\"@type\":\"ImageObject\",\"inLanguage\":\"es-AR\",\"@id\":\"https:\/\/cocon.com.ar\/#\/schema\/logo\/image\/\",\"url\":\"https:\/\/cocon.com.ar\/wp-content\/uploads\/2023\/09\/cropped-cropped-ei_1695218943890-removebg-preview.png\",\"contentUrl\":\"https:\/\/cocon.com.ar\/wp-content\/uploads\/2023\/09\/cropped-cropped-ei_1695218943890-removebg-preview.png\",\"width\":512,\"height\":341,\"caption\":\"Cocon\"},\"image\":{\"@id\":\"https:\/\/cocon.com.ar\/#\/schema\/logo\/image\/\"},\"sameAs\":[\"http:\/\/facebook.com\/cocon.muebles\",\"https:\/\/www.instagram.com\/cocon.deco\",\"https:\/\/www.youtube.com\/@cocon663\"]}]}<\/script>\n<!-- \/ Yoast SEO plugin. -->","yoast_head_json":{"title":"Sillon Gervasoni Individual - Cocon","robots":{"index":"noindex","follow":"follow","max-snippet":"max-snippet:-1","max-image-preview":"max-image-preview:large","max-video-preview":"max-video-preview:-1"},"og_locale":"es_ES","og_type":"article","og_title":"Sillon Gervasoni Individual - Cocon","og_description":"Sill\u00f3n Gervasoni Este dise\u00f1o combina l\u00edneas rectas con extravagantes curvas, de aspecto n\u00f3rdico y minimalista, por lo tanto, acompa\u00f1a perfectamente a sillones de otros estilos. Sill\u00f3n estilo industrial Ya que la estructura es de Hierro macizo pintada en color negro. El encordado est\u00e1 realizado en una cuerda de 12 tramas, conocida com\u00fanmente como soga simil [&hellip;]","og_url":"https:\/\/cocon.com.ar\/es\/product\/sillon-gervasoni-individual\/","og_site_name":"Cocon","article_publisher":"http:\/\/facebook.com\/cocon.muebles","article_modified_time":"2023-09-11T14:11:15+00:00","og_image":[{"width":600,"height":600,"url":"https:\/\/cocon.com.ar\/wp-content\/uploads\/2023\/08\/sillon-gervasoni-2.png","type":"image\/png"}],"twitter_card":"summary_large_image","twitter_misc":{"Tiempo de lectura":"1 minuto"},"schema":{"@context":"https:\/\/schema.org","@graph":[{"@type":"WebPage","@id":"https:\/\/cocon.com.ar\/product\/sillon-gervasoni-individual\/","url":"https:\/\/cocon.com.ar\/product\/sillon-gervasoni-individual\/","name":"Sillon Gervasoni Individual - Cocon","isPartOf":{"@id":"https:\/\/cocon.com.ar\/#website"},"primaryImageOfPage":{"@id":"https:\/\/cocon.com.ar\/product\/sillon-gervasoni-individual\/#primaryimage"},"image":{"@id":"https:\/\/cocon.com.ar\/product\/sillon-gervasoni-individual\/#primaryimage"},"thumbnailUrl":"https:\/\/cocon.com.ar\/wp-content\/uploads\/2023\/08\/sillon-gervasoni-2.png","datePublished":"2023-08-01T11:48:05+00:00","dateModified":"2023-09-11T14:11:15+00:00","breadcrumb":{"@id":"https:\/\/cocon.com.ar\/product\/sillon-gervasoni-individual\/#breadcrumb"},"inLanguage":"es-AR","potentialAction":[{"@type":"ReadAction","target":["https:\/\/cocon.com.ar\/product\/sillon-gervasoni-individual\/"]}]},{"@type":"ImageObject","inLanguage":"es-AR","@id":"https:\/\/cocon.com.ar\/product\/sillon-gervasoni-individual\/#primaryimage","url":"https:\/\/cocon.com.ar\/wp-content\/uploads\/2023\/08\/sillon-gervasoni-2.png","contentUrl":"https:\/\/cocon.com.ar\/wp-content\/uploads\/2023\/08\/sillon-gervasoni-2.png","width":600,"height":600},{"@type":"BreadcrumbList","@id":"https:\/\/cocon.com.ar\/product\/sillon-gervasoni-individual\/#breadcrumb","itemListElement":[{"@type":"ListItem","position":1,"name":"Portada","item":"https:\/\/cocon.com.ar\/"},{"@type":"ListItem","position":2,"name":"Shop","item":"https:\/\/cocon.com.ar\/shop\/"},{"@type":"ListItem","position":3,"name":"Sillon Gervasoni Individual"}]},{"@type":"WebSite","@id":"https:\/\/cocon.com.ar\/#website","url":"https:\/\/cocon.com.ar\/","name":"Cocon","description":"Estudio de Interiorismo_ Styling &amp; Deco","publisher":{"@id":"https:\/\/cocon.com.ar\/#organization"},"potentialAction":[{"@type":"SearchAction","target":{"@type":"EntryPoint","urlTemplate":"https:\/\/cocon.com.ar\/?s={search_term_string}"},"query-input":{"@type":"PropertyValueSpecification","valueRequired":true,"valueName":"search_term_string"}}],"inLanguage":"es-AR"},{"@type":"Organization","@id":"https:\/\/cocon.com.ar\/#organization","name":"Cocon","url":"https:\/\/cocon.com.ar\/","logo":{"@type":"ImageObject","inLanguage":"es-AR","@id":"https:\/\/cocon.com.ar\/#\/schema\/logo\/image\/","url":"https:\/\/cocon.com.ar\/wp-content\/uploads\/2023\/09\/cropped-cropped-ei_1695218943890-removebg-preview.png","contentUrl":"https:\/\/cocon.com.ar\/wp-content\/uploads\/2023\/09\/cropped-cropped-ei_1695218943890-removebg-preview.png","width":512,"height":341,"caption":"Cocon"},"image":{"@id":"https:\/\/cocon.com.ar\/#\/schema\/logo\/image\/"},"sameAs":["http:\/\/facebook.com\/cocon.muebles","https:\/\/www.instagram.com\/cocon.deco","https:\/\/www.youtube.com\/@cocon663"]}]}},"_links":{"self":[{"href":"https:\/\/cocon.com.ar\/es\/wp-json\/wp\/v2\/product\/1979","targetHints":{"allow":["GET"]}}],"collection":[{"href":"https:\/\/cocon.com.ar\/es\/wp-json\/wp\/v2\/product"}],"about":[{"href":"https:\/\/cocon.com.ar\/es\/wp-json\/wp\/v2\/types\/product"}],"replies":[{"embeddable":true,"href":"https:\/\/cocon.com.ar\/es\/wp-json\/wp\/v2\/comments?post=1979"}],"wp:featuredmedia":[{"embeddable":true,"href":"https:\/\/cocon.com.ar\/es\/wp-json\/wp\/v2\/media\/2647"}],"wp:attachment":[{"href":"https:\/\/cocon.com.ar\/es\/wp-json\/wp\/v2\/media?parent=1979"}],"wp:term":[{"taxonomy":"product_cat","embeddable":true,"href":"https:\/\/cocon.com.ar\/es\/wp-json\/wp\/v2\/product_cat?post=1979"},{"taxonomy":"product_tag","embeddable":true,"href":"https:\/\/cocon.com.ar\/es\/wp-json\/wp\/v2\/product_tag?post=1979"}],"curies":[{"name":"wp","href":"https:\/\/api.w.org\/{rel}","templated":true}]}}