{"id":2009,"date":"2023-08-01T11:48:10","date_gmt":"2023-08-01T11:48:10","guid":{"rendered":"https:\/\/cocon.com.ar\/?post_type=product&#038;p=2009"},"modified":"2023-09-12T00:01:41","modified_gmt":"2023-09-12T00:01:41","slug":"lampara-canute-de-pie","status":"publish","type":"product","link":"https:\/\/cocon.com.ar\/es\/product\/lampara-canute-de-pie\/","title":{"rendered":"L\u00e1mpara Canute de Pie"},"content":{"rendered":"<p>L\u00e1mpara Canute de Pie<br \/>\nIdeal para ambientar todos tus ambientes o complementar tus espacios de relax, living o sector de lectura<br \/>\nEst\u00e9tica &amp; elegante lampara de pie<br \/>\nRealizada en hierro con pintura negra al horno microtexturada &amp; madera torneada cedro natural con l\u00e1mpara minidicro\u00edca de LED inclu\u00edda<br \/>\nMedidas: 175 x 25 cm<\/p>","protected":false},"excerpt":{"rendered":"<p>L\u00e1mpara Canute de Pie Ideal para ambientar todos tus ambientes o complementar tus espacios de relax, living o sector de lectura Est\u00e9tica &amp; elegante lampara de pie Realizada en hierro con pintura negra al horno microtexturada &amp; madera torneada cedro natural con l\u00e1mpara minidicro\u00edca de LED inclu\u00edda Medidas: 175 x 25 cm<\/p>","protected":false},"featured_media":2936,"comment_status":"closed","ping_status":"closed","template":"","meta":{"inline_featured_image":false,"_joinchat":[]},"product_cat":[136,180],"product_tag":[],"class_list":["post-2009","product","type-product","status-publish","has-post-thumbnail","hentry","product_cat-iluminacion-deco","product_cat-de-pie"],"yoast_head":"<!-- This site is optimized with the Yoast SEO plugin v26.5 - https:\/\/yoast.com\/wordpress\/plugins\/seo\/ -->\n<title>L\u00e1mpara Canute de Pie - Cocon<\/title>\n<meta name=\"robots\" content=\"noindex, follow, max-snippet:-1, max-image-preview:large, max-video-preview:-1\" \/>\n<meta property=\"og:locale\" content=\"es_ES\" \/>\n<meta property=\"og:type\" content=\"article\" \/>\n<meta property=\"og:title\" content=\"L\u00e1mpara Canute de Pie - Cocon\" \/>\n<meta property=\"og:description\" content=\"L\u00e1mpara Canute de Pie Ideal para ambientar todos tus ambientes o complementar tus espacios de relax, living o sector de lectura Est\u00e9tica &amp; elegante lampara de pie Realizada en hierro con pintura negra al horno microtexturada &amp; madera torneada cedro natural con l\u00e1mpara minidicro\u00edca de LED inclu\u00edda Medidas: 175 x 25 cm\" \/>\n<meta property=\"og:url\" content=\"https:\/\/cocon.com.ar\/es\/product\/lampara-canute-de-pie\/\" \/>\n<meta property=\"og:site_name\" content=\"Cocon\" \/>\n<meta property=\"article:publisher\" content=\"http:\/\/facebook.com\/cocon.muebles\" \/>\n<meta property=\"article:modified_time\" content=\"2023-09-12T00:01:41+00:00\" \/>\n<meta property=\"og:image\" content=\"https:\/\/cocon.com.ar\/wp-content\/uploads\/2023\/08\/canute.png\" \/>\n\t<meta property=\"og:image:width\" content=\"600\" \/>\n\t<meta property=\"og:image:height\" content=\"600\" \/>\n\t<meta property=\"og:image:type\" content=\"image\/png\" \/>\n<meta name=\"twitter:card\" content=\"summary_large_image\" \/>\n<meta name=\"twitter:label1\" content=\"Tiempo de lectura\" \/>\n\t<meta name=\"twitter:data1\" content=\"1 minuto\" \/>\n<script type=\"application\/ld+json\" class=\"yoast-schema-graph\">{\"@context\":\"https:\/\/schema.org\",\"@graph\":[{\"@type\":\"WebPage\",\"@id\":\"https:\/\/cocon.com.ar\/product\/lampara-canute-de-pie\/\",\"url\":\"https:\/\/cocon.com.ar\/product\/lampara-canute-de-pie\/\",\"name\":\"L\u00e1mpara Canute de Pie - Cocon\",\"isPartOf\":{\"@id\":\"https:\/\/cocon.com.ar\/#website\"},\"primaryImageOfPage\":{\"@id\":\"https:\/\/cocon.com.ar\/product\/lampara-canute-de-pie\/#primaryimage\"},\"image\":{\"@id\":\"https:\/\/cocon.com.ar\/product\/lampara-canute-de-pie\/#primaryimage\"},\"thumbnailUrl\":\"https:\/\/cocon.com.ar\/wp-content\/uploads\/2023\/08\/canute.png\",\"datePublished\":\"2023-08-01T11:48:10+00:00\",\"dateModified\":\"2023-09-12T00:01:41+00:00\",\"breadcrumb\":{\"@id\":\"https:\/\/cocon.com.ar\/product\/lampara-canute-de-pie\/#breadcrumb\"},\"inLanguage\":\"es-AR\",\"potentialAction\":[{\"@type\":\"ReadAction\",\"target\":[\"https:\/\/cocon.com.ar\/product\/lampara-canute-de-pie\/\"]}]},{\"@type\":\"ImageObject\",\"inLanguage\":\"es-AR\",\"@id\":\"https:\/\/cocon.com.ar\/product\/lampara-canute-de-pie\/#primaryimage\",\"url\":\"https:\/\/cocon.com.ar\/wp-content\/uploads\/2023\/08\/canute.png\",\"contentUrl\":\"https:\/\/cocon.com.ar\/wp-content\/uploads\/2023\/08\/canute.png\",\"width\":600,\"height\":600},{\"@type\":\"BreadcrumbList\",\"@id\":\"https:\/\/cocon.com.ar\/product\/lampara-canute-de-pie\/#breadcrumb\",\"itemListElement\":[{\"@type\":\"ListItem\",\"position\":1,\"name\":\"Portada\",\"item\":\"https:\/\/cocon.com.ar\/\"},{\"@type\":\"ListItem\",\"position\":2,\"name\":\"Shop\",\"item\":\"https:\/\/cocon.com.ar\/shop\/\"},{\"@type\":\"ListItem\",\"position\":3,\"name\":\"L\u00e1mpara Canute de Pie\"}]},{\"@type\":\"WebSite\",\"@id\":\"https:\/\/cocon.com.ar\/#website\",\"url\":\"https:\/\/cocon.com.ar\/\",\"name\":\"Cocon\",\"description\":\"Estudio de Interiorismo_ Styling &amp; Deco\",\"publisher\":{\"@id\":\"https:\/\/cocon.com.ar\/#organization\"},\"potentialAction\":[{\"@type\":\"SearchAction\",\"target\":{\"@type\":\"EntryPoint\",\"urlTemplate\":\"https:\/\/cocon.com.ar\/?s={search_term_string}\"},\"query-input\":{\"@type\":\"PropertyValueSpecification\",\"valueRequired\":true,\"valueName\":\"search_term_string\"}}],\"inLanguage\":\"es-AR\"},{\"@type\":\"Organization\",\"@id\":\"https:\/\/cocon.com.ar\/#organization\",\"name\":\"Cocon\",\"url\":\"https:\/\/cocon.com.ar\/\",\"logo\":{\"@type\":\"ImageObject\",\"inLanguage\":\"es-AR\",\"@id\":\"https:\/\/cocon.com.ar\/#\/schema\/logo\/image\/\",\"url\":\"https:\/\/cocon.com.ar\/wp-content\/uploads\/2023\/09\/cropped-cropped-ei_1695218943890-removebg-preview.png\",\"contentUrl\":\"https:\/\/cocon.com.ar\/wp-content\/uploads\/2023\/09\/cropped-cropped-ei_1695218943890-removebg-preview.png\",\"width\":512,\"height\":341,\"caption\":\"Cocon\"},\"image\":{\"@id\":\"https:\/\/cocon.com.ar\/#\/schema\/logo\/image\/\"},\"sameAs\":[\"http:\/\/facebook.com\/cocon.muebles\",\"https:\/\/www.instagram.com\/cocon.deco\",\"https:\/\/www.youtube.com\/@cocon663\"]}]}<\/script>\n<!-- \/ Yoast SEO plugin. -->","yoast_head_json":{"title":"L\u00e1mpara Canute de Pie - Cocon","robots":{"index":"noindex","follow":"follow","max-snippet":"max-snippet:-1","max-image-preview":"max-image-preview:large","max-video-preview":"max-video-preview:-1"},"og_locale":"es_ES","og_type":"article","og_title":"L\u00e1mpara Canute de Pie - Cocon","og_description":"L\u00e1mpara Canute de Pie Ideal para ambientar todos tus ambientes o complementar tus espacios de relax, living o sector de lectura Est\u00e9tica &amp; elegante lampara de pie Realizada en hierro con pintura negra al horno microtexturada &amp; madera torneada cedro natural con l\u00e1mpara minidicro\u00edca de LED inclu\u00edda Medidas: 175 x 25 cm","og_url":"https:\/\/cocon.com.ar\/es\/product\/lampara-canute-de-pie\/","og_site_name":"Cocon","article_publisher":"http:\/\/facebook.com\/cocon.muebles","article_modified_time":"2023-09-12T00:01:41+00:00","og_image":[{"width":600,"height":600,"url":"https:\/\/cocon.com.ar\/wp-content\/uploads\/2023\/08\/canute.png","type":"image\/png"}],"twitter_card":"summary_large_image","twitter_misc":{"Tiempo de lectura":"1 minuto"},"schema":{"@context":"https:\/\/schema.org","@graph":[{"@type":"WebPage","@id":"https:\/\/cocon.com.ar\/product\/lampara-canute-de-pie\/","url":"https:\/\/cocon.com.ar\/product\/lampara-canute-de-pie\/","name":"L\u00e1mpara Canute de Pie - Cocon","isPartOf":{"@id":"https:\/\/cocon.com.ar\/#website"},"primaryImageOfPage":{"@id":"https:\/\/cocon.com.ar\/product\/lampara-canute-de-pie\/#primaryimage"},"image":{"@id":"https:\/\/cocon.com.ar\/product\/lampara-canute-de-pie\/#primaryimage"},"thumbnailUrl":"https:\/\/cocon.com.ar\/wp-content\/uploads\/2023\/08\/canute.png","datePublished":"2023-08-01T11:48:10+00:00","dateModified":"2023-09-12T00:01:41+00:00","breadcrumb":{"@id":"https:\/\/cocon.com.ar\/product\/lampara-canute-de-pie\/#breadcrumb"},"inLanguage":"es-AR","potentialAction":[{"@type":"ReadAction","target":["https:\/\/cocon.com.ar\/product\/lampara-canute-de-pie\/"]}]},{"@type":"ImageObject","inLanguage":"es-AR","@id":"https:\/\/cocon.com.ar\/product\/lampara-canute-de-pie\/#primaryimage","url":"https:\/\/cocon.com.ar\/wp-content\/uploads\/2023\/08\/canute.png","contentUrl":"https:\/\/cocon.com.ar\/wp-content\/uploads\/2023\/08\/canute.png","width":600,"height":600},{"@type":"BreadcrumbList","@id":"https:\/\/cocon.com.ar\/product\/lampara-canute-de-pie\/#breadcrumb","itemListElement":[{"@type":"ListItem","position":1,"name":"Portada","item":"https:\/\/cocon.com.ar\/"},{"@type":"ListItem","position":2,"name":"Shop","item":"https:\/\/cocon.com.ar\/shop\/"},{"@type":"ListItem","position":3,"name":"L\u00e1mpara Canute de Pie"}]},{"@type":"WebSite","@id":"https:\/\/cocon.com.ar\/#website","url":"https:\/\/cocon.com.ar\/","name":"Cocon","description":"Estudio de Interiorismo_ Styling &amp; Deco","publisher":{"@id":"https:\/\/cocon.com.ar\/#organization"},"potentialAction":[{"@type":"SearchAction","target":{"@type":"EntryPoint","urlTemplate":"https:\/\/cocon.com.ar\/?s={search_term_string}"},"query-input":{"@type":"PropertyValueSpecification","valueRequired":true,"valueName":"search_term_string"}}],"inLanguage":"es-AR"},{"@type":"Organization","@id":"https:\/\/cocon.com.ar\/#organization","name":"Cocon","url":"https:\/\/cocon.com.ar\/","logo":{"@type":"ImageObject","inLanguage":"es-AR","@id":"https:\/\/cocon.com.ar\/#\/schema\/logo\/image\/","url":"https:\/\/cocon.com.ar\/wp-content\/uploads\/2023\/09\/cropped-cropped-ei_1695218943890-removebg-preview.png","contentUrl":"https:\/\/cocon.com.ar\/wp-content\/uploads\/2023\/09\/cropped-cropped-ei_1695218943890-removebg-preview.png","width":512,"height":341,"caption":"Cocon"},"image":{"@id":"https:\/\/cocon.com.ar\/#\/schema\/logo\/image\/"},"sameAs":["http:\/\/facebook.com\/cocon.muebles","https:\/\/www.instagram.com\/cocon.deco","https:\/\/www.youtube.com\/@cocon663"]}]}},"_links":{"self":[{"href":"https:\/\/cocon.com.ar\/es\/wp-json\/wp\/v2\/product\/2009","targetHints":{"allow":["GET"]}}],"collection":[{"href":"https:\/\/cocon.com.ar\/es\/wp-json\/wp\/v2\/product"}],"about":[{"href":"https:\/\/cocon.com.ar\/es\/wp-json\/wp\/v2\/types\/product"}],"replies":[{"embeddable":true,"href":"https:\/\/cocon.com.ar\/es\/wp-json\/wp\/v2\/comments?post=2009"}],"wp:featuredmedia":[{"embeddable":true,"href":"https:\/\/cocon.com.ar\/es\/wp-json\/wp\/v2\/media\/2936"}],"wp:attachment":[{"href":"https:\/\/cocon.com.ar\/es\/wp-json\/wp\/v2\/media?parent=2009"}],"wp:term":[{"taxonomy":"product_cat","embeddable":true,"href":"https:\/\/cocon.com.ar\/es\/wp-json\/wp\/v2\/product_cat?post=2009"},{"taxonomy":"product_tag","embeddable":true,"href":"https:\/\/cocon.com.ar\/es\/wp-json\/wp\/v2\/product_tag?post=2009"}],"curies":[{"name":"wp","href":"https:\/\/api.w.org\/{rel}","templated":true}]}}