{"id":2012,"date":"2023-08-01T11:48:10","date_gmt":"2023-08-01T11:48:10","guid":{"rendered":"https:\/\/cocon.com.ar\/?post_type=product&#038;p=2012"},"modified":"2023-08-01T11:48:13","modified_gmt":"2023-08-01T11:48:13","slug":"tabla-gaman-xxl","status":"publish","type":"product","link":"https:\/\/cocon.com.ar\/es\/product\/tabla-gaman-xxl\/","title":{"rendered":"Tabla Gaman XXL"},"content":{"rendered":"<p>Tabla Gaman XXL<br \/>\nTabla de presentaci\u00f3n gastron\u00f3mica, para servir sushi o cualquier acompa\u00f1amiento<br \/>\nIdeal para agasajar a tus invitados &#038; acompa\u00f1ar tus comidas.<br \/>\nRealizada en madera maciza de Guayubira<br \/>\nRustica, oroginal &#038; de excelente calidad, duradera &#038; curada con cera y aceite. Lista para usar.<\/p>\n<p>MEDIDAS:<br \/>\n30 x 15cm<br \/>\n40 x 20cm<br \/>\n50 x 12cm<\/p>","protected":false},"excerpt":{"rendered":"<p>Tabla Gaman XXL Tabla de presentaci\u00f3n gastron\u00f3mica, para servir sushi o cualquier acompa\u00f1amiento Ideal para agasajar a tus invitados &#038; acompa\u00f1ar tus comidas. Realizada en madera maciza de Guayubira Rustica, oroginal &#038; de excelente calidad, duradera &#038; curada con cera y aceite. Lista para usar. MEDIDAS: 30 x 15cm 40 x 20cm 50 x 12cm<\/p>","protected":false},"featured_media":0,"comment_status":"open","ping_status":"closed","template":"","meta":{"inline_featured_image":false,"_joinchat":[]},"product_cat":[15],"product_tag":[],"class_list":["post-2012","product","type-product","status-publish","hentry","product_cat-varios"],"yoast_head":"<!-- This site is optimized with the Yoast SEO plugin v26.5 - https:\/\/yoast.com\/wordpress\/plugins\/seo\/ -->\n<title>Tabla Gaman XXL - Cocon<\/title>\n<meta name=\"robots\" content=\"noindex, follow, max-snippet:-1, max-image-preview:large, max-video-preview:-1\" \/>\n<meta property=\"og:locale\" content=\"es_ES\" \/>\n<meta property=\"og:type\" content=\"article\" \/>\n<meta property=\"og:title\" content=\"Tabla Gaman XXL - Cocon\" \/>\n<meta property=\"og:description\" content=\"Tabla Gaman XXL Tabla de presentaci\u00f3n gastron\u00f3mica, para servir sushi o cualquier acompa\u00f1amiento Ideal para agasajar a tus invitados &#038; acompa\u00f1ar tus comidas. Realizada en madera maciza de Guayubira Rustica, oroginal &#038; de excelente calidad, duradera &#038; curada con cera y aceite. Lista para usar. MEDIDAS: 30 x 15cm 40 x 20cm 50 x 12cm\" \/>\n<meta property=\"og:url\" content=\"https:\/\/cocon.com.ar\/es\/product\/tabla-gaman-xxl\/\" \/>\n<meta property=\"og:site_name\" content=\"Cocon\" \/>\n<meta property=\"article:publisher\" content=\"http:\/\/facebook.com\/cocon.muebles\" \/>\n<meta property=\"article:modified_time\" content=\"2023-08-01T11:48:13+00:00\" \/>\n<meta name=\"twitter:card\" content=\"summary_large_image\" \/>\n<script type=\"application\/ld+json\" class=\"yoast-schema-graph\">{\"@context\":\"https:\/\/schema.org\",\"@graph\":[{\"@type\":\"WebPage\",\"@id\":\"https:\/\/cocon.com.ar\/product\/tabla-gaman-xxl\/\",\"url\":\"https:\/\/cocon.com.ar\/product\/tabla-gaman-xxl\/\",\"name\":\"Tabla Gaman XXL - Cocon\",\"isPartOf\":{\"@id\":\"https:\/\/cocon.com.ar\/#website\"},\"datePublished\":\"2023-08-01T11:48:10+00:00\",\"dateModified\":\"2023-08-01T11:48:13+00:00\",\"breadcrumb\":{\"@id\":\"https:\/\/cocon.com.ar\/product\/tabla-gaman-xxl\/#breadcrumb\"},\"inLanguage\":\"es-AR\",\"potentialAction\":[{\"@type\":\"ReadAction\",\"target\":[\"https:\/\/cocon.com.ar\/product\/tabla-gaman-xxl\/\"]}]},{\"@type\":\"BreadcrumbList\",\"@id\":\"https:\/\/cocon.com.ar\/product\/tabla-gaman-xxl\/#breadcrumb\",\"itemListElement\":[{\"@type\":\"ListItem\",\"position\":1,\"name\":\"Portada\",\"item\":\"https:\/\/cocon.com.ar\/\"},{\"@type\":\"ListItem\",\"position\":2,\"name\":\"Shop\",\"item\":\"https:\/\/cocon.com.ar\/shop\/\"},{\"@type\":\"ListItem\",\"position\":3,\"name\":\"Tabla Gaman XXL\"}]},{\"@type\":\"WebSite\",\"@id\":\"https:\/\/cocon.com.ar\/#website\",\"url\":\"https:\/\/cocon.com.ar\/\",\"name\":\"Cocon\",\"description\":\"Estudio de Interiorismo_ Styling &amp; Deco\",\"publisher\":{\"@id\":\"https:\/\/cocon.com.ar\/#organization\"},\"potentialAction\":[{\"@type\":\"SearchAction\",\"target\":{\"@type\":\"EntryPoint\",\"urlTemplate\":\"https:\/\/cocon.com.ar\/?s={search_term_string}\"},\"query-input\":{\"@type\":\"PropertyValueSpecification\",\"valueRequired\":true,\"valueName\":\"search_term_string\"}}],\"inLanguage\":\"es-AR\"},{\"@type\":\"Organization\",\"@id\":\"https:\/\/cocon.com.ar\/#organization\",\"name\":\"Cocon\",\"url\":\"https:\/\/cocon.com.ar\/\",\"logo\":{\"@type\":\"ImageObject\",\"inLanguage\":\"es-AR\",\"@id\":\"https:\/\/cocon.com.ar\/#\/schema\/logo\/image\/\",\"url\":\"https:\/\/cocon.com.ar\/wp-content\/uploads\/2023\/09\/cropped-cropped-ei_1695218943890-removebg-preview.png\",\"contentUrl\":\"https:\/\/cocon.com.ar\/wp-content\/uploads\/2023\/09\/cropped-cropped-ei_1695218943890-removebg-preview.png\",\"width\":512,\"height\":341,\"caption\":\"Cocon\"},\"image\":{\"@id\":\"https:\/\/cocon.com.ar\/#\/schema\/logo\/image\/\"},\"sameAs\":[\"http:\/\/facebook.com\/cocon.muebles\",\"https:\/\/www.instagram.com\/cocon.deco\",\"https:\/\/www.youtube.com\/@cocon663\"]}]}<\/script>\n<!-- \/ Yoast SEO plugin. -->","yoast_head_json":{"title":"Tabla Gaman XXL - Cocon","robots":{"index":"noindex","follow":"follow","max-snippet":"max-snippet:-1","max-image-preview":"max-image-preview:large","max-video-preview":"max-video-preview:-1"},"og_locale":"es_ES","og_type":"article","og_title":"Tabla Gaman XXL - Cocon","og_description":"Tabla Gaman XXL Tabla de presentaci\u00f3n gastron\u00f3mica, para servir sushi o cualquier acompa\u00f1amiento Ideal para agasajar a tus invitados &#038; acompa\u00f1ar tus comidas. Realizada en madera maciza de Guayubira Rustica, oroginal &#038; de excelente calidad, duradera &#038; curada con cera y aceite. Lista para usar. MEDIDAS: 30 x 15cm 40 x 20cm 50 x 12cm","og_url":"https:\/\/cocon.com.ar\/es\/product\/tabla-gaman-xxl\/","og_site_name":"Cocon","article_publisher":"http:\/\/facebook.com\/cocon.muebles","article_modified_time":"2023-08-01T11:48:13+00:00","twitter_card":"summary_large_image","schema":{"@context":"https:\/\/schema.org","@graph":[{"@type":"WebPage","@id":"https:\/\/cocon.com.ar\/product\/tabla-gaman-xxl\/","url":"https:\/\/cocon.com.ar\/product\/tabla-gaman-xxl\/","name":"Tabla Gaman XXL - Cocon","isPartOf":{"@id":"https:\/\/cocon.com.ar\/#website"},"datePublished":"2023-08-01T11:48:10+00:00","dateModified":"2023-08-01T11:48:13+00:00","breadcrumb":{"@id":"https:\/\/cocon.com.ar\/product\/tabla-gaman-xxl\/#breadcrumb"},"inLanguage":"es-AR","potentialAction":[{"@type":"ReadAction","target":["https:\/\/cocon.com.ar\/product\/tabla-gaman-xxl\/"]}]},{"@type":"BreadcrumbList","@id":"https:\/\/cocon.com.ar\/product\/tabla-gaman-xxl\/#breadcrumb","itemListElement":[{"@type":"ListItem","position":1,"name":"Portada","item":"https:\/\/cocon.com.ar\/"},{"@type":"ListItem","position":2,"name":"Shop","item":"https:\/\/cocon.com.ar\/shop\/"},{"@type":"ListItem","position":3,"name":"Tabla Gaman XXL"}]},{"@type":"WebSite","@id":"https:\/\/cocon.com.ar\/#website","url":"https:\/\/cocon.com.ar\/","name":"Cocon","description":"Estudio de Interiorismo_ Styling &amp; Deco","publisher":{"@id":"https:\/\/cocon.com.ar\/#organization"},"potentialAction":[{"@type":"SearchAction","target":{"@type":"EntryPoint","urlTemplate":"https:\/\/cocon.com.ar\/?s={search_term_string}"},"query-input":{"@type":"PropertyValueSpecification","valueRequired":true,"valueName":"search_term_string"}}],"inLanguage":"es-AR"},{"@type":"Organization","@id":"https:\/\/cocon.com.ar\/#organization","name":"Cocon","url":"https:\/\/cocon.com.ar\/","logo":{"@type":"ImageObject","inLanguage":"es-AR","@id":"https:\/\/cocon.com.ar\/#\/schema\/logo\/image\/","url":"https:\/\/cocon.com.ar\/wp-content\/uploads\/2023\/09\/cropped-cropped-ei_1695218943890-removebg-preview.png","contentUrl":"https:\/\/cocon.com.ar\/wp-content\/uploads\/2023\/09\/cropped-cropped-ei_1695218943890-removebg-preview.png","width":512,"height":341,"caption":"Cocon"},"image":{"@id":"https:\/\/cocon.com.ar\/#\/schema\/logo\/image\/"},"sameAs":["http:\/\/facebook.com\/cocon.muebles","https:\/\/www.instagram.com\/cocon.deco","https:\/\/www.youtube.com\/@cocon663"]}]}},"_links":{"self":[{"href":"https:\/\/cocon.com.ar\/es\/wp-json\/wp\/v2\/product\/2012","targetHints":{"allow":["GET"]}}],"collection":[{"href":"https:\/\/cocon.com.ar\/es\/wp-json\/wp\/v2\/product"}],"about":[{"href":"https:\/\/cocon.com.ar\/es\/wp-json\/wp\/v2\/types\/product"}],"replies":[{"embeddable":true,"href":"https:\/\/cocon.com.ar\/es\/wp-json\/wp\/v2\/comments?post=2012"}],"wp:attachment":[{"href":"https:\/\/cocon.com.ar\/es\/wp-json\/wp\/v2\/media?parent=2012"}],"wp:term":[{"taxonomy":"product_cat","embeddable":true,"href":"https:\/\/cocon.com.ar\/es\/wp-json\/wp\/v2\/product_cat?post=2012"},{"taxonomy":"product_tag","embeddable":true,"href":"https:\/\/cocon.com.ar\/es\/wp-json\/wp\/v2\/product_tag?post=2012"}],"curies":[{"name":"wp","href":"https:\/\/api.w.org\/{rel}","templated":true}]}}