{"id":2021,"date":"2023-08-01T11:48:11","date_gmt":"2023-08-01T11:48:11","guid":{"rendered":"https:\/\/cocon.com.ar\/?post_type=product&#038;p=2021"},"modified":"2023-10-23T15:31:51","modified_gmt":"2023-10-23T15:31:51","slug":"silla-tolix","status":"publish","type":"product","link":"https:\/\/cocon.com.ar\/es\/product\/silla-tolix\/","title":{"rendered":"Silla Tolix"},"content":{"rendered":"<p>Silla Industrial<br \/>\nEsta silla industrial tiene un dise\u00f1o innovador, el cual combina perfectamente con nuestra Mesa Valentino o Nuestra Mesa Cruz.<\/p>\n<p>Este modelo tiene su origen en el dise\u00f1o de mobiliario incaico, a finales de la d\u00e9cada del 30. Para Comedor, para salones de eventos, bares, el quincho de tu casa o una galer\u00eda visten el ambiente y combinan con el hierro de la mesa, la iluminaci\u00f3n y objetos decorativos varios en yute o ratan.<br \/>\nSilla Estilo Industrial<br \/>\nEsta silla tolix est\u00e1 confeccionada en metal el color m\u00e1s elegido ppor su elegancia es el color negro mate. Es la acompa\u00f1ante ideal de tu mesa de comedor o galer\u00eda, ya que son aptas interior y exterior.<\/p>\n<p>C\u00f3modas y duraderas. se adaptan a todos los ambientes y estilos. Miles de resto y bares est\u00e1n usando nuestras sillas de modelo industrial por su forma de apilar y su est\u00edlo vintage. tienen un peso de 7 kilos, y resisten casi 180 kilos de peso.\u00a0 Somos fabricantes directos y contamos con stock constantemente. Podemos realizar otros modelos de sillas y banquetas o sillones combinables como ver\u00e1s en productos relacionados. Como la banqueta tolix y el sill\u00f3n diamond.<\/p>\n<p>MATERIALES:<br \/>\nEstructura y asciento en metal, color negro mate.<\/p>\n<p>El tratamiento de pintura es UV.<\/p>","protected":false},"excerpt":{"rendered":"<p>Silla Industrial Esta silla industrial tiene un dise\u00f1o innovador, el cual combina perfectamente con nuestra Mesa Valentino o Nuestra Mesa Cruz. Este modelo tiene su origen en el dise\u00f1o de mobiliario incaico, a finales de la d\u00e9cada del 30. Para Comedor, para salones de eventos, bares, el quincho de tu casa o una galer\u00eda visten [&hellip;]<\/p>","protected":false},"featured_media":2620,"comment_status":"closed","ping_status":"closed","template":"","meta":{"inline_featured_image":false,"_joinchat":[]},"product_cat":[138,134],"product_tag":[167,197,154,155,198,200,196],"class_list":["post-2021","product","type-product","status-publish","has-post-thumbnail","hentry","product_cat-comedor","product_cat-sillas","product_tag-comedor","product_tag-diseno","product_tag-estilo-industrial","product_tag-exterior","product_tag-silla-exterior","product_tag-silla-galeria","product_tag-silla-industrial"],"yoast_head":"<!-- This site is optimized with the Yoast SEO plugin v26.5 - https:\/\/yoast.com\/wordpress\/plugins\/seo\/ -->\n<title>Silla Tolix - Cocon - Somos Fabricantes - Cocon<\/title>\n<meta name=\"description\" content=\"Incre\u00edble silla industrial! No te pierdas la oportunidad de tener las tuyas. ingresa a nuestra tienda para ver colores y m\u00e1s modelos. Consultar Stock!\" \/>\n<meta name=\"robots\" content=\"noindex, follow, max-snippet:-1, max-image-preview:large, max-video-preview:-1\" \/>\n<meta property=\"og:locale\" content=\"es_ES\" \/>\n<meta property=\"og:type\" content=\"article\" \/>\n<meta property=\"og:title\" content=\"Silla Tolix - Cocon - Somos Fabricantes - Cocon\" \/>\n<meta property=\"og:description\" content=\"Incre\u00edble silla industrial! No te pierdas la oportunidad de tener las tuyas. ingresa a nuestra tienda para ver colores y m\u00e1s modelos. Consultar Stock!\" \/>\n<meta property=\"og:url\" content=\"https:\/\/cocon.com.ar\/es\/product\/silla-tolix\/\" \/>\n<meta property=\"og:site_name\" content=\"Cocon\" \/>\n<meta property=\"article:publisher\" content=\"http:\/\/facebook.com\/cocon.muebles\" \/>\n<meta property=\"article:modified_time\" content=\"2023-10-23T15:31:51+00:00\" \/>\n<meta property=\"og:image\" content=\"https:\/\/cocon.com.ar\/wp-content\/uploads\/2023\/08\/silla-tolix-1.png\" \/>\n\t<meta property=\"og:image:width\" content=\"600\" \/>\n\t<meta property=\"og:image:height\" content=\"600\" \/>\n\t<meta property=\"og:image:type\" content=\"image\/png\" \/>\n<meta name=\"twitter:card\" content=\"summary_large_image\" \/>\n<meta name=\"twitter:label1\" content=\"Tiempo de lectura\" \/>\n\t<meta name=\"twitter:data1\" content=\"1 minuto\" \/>\n<script type=\"application\/ld+json\" class=\"yoast-schema-graph\">{\"@context\":\"https:\/\/schema.org\",\"@graph\":[{\"@type\":\"WebPage\",\"@id\":\"https:\/\/cocon.com.ar\/product\/silla-tolix\/\",\"url\":\"https:\/\/cocon.com.ar\/product\/silla-tolix\/\",\"name\":\"Silla Tolix - Cocon - Somos Fabricantes - Cocon\",\"isPartOf\":{\"@id\":\"https:\/\/cocon.com.ar\/#website\"},\"primaryImageOfPage\":{\"@id\":\"https:\/\/cocon.com.ar\/product\/silla-tolix\/#primaryimage\"},\"image\":{\"@id\":\"https:\/\/cocon.com.ar\/product\/silla-tolix\/#primaryimage\"},\"thumbnailUrl\":\"https:\/\/cocon.com.ar\/wp-content\/uploads\/2023\/08\/silla-tolix-1.png\",\"datePublished\":\"2023-08-01T11:48:11+00:00\",\"dateModified\":\"2023-10-23T15:31:51+00:00\",\"description\":\"Incre\u00edble silla industrial! No te pierdas la oportunidad de tener las tuyas. ingresa a nuestra tienda para ver colores y m\u00e1s modelos. Consultar Stock!\",\"breadcrumb\":{\"@id\":\"https:\/\/cocon.com.ar\/product\/silla-tolix\/#breadcrumb\"},\"inLanguage\":\"es-AR\",\"potentialAction\":[{\"@type\":\"ReadAction\",\"target\":[\"https:\/\/cocon.com.ar\/product\/silla-tolix\/\"]}]},{\"@type\":\"ImageObject\",\"inLanguage\":\"es-AR\",\"@id\":\"https:\/\/cocon.com.ar\/product\/silla-tolix\/#primaryimage\",\"url\":\"https:\/\/cocon.com.ar\/wp-content\/uploads\/2023\/08\/silla-tolix-1.png\",\"contentUrl\":\"https:\/\/cocon.com.ar\/wp-content\/uploads\/2023\/08\/silla-tolix-1.png\",\"width\":600,\"height\":600},{\"@type\":\"BreadcrumbList\",\"@id\":\"https:\/\/cocon.com.ar\/product\/silla-tolix\/#breadcrumb\",\"itemListElement\":[{\"@type\":\"ListItem\",\"position\":1,\"name\":\"Portada\",\"item\":\"https:\/\/cocon.com.ar\/\"},{\"@type\":\"ListItem\",\"position\":2,\"name\":\"Shop\",\"item\":\"https:\/\/cocon.com.ar\/shop\/\"},{\"@type\":\"ListItem\",\"position\":3,\"name\":\"Silla Tolix\"}]},{\"@type\":\"WebSite\",\"@id\":\"https:\/\/cocon.com.ar\/#website\",\"url\":\"https:\/\/cocon.com.ar\/\",\"name\":\"Cocon\",\"description\":\"Estudio de Interiorismo_ Styling &amp; Deco\",\"publisher\":{\"@id\":\"https:\/\/cocon.com.ar\/#organization\"},\"potentialAction\":[{\"@type\":\"SearchAction\",\"target\":{\"@type\":\"EntryPoint\",\"urlTemplate\":\"https:\/\/cocon.com.ar\/?s={search_term_string}\"},\"query-input\":{\"@type\":\"PropertyValueSpecification\",\"valueRequired\":true,\"valueName\":\"search_term_string\"}}],\"inLanguage\":\"es-AR\"},{\"@type\":\"Organization\",\"@id\":\"https:\/\/cocon.com.ar\/#organization\",\"name\":\"Cocon\",\"url\":\"https:\/\/cocon.com.ar\/\",\"logo\":{\"@type\":\"ImageObject\",\"inLanguage\":\"es-AR\",\"@id\":\"https:\/\/cocon.com.ar\/#\/schema\/logo\/image\/\",\"url\":\"https:\/\/cocon.com.ar\/wp-content\/uploads\/2023\/09\/cropped-cropped-ei_1695218943890-removebg-preview.png\",\"contentUrl\":\"https:\/\/cocon.com.ar\/wp-content\/uploads\/2023\/09\/cropped-cropped-ei_1695218943890-removebg-preview.png\",\"width\":512,\"height\":341,\"caption\":\"Cocon\"},\"image\":{\"@id\":\"https:\/\/cocon.com.ar\/#\/schema\/logo\/image\/\"},\"sameAs\":[\"http:\/\/facebook.com\/cocon.muebles\",\"https:\/\/www.instagram.com\/cocon.deco\",\"https:\/\/www.youtube.com\/@cocon663\"]}]}<\/script>\n<!-- \/ Yoast SEO plugin. -->","yoast_head_json":{"title":"Silla Tolix - Cocon - Somos Fabricantes - Cocon","description":"Incre\u00edble silla industrial! No te pierdas la oportunidad de tener las tuyas. ingresa a nuestra tienda para ver colores y m\u00e1s modelos. Consultar Stock!","robots":{"index":"noindex","follow":"follow","max-snippet":"max-snippet:-1","max-image-preview":"max-image-preview:large","max-video-preview":"max-video-preview:-1"},"og_locale":"es_ES","og_type":"article","og_title":"Silla Tolix - Cocon - Somos Fabricantes - Cocon","og_description":"Incre\u00edble silla industrial! No te pierdas la oportunidad de tener las tuyas. ingresa a nuestra tienda para ver colores y m\u00e1s modelos. Consultar Stock!","og_url":"https:\/\/cocon.com.ar\/es\/product\/silla-tolix\/","og_site_name":"Cocon","article_publisher":"http:\/\/facebook.com\/cocon.muebles","article_modified_time":"2023-10-23T15:31:51+00:00","og_image":[{"width":600,"height":600,"url":"https:\/\/cocon.com.ar\/wp-content\/uploads\/2023\/08\/silla-tolix-1.png","type":"image\/png"}],"twitter_card":"summary_large_image","twitter_misc":{"Tiempo de lectura":"1 minuto"},"schema":{"@context":"https:\/\/schema.org","@graph":[{"@type":"WebPage","@id":"https:\/\/cocon.com.ar\/product\/silla-tolix\/","url":"https:\/\/cocon.com.ar\/product\/silla-tolix\/","name":"Silla Tolix - Cocon - Somos Fabricantes - Cocon","isPartOf":{"@id":"https:\/\/cocon.com.ar\/#website"},"primaryImageOfPage":{"@id":"https:\/\/cocon.com.ar\/product\/silla-tolix\/#primaryimage"},"image":{"@id":"https:\/\/cocon.com.ar\/product\/silla-tolix\/#primaryimage"},"thumbnailUrl":"https:\/\/cocon.com.ar\/wp-content\/uploads\/2023\/08\/silla-tolix-1.png","datePublished":"2023-08-01T11:48:11+00:00","dateModified":"2023-10-23T15:31:51+00:00","description":"Incre\u00edble silla industrial! No te pierdas la oportunidad de tener las tuyas. ingresa a nuestra tienda para ver colores y m\u00e1s modelos. Consultar Stock!","breadcrumb":{"@id":"https:\/\/cocon.com.ar\/product\/silla-tolix\/#breadcrumb"},"inLanguage":"es-AR","potentialAction":[{"@type":"ReadAction","target":["https:\/\/cocon.com.ar\/product\/silla-tolix\/"]}]},{"@type":"ImageObject","inLanguage":"es-AR","@id":"https:\/\/cocon.com.ar\/product\/silla-tolix\/#primaryimage","url":"https:\/\/cocon.com.ar\/wp-content\/uploads\/2023\/08\/silla-tolix-1.png","contentUrl":"https:\/\/cocon.com.ar\/wp-content\/uploads\/2023\/08\/silla-tolix-1.png","width":600,"height":600},{"@type":"BreadcrumbList","@id":"https:\/\/cocon.com.ar\/product\/silla-tolix\/#breadcrumb","itemListElement":[{"@type":"ListItem","position":1,"name":"Portada","item":"https:\/\/cocon.com.ar\/"},{"@type":"ListItem","position":2,"name":"Shop","item":"https:\/\/cocon.com.ar\/shop\/"},{"@type":"ListItem","position":3,"name":"Silla Tolix"}]},{"@type":"WebSite","@id":"https:\/\/cocon.com.ar\/#website","url":"https:\/\/cocon.com.ar\/","name":"Cocon","description":"Estudio de Interiorismo_ Styling &amp; Deco","publisher":{"@id":"https:\/\/cocon.com.ar\/#organization"},"potentialAction":[{"@type":"SearchAction","target":{"@type":"EntryPoint","urlTemplate":"https:\/\/cocon.com.ar\/?s={search_term_string}"},"query-input":{"@type":"PropertyValueSpecification","valueRequired":true,"valueName":"search_term_string"}}],"inLanguage":"es-AR"},{"@type":"Organization","@id":"https:\/\/cocon.com.ar\/#organization","name":"Cocon","url":"https:\/\/cocon.com.ar\/","logo":{"@type":"ImageObject","inLanguage":"es-AR","@id":"https:\/\/cocon.com.ar\/#\/schema\/logo\/image\/","url":"https:\/\/cocon.com.ar\/wp-content\/uploads\/2023\/09\/cropped-cropped-ei_1695218943890-removebg-preview.png","contentUrl":"https:\/\/cocon.com.ar\/wp-content\/uploads\/2023\/09\/cropped-cropped-ei_1695218943890-removebg-preview.png","width":512,"height":341,"caption":"Cocon"},"image":{"@id":"https:\/\/cocon.com.ar\/#\/schema\/logo\/image\/"},"sameAs":["http:\/\/facebook.com\/cocon.muebles","https:\/\/www.instagram.com\/cocon.deco","https:\/\/www.youtube.com\/@cocon663"]}]}},"_links":{"self":[{"href":"https:\/\/cocon.com.ar\/es\/wp-json\/wp\/v2\/product\/2021","targetHints":{"allow":["GET"]}}],"collection":[{"href":"https:\/\/cocon.com.ar\/es\/wp-json\/wp\/v2\/product"}],"about":[{"href":"https:\/\/cocon.com.ar\/es\/wp-json\/wp\/v2\/types\/product"}],"replies":[{"embeddable":true,"href":"https:\/\/cocon.com.ar\/es\/wp-json\/wp\/v2\/comments?post=2021"}],"wp:featuredmedia":[{"embeddable":true,"href":"https:\/\/cocon.com.ar\/es\/wp-json\/wp\/v2\/media\/2620"}],"wp:attachment":[{"href":"https:\/\/cocon.com.ar\/es\/wp-json\/wp\/v2\/media?parent=2021"}],"wp:term":[{"taxonomy":"product_cat","embeddable":true,"href":"https:\/\/cocon.com.ar\/es\/wp-json\/wp\/v2\/product_cat?post=2021"},{"taxonomy":"product_tag","embeddable":true,"href":"https:\/\/cocon.com.ar\/es\/wp-json\/wp\/v2\/product_tag?post=2021"}],"curies":[{"name":"wp","href":"https:\/\/api.w.org\/{rel}","templated":true}]}}