{"id":2023,"date":"2023-08-01T11:48:12","date_gmt":"2023-08-01T11:48:12","guid":{"rendered":"https:\/\/cocon.com.ar\/?post_type=product&#038;p=2023"},"modified":"2023-09-14T15:18:33","modified_gmt":"2023-09-14T15:18:33","slug":"banqueta-nina-wood","status":"publish","type":"product","link":"https:\/\/cocon.com.ar\/es\/product\/banqueta-nina-wood\/","title":{"rendered":"Banqueta Nina Wood"},"content":{"rendered":"<p>Banqueta Tapizada<br \/>\nLa banqueta Nina Wood es un modelo novedoso y moderno. Tiene un dise\u00f1o innovador, el cual combina perfectamente con nuestras barras de madera &amp; hierro. Realizadas en su estructura con tapizado de lino o ecocuero con estructura en madera con terminaci\u00f3n laqueada.<br \/>\nEste modelo de banqueta es la acompa\u00f1ante ideal para tu Barra o Desayunador, para salones de eventos, bares, el quincho de tu casa o una galeria. Visten el ambiente y combinan con el hierro de la una barra\/mesa, la iluminacion y objetos decorativos varios.<br \/>\nBanqueta Lino<br \/>\nEsta banqueta esta confeccionada en tapizado de lino o ecocuero &amp; ca\u00f1o con madera laqueada. Colores disponibles negro, gris perla, beig, azul y blanco.<br \/>\nC\u00f3modas y vers\u00e1tiles, se adaptan a todos los ambientes y estilos. Miles de restos y bares estan usando nuestras sillas de estilo moderno por su dise\u00f1o innovador y su comodidad. Tienen un peso de 6 kilos, y resisten casi 150 kilos de peso. Somos fabricantes directos y contamos con stock constantemente. Podemos realizar otros modelos de sillas, banquetas y sillones como veras en productos relacionados. Como la silla emma, palta wood, la Banqueta Milo &amp; la banqueta ema.<br \/>\nDelicadas, com\u00f3das, perfectamente combinables con otros estilos como el rustico moderno, n\u00f3rdico e industrial.<br \/>\nBanqueta Moderna<\/p>\n<p>MATERIALES:<br \/>\nEstructura de madera laqueada y tapizado a elecci\u00f3n en lino antimanchas o ecocuero.<br \/>\nColores disponibles: Negro, Gris Perla, Blanco y Beige.<br \/>\nTerminacion de primera calidad.<\/p>\n<p>MEDIDAS:<\/p>\n<p>50 ancho x 50 prof x 74 h al asiento (117 h total)<\/p>","protected":false},"excerpt":{"rendered":"<p>Banqueta Tapizada La banqueta Nina Wood es un modelo novedoso y moderno. Tiene un dise\u00f1o innovador, el cual combina perfectamente con nuestras barras de madera &amp; hierro. Realizadas en su estructura con tapizado de lino o ecocuero con estructura en madera con terminaci\u00f3n laqueada. Este modelo de banqueta es la acompa\u00f1ante ideal para tu Barra [&hellip;]<\/p>","protected":false},"featured_media":2507,"comment_status":"closed","ping_status":"closed","template":"","meta":{"inline_featured_image":false,"_joinchat":[]},"product_cat":[138,168],"product_tag":[224,222,226,228,227,148],"class_list":["post-2023","product","type-product","status-publish","has-post-thumbnail","hentry","product_cat-comedor","product_cat-banquetas","product_tag-banqueta-diseno","product_tag-banqueta-interior","product_tag-banqueta-nordica","product_tag-barra","product_tag-desayunador","product_tag-interior"],"yoast_head":"<!-- This site is optimized with the Yoast SEO plugin v26.5 - https:\/\/yoast.com\/wordpress\/plugins\/seo\/ -->\n<title>Banqueta Nina Wood - Cocon - Somos Fabricantes - Cocon<\/title>\n<meta name=\"description\" content=\"\u00a1Incre\u00edble banqueta n\u00f3rdica! no te pierdas la oportunidad de tener las tuyas. ingresa a nuestra tienda para ver colores y m\u00e1s modelos. Stock Disponible\" \/>\n<meta name=\"robots\" content=\"noindex, follow, max-snippet:-1, max-image-preview:large, max-video-preview:-1\" \/>\n<meta property=\"og:locale\" content=\"es_ES\" \/>\n<meta property=\"og:type\" content=\"article\" \/>\n<meta property=\"og:title\" content=\"Banqueta Nina Wood - Cocon - Somos Fabricantes - Cocon\" \/>\n<meta property=\"og:description\" content=\"\u00a1Incre\u00edble banqueta n\u00f3rdica! no te pierdas la oportunidad de tener las tuyas. ingresa a nuestra tienda para ver colores y m\u00e1s modelos. Stock Disponible\" \/>\n<meta property=\"og:url\" content=\"https:\/\/cocon.com.ar\/es\/product\/banqueta-nina-wood\/\" \/>\n<meta property=\"og:site_name\" content=\"Cocon\" \/>\n<meta property=\"article:publisher\" content=\"http:\/\/facebook.com\/cocon.muebles\" \/>\n<meta property=\"article:modified_time\" content=\"2023-09-14T15:18:33+00:00\" \/>\n<meta property=\"og:image\" content=\"https:\/\/cocon.com.ar\/wp-content\/uploads\/2023\/08\/silla-tolix-6.png\" \/>\n\t<meta property=\"og:image:width\" content=\"600\" \/>\n\t<meta property=\"og:image:height\" content=\"600\" \/>\n\t<meta property=\"og:image:type\" content=\"image\/png\" \/>\n<meta name=\"twitter:card\" content=\"summary_large_image\" \/>\n<meta name=\"twitter:label1\" content=\"Tiempo de lectura\" \/>\n\t<meta name=\"twitter:data1\" content=\"2 minutos\" \/>\n<script type=\"application\/ld+json\" class=\"yoast-schema-graph\">{\"@context\":\"https:\/\/schema.org\",\"@graph\":[{\"@type\":\"WebPage\",\"@id\":\"https:\/\/cocon.com.ar\/product\/banqueta-nina-wood\/\",\"url\":\"https:\/\/cocon.com.ar\/product\/banqueta-nina-wood\/\",\"name\":\"Banqueta Nina Wood - Cocon - Somos Fabricantes - Cocon\",\"isPartOf\":{\"@id\":\"https:\/\/cocon.com.ar\/#website\"},\"primaryImageOfPage\":{\"@id\":\"https:\/\/cocon.com.ar\/product\/banqueta-nina-wood\/#primaryimage\"},\"image\":{\"@id\":\"https:\/\/cocon.com.ar\/product\/banqueta-nina-wood\/#primaryimage\"},\"thumbnailUrl\":\"https:\/\/cocon.com.ar\/wp-content\/uploads\/2023\/08\/silla-tolix-6.png\",\"datePublished\":\"2023-08-01T11:48:12+00:00\",\"dateModified\":\"2023-09-14T15:18:33+00:00\",\"description\":\"\u00a1Incre\u00edble banqueta n\u00f3rdica! no te pierdas la oportunidad de tener las tuyas. ingresa a nuestra tienda para ver colores y m\u00e1s modelos. Stock Disponible\",\"breadcrumb\":{\"@id\":\"https:\/\/cocon.com.ar\/product\/banqueta-nina-wood\/#breadcrumb\"},\"inLanguage\":\"es-AR\",\"potentialAction\":[{\"@type\":\"ReadAction\",\"target\":[\"https:\/\/cocon.com.ar\/product\/banqueta-nina-wood\/\"]}]},{\"@type\":\"ImageObject\",\"inLanguage\":\"es-AR\",\"@id\":\"https:\/\/cocon.com.ar\/product\/banqueta-nina-wood\/#primaryimage\",\"url\":\"https:\/\/cocon.com.ar\/wp-content\/uploads\/2023\/08\/silla-tolix-6.png\",\"contentUrl\":\"https:\/\/cocon.com.ar\/wp-content\/uploads\/2023\/08\/silla-tolix-6.png\",\"width\":600,\"height\":600},{\"@type\":\"BreadcrumbList\",\"@id\":\"https:\/\/cocon.com.ar\/product\/banqueta-nina-wood\/#breadcrumb\",\"itemListElement\":[{\"@type\":\"ListItem\",\"position\":1,\"name\":\"Portada\",\"item\":\"https:\/\/cocon.com.ar\/\"},{\"@type\":\"ListItem\",\"position\":2,\"name\":\"Shop\",\"item\":\"https:\/\/cocon.com.ar\/shop\/\"},{\"@type\":\"ListItem\",\"position\":3,\"name\":\"Banqueta Nina Wood\"}]},{\"@type\":\"WebSite\",\"@id\":\"https:\/\/cocon.com.ar\/#website\",\"url\":\"https:\/\/cocon.com.ar\/\",\"name\":\"Cocon\",\"description\":\"Estudio de Interiorismo_ Styling &amp; Deco\",\"publisher\":{\"@id\":\"https:\/\/cocon.com.ar\/#organization\"},\"potentialAction\":[{\"@type\":\"SearchAction\",\"target\":{\"@type\":\"EntryPoint\",\"urlTemplate\":\"https:\/\/cocon.com.ar\/?s={search_term_string}\"},\"query-input\":{\"@type\":\"PropertyValueSpecification\",\"valueRequired\":true,\"valueName\":\"search_term_string\"}}],\"inLanguage\":\"es-AR\"},{\"@type\":\"Organization\",\"@id\":\"https:\/\/cocon.com.ar\/#organization\",\"name\":\"Cocon\",\"url\":\"https:\/\/cocon.com.ar\/\",\"logo\":{\"@type\":\"ImageObject\",\"inLanguage\":\"es-AR\",\"@id\":\"https:\/\/cocon.com.ar\/#\/schema\/logo\/image\/\",\"url\":\"https:\/\/cocon.com.ar\/wp-content\/uploads\/2023\/09\/cropped-cropped-ei_1695218943890-removebg-preview.png\",\"contentUrl\":\"https:\/\/cocon.com.ar\/wp-content\/uploads\/2023\/09\/cropped-cropped-ei_1695218943890-removebg-preview.png\",\"width\":512,\"height\":341,\"caption\":\"Cocon\"},\"image\":{\"@id\":\"https:\/\/cocon.com.ar\/#\/schema\/logo\/image\/\"},\"sameAs\":[\"http:\/\/facebook.com\/cocon.muebles\",\"https:\/\/www.instagram.com\/cocon.deco\",\"https:\/\/www.youtube.com\/@cocon663\"]}]}<\/script>\n<!-- \/ Yoast SEO plugin. -->","yoast_head_json":{"title":"Banqueta Nina Wood - Cocon - Somos Fabricantes - Cocon","description":"\u00a1Incre\u00edble banqueta n\u00f3rdica! no te pierdas la oportunidad de tener las tuyas. ingresa a nuestra tienda para ver colores y m\u00e1s modelos. Stock Disponible","robots":{"index":"noindex","follow":"follow","max-snippet":"max-snippet:-1","max-image-preview":"max-image-preview:large","max-video-preview":"max-video-preview:-1"},"og_locale":"es_ES","og_type":"article","og_title":"Banqueta Nina Wood - Cocon - Somos Fabricantes - Cocon","og_description":"\u00a1Incre\u00edble banqueta n\u00f3rdica! no te pierdas la oportunidad de tener las tuyas. ingresa a nuestra tienda para ver colores y m\u00e1s modelos. Stock Disponible","og_url":"https:\/\/cocon.com.ar\/es\/product\/banqueta-nina-wood\/","og_site_name":"Cocon","article_publisher":"http:\/\/facebook.com\/cocon.muebles","article_modified_time":"2023-09-14T15:18:33+00:00","og_image":[{"width":600,"height":600,"url":"https:\/\/cocon.com.ar\/wp-content\/uploads\/2023\/08\/silla-tolix-6.png","type":"image\/png"}],"twitter_card":"summary_large_image","twitter_misc":{"Tiempo de lectura":"2 minutos"},"schema":{"@context":"https:\/\/schema.org","@graph":[{"@type":"WebPage","@id":"https:\/\/cocon.com.ar\/product\/banqueta-nina-wood\/","url":"https:\/\/cocon.com.ar\/product\/banqueta-nina-wood\/","name":"Banqueta Nina Wood - Cocon - Somos Fabricantes - Cocon","isPartOf":{"@id":"https:\/\/cocon.com.ar\/#website"},"primaryImageOfPage":{"@id":"https:\/\/cocon.com.ar\/product\/banqueta-nina-wood\/#primaryimage"},"image":{"@id":"https:\/\/cocon.com.ar\/product\/banqueta-nina-wood\/#primaryimage"},"thumbnailUrl":"https:\/\/cocon.com.ar\/wp-content\/uploads\/2023\/08\/silla-tolix-6.png","datePublished":"2023-08-01T11:48:12+00:00","dateModified":"2023-09-14T15:18:33+00:00","description":"\u00a1Incre\u00edble banqueta n\u00f3rdica! no te pierdas la oportunidad de tener las tuyas. ingresa a nuestra tienda para ver colores y m\u00e1s modelos. Stock Disponible","breadcrumb":{"@id":"https:\/\/cocon.com.ar\/product\/banqueta-nina-wood\/#breadcrumb"},"inLanguage":"es-AR","potentialAction":[{"@type":"ReadAction","target":["https:\/\/cocon.com.ar\/product\/banqueta-nina-wood\/"]}]},{"@type":"ImageObject","inLanguage":"es-AR","@id":"https:\/\/cocon.com.ar\/product\/banqueta-nina-wood\/#primaryimage","url":"https:\/\/cocon.com.ar\/wp-content\/uploads\/2023\/08\/silla-tolix-6.png","contentUrl":"https:\/\/cocon.com.ar\/wp-content\/uploads\/2023\/08\/silla-tolix-6.png","width":600,"height":600},{"@type":"BreadcrumbList","@id":"https:\/\/cocon.com.ar\/product\/banqueta-nina-wood\/#breadcrumb","itemListElement":[{"@type":"ListItem","position":1,"name":"Portada","item":"https:\/\/cocon.com.ar\/"},{"@type":"ListItem","position":2,"name":"Shop","item":"https:\/\/cocon.com.ar\/shop\/"},{"@type":"ListItem","position":3,"name":"Banqueta Nina Wood"}]},{"@type":"WebSite","@id":"https:\/\/cocon.com.ar\/#website","url":"https:\/\/cocon.com.ar\/","name":"Cocon","description":"Estudio de Interiorismo_ Styling &amp; Deco","publisher":{"@id":"https:\/\/cocon.com.ar\/#organization"},"potentialAction":[{"@type":"SearchAction","target":{"@type":"EntryPoint","urlTemplate":"https:\/\/cocon.com.ar\/?s={search_term_string}"},"query-input":{"@type":"PropertyValueSpecification","valueRequired":true,"valueName":"search_term_string"}}],"inLanguage":"es-AR"},{"@type":"Organization","@id":"https:\/\/cocon.com.ar\/#organization","name":"Cocon","url":"https:\/\/cocon.com.ar\/","logo":{"@type":"ImageObject","inLanguage":"es-AR","@id":"https:\/\/cocon.com.ar\/#\/schema\/logo\/image\/","url":"https:\/\/cocon.com.ar\/wp-content\/uploads\/2023\/09\/cropped-cropped-ei_1695218943890-removebg-preview.png","contentUrl":"https:\/\/cocon.com.ar\/wp-content\/uploads\/2023\/09\/cropped-cropped-ei_1695218943890-removebg-preview.png","width":512,"height":341,"caption":"Cocon"},"image":{"@id":"https:\/\/cocon.com.ar\/#\/schema\/logo\/image\/"},"sameAs":["http:\/\/facebook.com\/cocon.muebles","https:\/\/www.instagram.com\/cocon.deco","https:\/\/www.youtube.com\/@cocon663"]}]}},"_links":{"self":[{"href":"https:\/\/cocon.com.ar\/es\/wp-json\/wp\/v2\/product\/2023","targetHints":{"allow":["GET"]}}],"collection":[{"href":"https:\/\/cocon.com.ar\/es\/wp-json\/wp\/v2\/product"}],"about":[{"href":"https:\/\/cocon.com.ar\/es\/wp-json\/wp\/v2\/types\/product"}],"replies":[{"embeddable":true,"href":"https:\/\/cocon.com.ar\/es\/wp-json\/wp\/v2\/comments?post=2023"}],"wp:featuredmedia":[{"embeddable":true,"href":"https:\/\/cocon.com.ar\/es\/wp-json\/wp\/v2\/media\/2507"}],"wp:attachment":[{"href":"https:\/\/cocon.com.ar\/es\/wp-json\/wp\/v2\/media?parent=2023"}],"wp:term":[{"taxonomy":"product_cat","embeddable":true,"href":"https:\/\/cocon.com.ar\/es\/wp-json\/wp\/v2\/product_cat?post=2023"},{"taxonomy":"product_tag","embeddable":true,"href":"https:\/\/cocon.com.ar\/es\/wp-json\/wp\/v2\/product_tag?post=2023"}],"curies":[{"name":"wp","href":"https:\/\/api.w.org\/{rel}","templated":true}]}}