{"id":2024,"date":"2023-08-01T11:48:12","date_gmt":"2023-08-01T11:48:12","guid":{"rendered":"https:\/\/cocon.com.ar\/?post_type=product&#038;p=2024"},"modified":"2023-09-09T15:39:12","modified_gmt":"2023-09-09T15:39:12","slug":"banqueta-coni","status":"publish","type":"product","link":"https:\/\/cocon.com.ar\/es\/product\/banqueta-coni\/","title":{"rendered":"Banqueta Coni"},"content":{"rendered":"<p>Banqueta N\u00f3rdica<br \/>\nLa banqueta Coni es un modelo novedoso y moderno. Tiene un dise\u00f1o innovador, el cual combina perfectamente con nuestras barras de madera, o de madera &amp;amp; hierro. Realizadas en su estructura en polipr\u00f3pileno inyectdo con estructura en madera de lenga con terminaci\u00f3n laqueada.<br \/>\nEste modelo de banqueta es la acompa\u00f1ante ideal para tu Barra o Desayunador, para salones de eventos, bares, el quincho de tu casa o una galeria. Visten el ambiente y combinan con el hierro de la una barra\/mesa, la iluminacion y objetos decorativos varios.<br \/>\nBanqueta Moderna<br \/>\nEsta banqueta esta confeccionada en su estructura en polipropileno inyectado, posee respaldo Flex y sus patas estan realizas en madera de lenga laqueada.<\/p>\n<p>Colores disponibles:<\/p>\n<p>&lt;strong&gt;Colores de posapi&eacute;s:&nbsp;&lt;\/strong&gt;Estandar: Blanco y Negro.&nbsp;Opcionales:&nbsp;Grafito. Ceniza. Rojo. Verde. Amarillo. Turquesa. Naranja. Aguamarina.<br \/>\n&lt;strong&gt;Colores de asiento:&lt;\/strong&gt;&nbsp;Blanco. Aguamarina. Cielo. Cobre. Arena. Negro.<\/p>\n<p>C\u00f3modas y vers\u00e1tiles, se adaptan a todos los ambientes y estilos. Miles de restos y bares estan usando nuestras sillas de estilo moderno por su dise\u00f1o innovador y su comodidad. Tienen un peso de 6 kilos, y resisten casi 150 kilos de peso. Somos fabricantes directos y contamos con stock constantemente. Podemos realizar otros modelos de sillas, banquetas y sillones como veras en productos relacionados. Como la silla coni &amp;amp; silla magna.<br \/>\nDelicadas, com\u00f3das, perfectamente combinables con otros estilos como el rustico moderno, n\u00f3rdico e industrial.<br \/>\nBanqueta Moderna<br \/>\nMATERIALES:<br \/>\nEstructura en polipr\u00f3pileno inyectado y patas conicas en madera de lenga laqueada.<br \/>\nTerminacion de primera calidad.<\/p>\n<p>MEDIDAS:<\/p>\n<p>43 ancho x 40 prof x 75 h al asiento (113 h total)<\/p>","protected":false},"excerpt":{"rendered":"<p>Banqueta N\u00f3rdica La banqueta Coni es un modelo novedoso y moderno. Tiene un dise\u00f1o innovador, el cual combina perfectamente con nuestras barras de madera, o de madera &amp;amp; hierro. Realizadas en su estructura en polipr\u00f3pileno inyectdo con estructura en madera de lenga con terminaci\u00f3n laqueada. Este modelo de banqueta es la acompa\u00f1ante ideal para tu [&hellip;]<\/p>","protected":false},"featured_media":2503,"comment_status":"open","ping_status":"closed","template":"","meta":{"inline_featured_image":false,"_joinchat":[]},"product_cat":[15],"product_tag":[],"class_list":["post-2024","product","type-product","status-publish","has-post-thumbnail","hentry","product_cat-varios"],"yoast_head":"<!-- This site is optimized with the Yoast SEO plugin v26.5 - https:\/\/yoast.com\/wordpress\/plugins\/seo\/ -->\n<title>Banqueta Coni - Cocon<\/title>\n<meta name=\"robots\" content=\"noindex, follow, max-snippet:-1, max-image-preview:large, max-video-preview:-1\" \/>\n<meta property=\"og:locale\" content=\"es_ES\" \/>\n<meta property=\"og:type\" content=\"article\" \/>\n<meta property=\"og:title\" content=\"Banqueta Coni - Cocon\" \/>\n<meta property=\"og:description\" content=\"Banqueta N\u00f3rdica La banqueta Coni es un modelo novedoso y moderno. Tiene un dise\u00f1o innovador, el cual combina perfectamente con nuestras barras de madera, o de madera &amp;amp; hierro. Realizadas en su estructura en polipr\u00f3pileno inyectdo con estructura en madera de lenga con terminaci\u00f3n laqueada. Este modelo de banqueta es la acompa\u00f1ante ideal para tu [&hellip;]\" \/>\n<meta property=\"og:url\" content=\"https:\/\/cocon.com.ar\/es\/product\/banqueta-coni\/\" \/>\n<meta property=\"og:site_name\" content=\"Cocon\" \/>\n<meta property=\"article:publisher\" content=\"http:\/\/facebook.com\/cocon.muebles\" \/>\n<meta property=\"article:modified_time\" content=\"2023-09-09T15:39:12+00:00\" \/>\n<meta property=\"og:image\" content=\"https:\/\/cocon.com.ar\/wp-content\/uploads\/2023\/08\/banqueta-coni-2.png\" \/>\n\t<meta property=\"og:image:width\" content=\"600\" \/>\n\t<meta property=\"og:image:height\" content=\"600\" \/>\n\t<meta property=\"og:image:type\" content=\"image\/png\" \/>\n<meta name=\"twitter:card\" content=\"summary_large_image\" \/>\n<meta name=\"twitter:label1\" content=\"Tiempo de lectura\" \/>\n\t<meta name=\"twitter:data1\" content=\"1 minuto\" \/>\n<script type=\"application\/ld+json\" class=\"yoast-schema-graph\">{\"@context\":\"https:\/\/schema.org\",\"@graph\":[{\"@type\":\"WebPage\",\"@id\":\"https:\/\/cocon.com.ar\/product\/banqueta-coni\/\",\"url\":\"https:\/\/cocon.com.ar\/product\/banqueta-coni\/\",\"name\":\"Banqueta Coni - Cocon\",\"isPartOf\":{\"@id\":\"https:\/\/cocon.com.ar\/#website\"},\"primaryImageOfPage\":{\"@id\":\"https:\/\/cocon.com.ar\/product\/banqueta-coni\/#primaryimage\"},\"image\":{\"@id\":\"https:\/\/cocon.com.ar\/product\/banqueta-coni\/#primaryimage\"},\"thumbnailUrl\":\"https:\/\/cocon.com.ar\/wp-content\/uploads\/2023\/08\/banqueta-coni-2.png\",\"datePublished\":\"2023-08-01T11:48:12+00:00\",\"dateModified\":\"2023-09-09T15:39:12+00:00\",\"breadcrumb\":{\"@id\":\"https:\/\/cocon.com.ar\/product\/banqueta-coni\/#breadcrumb\"},\"inLanguage\":\"es-AR\",\"potentialAction\":[{\"@type\":\"ReadAction\",\"target\":[\"https:\/\/cocon.com.ar\/product\/banqueta-coni\/\"]}]},{\"@type\":\"ImageObject\",\"inLanguage\":\"es-AR\",\"@id\":\"https:\/\/cocon.com.ar\/product\/banqueta-coni\/#primaryimage\",\"url\":\"https:\/\/cocon.com.ar\/wp-content\/uploads\/2023\/08\/banqueta-coni-2.png\",\"contentUrl\":\"https:\/\/cocon.com.ar\/wp-content\/uploads\/2023\/08\/banqueta-coni-2.png\",\"width\":600,\"height\":600},{\"@type\":\"BreadcrumbList\",\"@id\":\"https:\/\/cocon.com.ar\/product\/banqueta-coni\/#breadcrumb\",\"itemListElement\":[{\"@type\":\"ListItem\",\"position\":1,\"name\":\"Portada\",\"item\":\"https:\/\/cocon.com.ar\/\"},{\"@type\":\"ListItem\",\"position\":2,\"name\":\"Shop\",\"item\":\"https:\/\/cocon.com.ar\/shop\/\"},{\"@type\":\"ListItem\",\"position\":3,\"name\":\"Banqueta Coni\"}]},{\"@type\":\"WebSite\",\"@id\":\"https:\/\/cocon.com.ar\/#website\",\"url\":\"https:\/\/cocon.com.ar\/\",\"name\":\"Cocon\",\"description\":\"Estudio de Interiorismo_ Styling &amp; Deco\",\"publisher\":{\"@id\":\"https:\/\/cocon.com.ar\/#organization\"},\"potentialAction\":[{\"@type\":\"SearchAction\",\"target\":{\"@type\":\"EntryPoint\",\"urlTemplate\":\"https:\/\/cocon.com.ar\/?s={search_term_string}\"},\"query-input\":{\"@type\":\"PropertyValueSpecification\",\"valueRequired\":true,\"valueName\":\"search_term_string\"}}],\"inLanguage\":\"es-AR\"},{\"@type\":\"Organization\",\"@id\":\"https:\/\/cocon.com.ar\/#organization\",\"name\":\"Cocon\",\"url\":\"https:\/\/cocon.com.ar\/\",\"logo\":{\"@type\":\"ImageObject\",\"inLanguage\":\"es-AR\",\"@id\":\"https:\/\/cocon.com.ar\/#\/schema\/logo\/image\/\",\"url\":\"https:\/\/cocon.com.ar\/wp-content\/uploads\/2023\/09\/cropped-cropped-ei_1695218943890-removebg-preview.png\",\"contentUrl\":\"https:\/\/cocon.com.ar\/wp-content\/uploads\/2023\/09\/cropped-cropped-ei_1695218943890-removebg-preview.png\",\"width\":512,\"height\":341,\"caption\":\"Cocon\"},\"image\":{\"@id\":\"https:\/\/cocon.com.ar\/#\/schema\/logo\/image\/\"},\"sameAs\":[\"http:\/\/facebook.com\/cocon.muebles\",\"https:\/\/www.instagram.com\/cocon.deco\",\"https:\/\/www.youtube.com\/@cocon663\"]}]}<\/script>\n<!-- \/ Yoast SEO plugin. -->","yoast_head_json":{"title":"Banqueta Coni - Cocon","robots":{"index":"noindex","follow":"follow","max-snippet":"max-snippet:-1","max-image-preview":"max-image-preview:large","max-video-preview":"max-video-preview:-1"},"og_locale":"es_ES","og_type":"article","og_title":"Banqueta Coni - Cocon","og_description":"Banqueta N\u00f3rdica La banqueta Coni es un modelo novedoso y moderno. Tiene un dise\u00f1o innovador, el cual combina perfectamente con nuestras barras de madera, o de madera &amp;amp; hierro. Realizadas en su estructura en polipr\u00f3pileno inyectdo con estructura en madera de lenga con terminaci\u00f3n laqueada. Este modelo de banqueta es la acompa\u00f1ante ideal para tu [&hellip;]","og_url":"https:\/\/cocon.com.ar\/es\/product\/banqueta-coni\/","og_site_name":"Cocon","article_publisher":"http:\/\/facebook.com\/cocon.muebles","article_modified_time":"2023-09-09T15:39:12+00:00","og_image":[{"width":600,"height":600,"url":"https:\/\/cocon.com.ar\/wp-content\/uploads\/2023\/08\/banqueta-coni-2.png","type":"image\/png"}],"twitter_card":"summary_large_image","twitter_misc":{"Tiempo de lectura":"1 minuto"},"schema":{"@context":"https:\/\/schema.org","@graph":[{"@type":"WebPage","@id":"https:\/\/cocon.com.ar\/product\/banqueta-coni\/","url":"https:\/\/cocon.com.ar\/product\/banqueta-coni\/","name":"Banqueta Coni - Cocon","isPartOf":{"@id":"https:\/\/cocon.com.ar\/#website"},"primaryImageOfPage":{"@id":"https:\/\/cocon.com.ar\/product\/banqueta-coni\/#primaryimage"},"image":{"@id":"https:\/\/cocon.com.ar\/product\/banqueta-coni\/#primaryimage"},"thumbnailUrl":"https:\/\/cocon.com.ar\/wp-content\/uploads\/2023\/08\/banqueta-coni-2.png","datePublished":"2023-08-01T11:48:12+00:00","dateModified":"2023-09-09T15:39:12+00:00","breadcrumb":{"@id":"https:\/\/cocon.com.ar\/product\/banqueta-coni\/#breadcrumb"},"inLanguage":"es-AR","potentialAction":[{"@type":"ReadAction","target":["https:\/\/cocon.com.ar\/product\/banqueta-coni\/"]}]},{"@type":"ImageObject","inLanguage":"es-AR","@id":"https:\/\/cocon.com.ar\/product\/banqueta-coni\/#primaryimage","url":"https:\/\/cocon.com.ar\/wp-content\/uploads\/2023\/08\/banqueta-coni-2.png","contentUrl":"https:\/\/cocon.com.ar\/wp-content\/uploads\/2023\/08\/banqueta-coni-2.png","width":600,"height":600},{"@type":"BreadcrumbList","@id":"https:\/\/cocon.com.ar\/product\/banqueta-coni\/#breadcrumb","itemListElement":[{"@type":"ListItem","position":1,"name":"Portada","item":"https:\/\/cocon.com.ar\/"},{"@type":"ListItem","position":2,"name":"Shop","item":"https:\/\/cocon.com.ar\/shop\/"},{"@type":"ListItem","position":3,"name":"Banqueta Coni"}]},{"@type":"WebSite","@id":"https:\/\/cocon.com.ar\/#website","url":"https:\/\/cocon.com.ar\/","name":"Cocon","description":"Estudio de Interiorismo_ Styling &amp; Deco","publisher":{"@id":"https:\/\/cocon.com.ar\/#organization"},"potentialAction":[{"@type":"SearchAction","target":{"@type":"EntryPoint","urlTemplate":"https:\/\/cocon.com.ar\/?s={search_term_string}"},"query-input":{"@type":"PropertyValueSpecification","valueRequired":true,"valueName":"search_term_string"}}],"inLanguage":"es-AR"},{"@type":"Organization","@id":"https:\/\/cocon.com.ar\/#organization","name":"Cocon","url":"https:\/\/cocon.com.ar\/","logo":{"@type":"ImageObject","inLanguage":"es-AR","@id":"https:\/\/cocon.com.ar\/#\/schema\/logo\/image\/","url":"https:\/\/cocon.com.ar\/wp-content\/uploads\/2023\/09\/cropped-cropped-ei_1695218943890-removebg-preview.png","contentUrl":"https:\/\/cocon.com.ar\/wp-content\/uploads\/2023\/09\/cropped-cropped-ei_1695218943890-removebg-preview.png","width":512,"height":341,"caption":"Cocon"},"image":{"@id":"https:\/\/cocon.com.ar\/#\/schema\/logo\/image\/"},"sameAs":["http:\/\/facebook.com\/cocon.muebles","https:\/\/www.instagram.com\/cocon.deco","https:\/\/www.youtube.com\/@cocon663"]}]}},"_links":{"self":[{"href":"https:\/\/cocon.com.ar\/es\/wp-json\/wp\/v2\/product\/2024","targetHints":{"allow":["GET"]}}],"collection":[{"href":"https:\/\/cocon.com.ar\/es\/wp-json\/wp\/v2\/product"}],"about":[{"href":"https:\/\/cocon.com.ar\/es\/wp-json\/wp\/v2\/types\/product"}],"replies":[{"embeddable":true,"href":"https:\/\/cocon.com.ar\/es\/wp-json\/wp\/v2\/comments?post=2024"}],"wp:featuredmedia":[{"embeddable":true,"href":"https:\/\/cocon.com.ar\/es\/wp-json\/wp\/v2\/media\/2503"}],"wp:attachment":[{"href":"https:\/\/cocon.com.ar\/es\/wp-json\/wp\/v2\/media?parent=2024"}],"wp:term":[{"taxonomy":"product_cat","embeddable":true,"href":"https:\/\/cocon.com.ar\/es\/wp-json\/wp\/v2\/product_cat?post=2024"},{"taxonomy":"product_tag","embeddable":true,"href":"https:\/\/cocon.com.ar\/es\/wp-json\/wp\/v2\/product_tag?post=2024"}],"curies":[{"name":"wp","href":"https:\/\/api.w.org\/{rel}","templated":true}]}}