{"id":2029,"date":"2023-08-01T11:48:15","date_gmt":"2023-08-01T11:48:15","guid":{"rendered":"https:\/\/cocon.com.ar\/?post_type=product&#038;p=2029"},"modified":"2023-09-11T22:34:00","modified_gmt":"2023-09-11T22:34:00","slug":"silla-gamer","status":"publish","type":"product","link":"https:\/\/cocon.com.ar\/es\/product\/silla-gamer\/","title":{"rendered":"Silla Gamer"},"content":{"rendered":"<p>Silla Gamer<\/p>\n<p>La selecci\u00f3n de una silla adecuada es muy importante para prevenir futuras lesiones. Con esta silla Gamer, vas a tener la comodidad y el bienestar que necesit\u00e1s a lo largo de tu jornada. Adem\u00e1s, pod\u00e9s ubicarla en cualquier parte de tu casa u oficina ya que su dise\u00f1o se adapta a m\u00faltiples entornos. \u00a1Dale a tus espacios un toque m\u00e1s moderno!<\/p>\n<p>Jug\u00e1 sin l\u00edmites<br \/>\nDise\u00f1ada para quienes pasan muchas horas frente a la computadora. El asiento y el respaldo se adaptan a tus diferentes posiciones a lo largo del juego. Disfrut\u00e1 sin descuidar las zonas lumbar, dorsal y cervical.<\/p>\n<p>Ergon\u00f3mica y confiable<br \/>\nEs muy com\u00fan que adoptes una mala postura al sentarte y eso sin duda trae una serie de patolog\u00edas que repercuten directamente en tu bienestar. Esta silla ergon\u00f3mica es la indicada para quienes pasan mucho tiempo frente al escritorio, ya sea por trabajo o estudio, ya que su dise\u00f1o se adapta a las formas del cuerpo y garantiza un reparto de presiones equilibrado. Cre\u00e1 un ambiente de trabajo sano y productivo.<\/p>\n<p>Comodidad en todo momento<br \/>\nSu respaldo reclinable te permite regular los diferentes puntos de inclinaci\u00f3n, as\u00ed como dejarlo en posici\u00f3n libre para el balanceo durante las pausas o descansos.<\/p>\n<p>Ajustala a tu medida<br \/>\nCon su ajuste de altura, vas a poder fijar la posici\u00f3n de tu torso respecto a la mesa de trabajo y as\u00ed vas a conseguir una silla m\u00e1s c\u00f3moda al nivel de tus necesidades.<\/p>\n<p>Cuid\u00e1 tu cuerpo<br \/>\nLos apoyabrazos favorecer\u00e1n tu postura al escribir y te van a ayudar a incorporarte con mayor facilidad cuando quieras levantarte.<\/p>\n<p>Mantenete en movimiento<br \/>\nLas ruedas te van a permitir moverte y limpiar f\u00e1cilmente tu espacio. Vas a poder trasladarla sin dificultad cuando lo necesites.Adem\u00e1s, al ser giratoria te va a permitir rotar el asiento 360\u00ba sin la necesidad de cambiar de posici\u00f3n o moverte del lugar en donde est\u00e1s.<\/p>\n<p>&nbsp;<\/p>\n<p>Medidas:<\/p>\n<p>-Altura total:<\/p>\n<p>c\/ pist\u00f3n cerrado: 118cm<\/p>\n<p>c\/ pist\u00f3n abierto 128cm<\/p>\n<p>-Alto asiento:\u00a0 45cm<\/p>\n<p>-Ancho asiento: 45cm<\/p>\n<p>-Ancho total: 66cm<\/p>\n<p>-Profundidad: 45cm<\/p>\n<p>-Altura respaldo: 75cm<\/p>\n<p>-Altura apoya-brazos: 30cm<\/p>","protected":false},"excerpt":{"rendered":"<p>Silla Gamer La selecci\u00f3n de una silla adecuada es muy importante para prevenir futuras lesiones. Con esta silla Gamer, vas a tener la comodidad y el bienestar que necesit\u00e1s a lo largo de tu jornada. Adem\u00e1s, pod\u00e9s ubicarla en cualquier parte de tu casa u oficina ya que su dise\u00f1o se adapta a m\u00faltiples entornos. [&hellip;]<\/p>","protected":false},"featured_media":2903,"comment_status":"closed","ping_status":"closed","template":"","meta":{"inline_featured_image":false,"_joinchat":[]},"product_cat":[184,140],"product_tag":[],"class_list":["post-2029","product","type-product","status-publish","has-post-thumbnail","hentry","product_cat-asientos","product_cat-de-oficina"],"yoast_head":"<!-- This site is optimized with the Yoast SEO plugin v26.5 - https:\/\/yoast.com\/wordpress\/plugins\/seo\/ -->\n<title>Silla Gamer - Cocon<\/title>\n<meta name=\"robots\" content=\"noindex, follow, max-snippet:-1, max-image-preview:large, max-video-preview:-1\" \/>\n<meta property=\"og:locale\" content=\"es_ES\" \/>\n<meta property=\"og:type\" content=\"article\" \/>\n<meta property=\"og:title\" content=\"Silla Gamer - Cocon\" \/>\n<meta property=\"og:description\" content=\"Silla Gamer La selecci\u00f3n de una silla adecuada es muy importante para prevenir futuras lesiones. Con esta silla Gamer, vas a tener la comodidad y el bienestar que necesit\u00e1s a lo largo de tu jornada. Adem\u00e1s, pod\u00e9s ubicarla en cualquier parte de tu casa u oficina ya que su dise\u00f1o se adapta a m\u00faltiples entornos. [&hellip;]\" \/>\n<meta property=\"og:url\" content=\"https:\/\/cocon.com.ar\/es\/product\/silla-gamer\/\" \/>\n<meta property=\"og:site_name\" content=\"Cocon\" \/>\n<meta property=\"article:publisher\" content=\"http:\/\/facebook.com\/cocon.muebles\" \/>\n<meta property=\"article:modified_time\" content=\"2023-09-11T22:34:00+00:00\" \/>\n<meta property=\"og:image\" content=\"https:\/\/cocon.com.ar\/wp-content\/uploads\/2023\/08\/silla-gamer.png\" \/>\n\t<meta property=\"og:image:width\" content=\"600\" \/>\n\t<meta property=\"og:image:height\" content=\"600\" \/>\n\t<meta property=\"og:image:type\" content=\"image\/png\" \/>\n<meta name=\"twitter:card\" content=\"summary_large_image\" \/>\n<meta name=\"twitter:label1\" content=\"Tiempo de lectura\" \/>\n\t<meta name=\"twitter:data1\" content=\"2 minutos\" \/>\n<script type=\"application\/ld+json\" class=\"yoast-schema-graph\">{\"@context\":\"https:\/\/schema.org\",\"@graph\":[{\"@type\":\"WebPage\",\"@id\":\"https:\/\/cocon.com.ar\/product\/silla-gamer\/\",\"url\":\"https:\/\/cocon.com.ar\/product\/silla-gamer\/\",\"name\":\"Silla Gamer - Cocon\",\"isPartOf\":{\"@id\":\"https:\/\/cocon.com.ar\/#website\"},\"primaryImageOfPage\":{\"@id\":\"https:\/\/cocon.com.ar\/product\/silla-gamer\/#primaryimage\"},\"image\":{\"@id\":\"https:\/\/cocon.com.ar\/product\/silla-gamer\/#primaryimage\"},\"thumbnailUrl\":\"https:\/\/cocon.com.ar\/wp-content\/uploads\/2023\/08\/silla-gamer.png\",\"datePublished\":\"2023-08-01T11:48:15+00:00\",\"dateModified\":\"2023-09-11T22:34:00+00:00\",\"breadcrumb\":{\"@id\":\"https:\/\/cocon.com.ar\/product\/silla-gamer\/#breadcrumb\"},\"inLanguage\":\"es-AR\",\"potentialAction\":[{\"@type\":\"ReadAction\",\"target\":[\"https:\/\/cocon.com.ar\/product\/silla-gamer\/\"]}]},{\"@type\":\"ImageObject\",\"inLanguage\":\"es-AR\",\"@id\":\"https:\/\/cocon.com.ar\/product\/silla-gamer\/#primaryimage\",\"url\":\"https:\/\/cocon.com.ar\/wp-content\/uploads\/2023\/08\/silla-gamer.png\",\"contentUrl\":\"https:\/\/cocon.com.ar\/wp-content\/uploads\/2023\/08\/silla-gamer.png\",\"width\":600,\"height\":600},{\"@type\":\"BreadcrumbList\",\"@id\":\"https:\/\/cocon.com.ar\/product\/silla-gamer\/#breadcrumb\",\"itemListElement\":[{\"@type\":\"ListItem\",\"position\":1,\"name\":\"Portada\",\"item\":\"https:\/\/cocon.com.ar\/\"},{\"@type\":\"ListItem\",\"position\":2,\"name\":\"Shop\",\"item\":\"https:\/\/cocon.com.ar\/shop\/\"},{\"@type\":\"ListItem\",\"position\":3,\"name\":\"Silla Gamer\"}]},{\"@type\":\"WebSite\",\"@id\":\"https:\/\/cocon.com.ar\/#website\",\"url\":\"https:\/\/cocon.com.ar\/\",\"name\":\"Cocon\",\"description\":\"Estudio de Interiorismo_ Styling &amp; Deco\",\"publisher\":{\"@id\":\"https:\/\/cocon.com.ar\/#organization\"},\"potentialAction\":[{\"@type\":\"SearchAction\",\"target\":{\"@type\":\"EntryPoint\",\"urlTemplate\":\"https:\/\/cocon.com.ar\/?s={search_term_string}\"},\"query-input\":{\"@type\":\"PropertyValueSpecification\",\"valueRequired\":true,\"valueName\":\"search_term_string\"}}],\"inLanguage\":\"es-AR\"},{\"@type\":\"Organization\",\"@id\":\"https:\/\/cocon.com.ar\/#organization\",\"name\":\"Cocon\",\"url\":\"https:\/\/cocon.com.ar\/\",\"logo\":{\"@type\":\"ImageObject\",\"inLanguage\":\"es-AR\",\"@id\":\"https:\/\/cocon.com.ar\/#\/schema\/logo\/image\/\",\"url\":\"https:\/\/cocon.com.ar\/wp-content\/uploads\/2023\/09\/cropped-cropped-ei_1695218943890-removebg-preview.png\",\"contentUrl\":\"https:\/\/cocon.com.ar\/wp-content\/uploads\/2023\/09\/cropped-cropped-ei_1695218943890-removebg-preview.png\",\"width\":512,\"height\":341,\"caption\":\"Cocon\"},\"image\":{\"@id\":\"https:\/\/cocon.com.ar\/#\/schema\/logo\/image\/\"},\"sameAs\":[\"http:\/\/facebook.com\/cocon.muebles\",\"https:\/\/www.instagram.com\/cocon.deco\",\"https:\/\/www.youtube.com\/@cocon663\"]}]}<\/script>\n<!-- \/ Yoast SEO plugin. -->","yoast_head_json":{"title":"Silla Gamer - Cocon","robots":{"index":"noindex","follow":"follow","max-snippet":"max-snippet:-1","max-image-preview":"max-image-preview:large","max-video-preview":"max-video-preview:-1"},"og_locale":"es_ES","og_type":"article","og_title":"Silla Gamer - Cocon","og_description":"Silla Gamer La selecci\u00f3n de una silla adecuada es muy importante para prevenir futuras lesiones. Con esta silla Gamer, vas a tener la comodidad y el bienestar que necesit\u00e1s a lo largo de tu jornada. Adem\u00e1s, pod\u00e9s ubicarla en cualquier parte de tu casa u oficina ya que su dise\u00f1o se adapta a m\u00faltiples entornos. [&hellip;]","og_url":"https:\/\/cocon.com.ar\/es\/product\/silla-gamer\/","og_site_name":"Cocon","article_publisher":"http:\/\/facebook.com\/cocon.muebles","article_modified_time":"2023-09-11T22:34:00+00:00","og_image":[{"width":600,"height":600,"url":"https:\/\/cocon.com.ar\/wp-content\/uploads\/2023\/08\/silla-gamer.png","type":"image\/png"}],"twitter_card":"summary_large_image","twitter_misc":{"Tiempo de lectura":"2 minutos"},"schema":{"@context":"https:\/\/schema.org","@graph":[{"@type":"WebPage","@id":"https:\/\/cocon.com.ar\/product\/silla-gamer\/","url":"https:\/\/cocon.com.ar\/product\/silla-gamer\/","name":"Silla Gamer - Cocon","isPartOf":{"@id":"https:\/\/cocon.com.ar\/#website"},"primaryImageOfPage":{"@id":"https:\/\/cocon.com.ar\/product\/silla-gamer\/#primaryimage"},"image":{"@id":"https:\/\/cocon.com.ar\/product\/silla-gamer\/#primaryimage"},"thumbnailUrl":"https:\/\/cocon.com.ar\/wp-content\/uploads\/2023\/08\/silla-gamer.png","datePublished":"2023-08-01T11:48:15+00:00","dateModified":"2023-09-11T22:34:00+00:00","breadcrumb":{"@id":"https:\/\/cocon.com.ar\/product\/silla-gamer\/#breadcrumb"},"inLanguage":"es-AR","potentialAction":[{"@type":"ReadAction","target":["https:\/\/cocon.com.ar\/product\/silla-gamer\/"]}]},{"@type":"ImageObject","inLanguage":"es-AR","@id":"https:\/\/cocon.com.ar\/product\/silla-gamer\/#primaryimage","url":"https:\/\/cocon.com.ar\/wp-content\/uploads\/2023\/08\/silla-gamer.png","contentUrl":"https:\/\/cocon.com.ar\/wp-content\/uploads\/2023\/08\/silla-gamer.png","width":600,"height":600},{"@type":"BreadcrumbList","@id":"https:\/\/cocon.com.ar\/product\/silla-gamer\/#breadcrumb","itemListElement":[{"@type":"ListItem","position":1,"name":"Portada","item":"https:\/\/cocon.com.ar\/"},{"@type":"ListItem","position":2,"name":"Shop","item":"https:\/\/cocon.com.ar\/shop\/"},{"@type":"ListItem","position":3,"name":"Silla Gamer"}]},{"@type":"WebSite","@id":"https:\/\/cocon.com.ar\/#website","url":"https:\/\/cocon.com.ar\/","name":"Cocon","description":"Estudio de Interiorismo_ Styling &amp; Deco","publisher":{"@id":"https:\/\/cocon.com.ar\/#organization"},"potentialAction":[{"@type":"SearchAction","target":{"@type":"EntryPoint","urlTemplate":"https:\/\/cocon.com.ar\/?s={search_term_string}"},"query-input":{"@type":"PropertyValueSpecification","valueRequired":true,"valueName":"search_term_string"}}],"inLanguage":"es-AR"},{"@type":"Organization","@id":"https:\/\/cocon.com.ar\/#organization","name":"Cocon","url":"https:\/\/cocon.com.ar\/","logo":{"@type":"ImageObject","inLanguage":"es-AR","@id":"https:\/\/cocon.com.ar\/#\/schema\/logo\/image\/","url":"https:\/\/cocon.com.ar\/wp-content\/uploads\/2023\/09\/cropped-cropped-ei_1695218943890-removebg-preview.png","contentUrl":"https:\/\/cocon.com.ar\/wp-content\/uploads\/2023\/09\/cropped-cropped-ei_1695218943890-removebg-preview.png","width":512,"height":341,"caption":"Cocon"},"image":{"@id":"https:\/\/cocon.com.ar\/#\/schema\/logo\/image\/"},"sameAs":["http:\/\/facebook.com\/cocon.muebles","https:\/\/www.instagram.com\/cocon.deco","https:\/\/www.youtube.com\/@cocon663"]}]}},"_links":{"self":[{"href":"https:\/\/cocon.com.ar\/es\/wp-json\/wp\/v2\/product\/2029","targetHints":{"allow":["GET"]}}],"collection":[{"href":"https:\/\/cocon.com.ar\/es\/wp-json\/wp\/v2\/product"}],"about":[{"href":"https:\/\/cocon.com.ar\/es\/wp-json\/wp\/v2\/types\/product"}],"replies":[{"embeddable":true,"href":"https:\/\/cocon.com.ar\/es\/wp-json\/wp\/v2\/comments?post=2029"}],"wp:featuredmedia":[{"embeddable":true,"href":"https:\/\/cocon.com.ar\/es\/wp-json\/wp\/v2\/media\/2903"}],"wp:attachment":[{"href":"https:\/\/cocon.com.ar\/es\/wp-json\/wp\/v2\/media?parent=2029"}],"wp:term":[{"taxonomy":"product_cat","embeddable":true,"href":"https:\/\/cocon.com.ar\/es\/wp-json\/wp\/v2\/product_cat?post=2029"},{"taxonomy":"product_tag","embeddable":true,"href":"https:\/\/cocon.com.ar\/es\/wp-json\/wp\/v2\/product_tag?post=2029"}],"curies":[{"name":"wp","href":"https:\/\/api.w.org\/{rel}","templated":true}]}}