{"id":2031,"date":"2023-08-01T11:48:15","date_gmt":"2023-08-01T11:48:15","guid":{"rendered":"https:\/\/cocon.com.ar\/?post_type=product&#038;p=2031"},"modified":"2023-08-03T12:26:06","modified_gmt":"2023-08-03T12:26:06","slug":"set-charlotte","status":"publish","type":"product","link":"https:\/\/cocon.com.ar\/es\/product\/set-charlotte\/","title":{"rendered":"Set Charlotte"},"content":{"rendered":"<p>Set Charlotte<\/p>\n<p>Juego de Comedor para Galer\u00edas, combina La Mesa Charlotte es una mesa con din\u00e1mica y presencia que determina si vale la pena estar en un ambiente o no. Con estilo industrial \u2013 moderno, combinan los toques de los mejores cortes de madera maciza junto con una estructura de hierro pintado en color negro que termina por cerrar el ciclo llamativo de esta mesa.<\/p>\n<div class=\"sh-woo-layout row\">\n<div class=\"sh-woo-layout-right col-md-6\">\n<div class=\"woocommerce-tabs wc-tabs-wrapper\">\n<div id=\"tab-description\" class=\"panel entry-content wc-tab\">\n<p>Este modelo de Mesa Charlotte se inspir\u00f3 en el estilo de dise\u00f1o c\u00e1lido Industrial, con tapa de Cipr\u00e9s y base de hierro estructural pintado de color negro en forma de V. Con una base de goma protectora para no rayar el suelo.<br \/>\nEs ideal para ambientar tus espacios tanto interiores como exteriores, para tu espacio de comedor, quincho, galeria o espacios gastron\u00f3micos o en com\u00fan como salas de estar o reuniones.<br \/>\nPara una buena mesa de comedor utilizamos variedad de Maderas con las que las fabricamos, estas son estacionadas desde hace varios a\u00f1os para lograr unas mejor calidad y durabilidad a la hora de su confecci\u00f3n.<br \/>\nTrabajamos variedad de maderas macizas, como el cipr\u00e9s el cedro azul, lenga, guayubira, petirib\u00ed, para\u00edso entre otras. Tambi\u00e9n trabajamos las tapas de madera enchapada combinada con estructuras macizas de madera o hierro, m\u00e1s recomendadas para espacios interiores.<br \/>\nEl uso de carillas da como resultado muebles de alta calidad que tienen superficies impecables, tonos de color consistentes, y que no estar\u00e1n sujetos a agrietamiento, este modelo combina perfectamente con otros productos relacionados en nuestra tienda como <a href=\"https:\/\/cocon.com.ar\/es\/product\/silla-amsterdam\/\">Silla Amsterdam<\/a>,\u00a0<a href=\"https:\/\/cocon.com.ar\/es\/product\/silla-coni\/\">Silla Coni<\/a>\u00a0o banquetas como\u00a0<a href=\"https:\/\/cocon.com.ar\/es\/product\/banqueta-ibiza\/\">Banqueta Ibiza<\/a>,\u00a0<a href=\"https:\/\/cocon.com.ar\/es\/product\/banqueta-mallorca\/\">Banqueta Mallorca.<\/a><\/p>\n<p>MEDIDAS: 160 x 90 cm<\/p>\n<\/div>\n<\/div>\n<\/div>\n<\/div>\n<section class=\"related products\">\n<ul class=\"products\">\n<li style=\"list-style-type: none;\"><\/li>\n<\/ul>\n<\/section>\n<p>&nbsp;<\/p>","protected":false},"excerpt":{"rendered":"<p>Set Charlotte Juego de Comedor para Galer\u00edas, combina La Mesa Charlotte es una mesa con din\u00e1mica y presencia que determina si vale la pena estar en un ambiente o no. Con estilo industrial \u2013 moderno, combinan los toques de los mejores cortes de madera maciza junto con una estructura de hierro pintado en color negro [&hellip;]<\/p>","protected":false},"featured_media":744,"comment_status":"open","ping_status":"closed","template":"","meta":{"inline_featured_image":false,"_joinchat":[]},"product_cat":[15],"product_tag":[],"class_list":["post-2031","product","type-product","status-publish","has-post-thumbnail","hentry","product_cat-varios"],"yoast_head":"<!-- This site is optimized with the Yoast SEO plugin v26.5 - https:\/\/yoast.com\/wordpress\/plugins\/seo\/ -->\n<title>Set Charlotte - Cocon<\/title>\n<meta name=\"robots\" content=\"noindex, follow, max-snippet:-1, max-image-preview:large, max-video-preview:-1\" \/>\n<meta property=\"og:locale\" content=\"es_ES\" \/>\n<meta property=\"og:type\" content=\"article\" \/>\n<meta property=\"og:title\" content=\"Set Charlotte - Cocon\" \/>\n<meta property=\"og:description\" content=\"Set Charlotte Juego de Comedor para Galer\u00edas, combina La Mesa Charlotte es una mesa con din\u00e1mica y presencia que determina si vale la pena estar en un ambiente o no. Con estilo industrial \u2013 moderno, combinan los toques de los mejores cortes de madera maciza junto con una estructura de hierro pintado en color negro [&hellip;]\" \/>\n<meta property=\"og:url\" content=\"https:\/\/cocon.com.ar\/es\/product\/set-charlotte\/\" \/>\n<meta property=\"og:site_name\" content=\"Cocon\" \/>\n<meta property=\"article:publisher\" content=\"http:\/\/facebook.com\/cocon.muebles\" \/>\n<meta property=\"article:modified_time\" content=\"2023-08-03T12:26:06+00:00\" \/>\n<meta property=\"og:image\" content=\"https:\/\/cocon.com.ar\/wp-content\/uploads\/2022\/07\/bg-background-parallax.jpg\" \/>\n\t<meta property=\"og:image:width\" content=\"1920\" \/>\n\t<meta property=\"og:image:height\" content=\"887\" \/>\n\t<meta property=\"og:image:type\" content=\"image\/jpeg\" \/>\n<meta name=\"twitter:card\" content=\"summary_large_image\" \/>\n<meta name=\"twitter:label1\" content=\"Tiempo de lectura\" \/>\n\t<meta name=\"twitter:data1\" content=\"1 minuto\" \/>\n<script type=\"application\/ld+json\" class=\"yoast-schema-graph\">{\"@context\":\"https:\/\/schema.org\",\"@graph\":[{\"@type\":\"WebPage\",\"@id\":\"https:\/\/cocon.com.ar\/product\/set-charlotte\/\",\"url\":\"https:\/\/cocon.com.ar\/product\/set-charlotte\/\",\"name\":\"Set Charlotte - Cocon\",\"isPartOf\":{\"@id\":\"https:\/\/cocon.com.ar\/#website\"},\"primaryImageOfPage\":{\"@id\":\"https:\/\/cocon.com.ar\/product\/set-charlotte\/#primaryimage\"},\"image\":{\"@id\":\"https:\/\/cocon.com.ar\/product\/set-charlotte\/#primaryimage\"},\"thumbnailUrl\":\"https:\/\/cocon.com.ar\/wp-content\/uploads\/2022\/07\/bg-background-parallax.jpg\",\"datePublished\":\"2023-08-01T11:48:15+00:00\",\"dateModified\":\"2023-08-03T12:26:06+00:00\",\"breadcrumb\":{\"@id\":\"https:\/\/cocon.com.ar\/product\/set-charlotte\/#breadcrumb\"},\"inLanguage\":\"es-AR\",\"potentialAction\":[{\"@type\":\"ReadAction\",\"target\":[\"https:\/\/cocon.com.ar\/product\/set-charlotte\/\"]}]},{\"@type\":\"ImageObject\",\"inLanguage\":\"es-AR\",\"@id\":\"https:\/\/cocon.com.ar\/product\/set-charlotte\/#primaryimage\",\"url\":\"https:\/\/cocon.com.ar\/wp-content\/uploads\/2022\/07\/bg-background-parallax.jpg\",\"contentUrl\":\"https:\/\/cocon.com.ar\/wp-content\/uploads\/2022\/07\/bg-background-parallax.jpg\",\"width\":1920,\"height\":887},{\"@type\":\"BreadcrumbList\",\"@id\":\"https:\/\/cocon.com.ar\/product\/set-charlotte\/#breadcrumb\",\"itemListElement\":[{\"@type\":\"ListItem\",\"position\":1,\"name\":\"Portada\",\"item\":\"https:\/\/cocon.com.ar\/\"},{\"@type\":\"ListItem\",\"position\":2,\"name\":\"Shop\",\"item\":\"https:\/\/cocon.com.ar\/shop\/\"},{\"@type\":\"ListItem\",\"position\":3,\"name\":\"Set Charlotte\"}]},{\"@type\":\"WebSite\",\"@id\":\"https:\/\/cocon.com.ar\/#website\",\"url\":\"https:\/\/cocon.com.ar\/\",\"name\":\"Cocon\",\"description\":\"Estudio de Interiorismo_ Styling &amp; Deco\",\"publisher\":{\"@id\":\"https:\/\/cocon.com.ar\/#organization\"},\"potentialAction\":[{\"@type\":\"SearchAction\",\"target\":{\"@type\":\"EntryPoint\",\"urlTemplate\":\"https:\/\/cocon.com.ar\/?s={search_term_string}\"},\"query-input\":{\"@type\":\"PropertyValueSpecification\",\"valueRequired\":true,\"valueName\":\"search_term_string\"}}],\"inLanguage\":\"es-AR\"},{\"@type\":\"Organization\",\"@id\":\"https:\/\/cocon.com.ar\/#organization\",\"name\":\"Cocon\",\"url\":\"https:\/\/cocon.com.ar\/\",\"logo\":{\"@type\":\"ImageObject\",\"inLanguage\":\"es-AR\",\"@id\":\"https:\/\/cocon.com.ar\/#\/schema\/logo\/image\/\",\"url\":\"https:\/\/cocon.com.ar\/wp-content\/uploads\/2023\/09\/cropped-cropped-ei_1695218943890-removebg-preview.png\",\"contentUrl\":\"https:\/\/cocon.com.ar\/wp-content\/uploads\/2023\/09\/cropped-cropped-ei_1695218943890-removebg-preview.png\",\"width\":512,\"height\":341,\"caption\":\"Cocon\"},\"image\":{\"@id\":\"https:\/\/cocon.com.ar\/#\/schema\/logo\/image\/\"},\"sameAs\":[\"http:\/\/facebook.com\/cocon.muebles\",\"https:\/\/www.instagram.com\/cocon.deco\",\"https:\/\/www.youtube.com\/@cocon663\"]}]}<\/script>\n<!-- \/ Yoast SEO plugin. -->","yoast_head_json":{"title":"Set Charlotte - Cocon","robots":{"index":"noindex","follow":"follow","max-snippet":"max-snippet:-1","max-image-preview":"max-image-preview:large","max-video-preview":"max-video-preview:-1"},"og_locale":"es_ES","og_type":"article","og_title":"Set Charlotte - Cocon","og_description":"Set Charlotte Juego de Comedor para Galer\u00edas, combina La Mesa Charlotte es una mesa con din\u00e1mica y presencia que determina si vale la pena estar en un ambiente o no. Con estilo industrial \u2013 moderno, combinan los toques de los mejores cortes de madera maciza junto con una estructura de hierro pintado en color negro [&hellip;]","og_url":"https:\/\/cocon.com.ar\/es\/product\/set-charlotte\/","og_site_name":"Cocon","article_publisher":"http:\/\/facebook.com\/cocon.muebles","article_modified_time":"2023-08-03T12:26:06+00:00","og_image":[{"width":1920,"height":887,"url":"https:\/\/cocon.com.ar\/wp-content\/uploads\/2022\/07\/bg-background-parallax.jpg","type":"image\/jpeg"}],"twitter_card":"summary_large_image","twitter_misc":{"Tiempo de lectura":"1 minuto"},"schema":{"@context":"https:\/\/schema.org","@graph":[{"@type":"WebPage","@id":"https:\/\/cocon.com.ar\/product\/set-charlotte\/","url":"https:\/\/cocon.com.ar\/product\/set-charlotte\/","name":"Set Charlotte - Cocon","isPartOf":{"@id":"https:\/\/cocon.com.ar\/#website"},"primaryImageOfPage":{"@id":"https:\/\/cocon.com.ar\/product\/set-charlotte\/#primaryimage"},"image":{"@id":"https:\/\/cocon.com.ar\/product\/set-charlotte\/#primaryimage"},"thumbnailUrl":"https:\/\/cocon.com.ar\/wp-content\/uploads\/2022\/07\/bg-background-parallax.jpg","datePublished":"2023-08-01T11:48:15+00:00","dateModified":"2023-08-03T12:26:06+00:00","breadcrumb":{"@id":"https:\/\/cocon.com.ar\/product\/set-charlotte\/#breadcrumb"},"inLanguage":"es-AR","potentialAction":[{"@type":"ReadAction","target":["https:\/\/cocon.com.ar\/product\/set-charlotte\/"]}]},{"@type":"ImageObject","inLanguage":"es-AR","@id":"https:\/\/cocon.com.ar\/product\/set-charlotte\/#primaryimage","url":"https:\/\/cocon.com.ar\/wp-content\/uploads\/2022\/07\/bg-background-parallax.jpg","contentUrl":"https:\/\/cocon.com.ar\/wp-content\/uploads\/2022\/07\/bg-background-parallax.jpg","width":1920,"height":887},{"@type":"BreadcrumbList","@id":"https:\/\/cocon.com.ar\/product\/set-charlotte\/#breadcrumb","itemListElement":[{"@type":"ListItem","position":1,"name":"Portada","item":"https:\/\/cocon.com.ar\/"},{"@type":"ListItem","position":2,"name":"Shop","item":"https:\/\/cocon.com.ar\/shop\/"},{"@type":"ListItem","position":3,"name":"Set Charlotte"}]},{"@type":"WebSite","@id":"https:\/\/cocon.com.ar\/#website","url":"https:\/\/cocon.com.ar\/","name":"Cocon","description":"Estudio de Interiorismo_ Styling &amp; Deco","publisher":{"@id":"https:\/\/cocon.com.ar\/#organization"},"potentialAction":[{"@type":"SearchAction","target":{"@type":"EntryPoint","urlTemplate":"https:\/\/cocon.com.ar\/?s={search_term_string}"},"query-input":{"@type":"PropertyValueSpecification","valueRequired":true,"valueName":"search_term_string"}}],"inLanguage":"es-AR"},{"@type":"Organization","@id":"https:\/\/cocon.com.ar\/#organization","name":"Cocon","url":"https:\/\/cocon.com.ar\/","logo":{"@type":"ImageObject","inLanguage":"es-AR","@id":"https:\/\/cocon.com.ar\/#\/schema\/logo\/image\/","url":"https:\/\/cocon.com.ar\/wp-content\/uploads\/2023\/09\/cropped-cropped-ei_1695218943890-removebg-preview.png","contentUrl":"https:\/\/cocon.com.ar\/wp-content\/uploads\/2023\/09\/cropped-cropped-ei_1695218943890-removebg-preview.png","width":512,"height":341,"caption":"Cocon"},"image":{"@id":"https:\/\/cocon.com.ar\/#\/schema\/logo\/image\/"},"sameAs":["http:\/\/facebook.com\/cocon.muebles","https:\/\/www.instagram.com\/cocon.deco","https:\/\/www.youtube.com\/@cocon663"]}]}},"_links":{"self":[{"href":"https:\/\/cocon.com.ar\/es\/wp-json\/wp\/v2\/product\/2031","targetHints":{"allow":["GET"]}}],"collection":[{"href":"https:\/\/cocon.com.ar\/es\/wp-json\/wp\/v2\/product"}],"about":[{"href":"https:\/\/cocon.com.ar\/es\/wp-json\/wp\/v2\/types\/product"}],"replies":[{"embeddable":true,"href":"https:\/\/cocon.com.ar\/es\/wp-json\/wp\/v2\/comments?post=2031"}],"wp:featuredmedia":[{"embeddable":true,"href":"https:\/\/cocon.com.ar\/es\/wp-json\/wp\/v2\/media\/744"}],"wp:attachment":[{"href":"https:\/\/cocon.com.ar\/es\/wp-json\/wp\/v2\/media?parent=2031"}],"wp:term":[{"taxonomy":"product_cat","embeddable":true,"href":"https:\/\/cocon.com.ar\/es\/wp-json\/wp\/v2\/product_cat?post=2031"},{"taxonomy":"product_tag","embeddable":true,"href":"https:\/\/cocon.com.ar\/es\/wp-json\/wp\/v2\/product_tag?post=2031"}],"curies":[{"name":"wp","href":"https:\/\/api.w.org\/{rel}","templated":true}]}}