{"id":2370,"date":"2023-09-06T17:17:54","date_gmt":"2023-09-06T17:17:54","guid":{"rendered":"https:\/\/cocon.com.ar\/?post_type=product&#038;p=2370"},"modified":"2023-10-23T15:27:12","modified_gmt":"2023-10-23T15:27:12","slug":"silla-square","status":"publish","type":"product","link":"https:\/\/cocon.com.ar\/es\/product\/silla-square\/","title":{"rendered":"Silla Square"},"content":{"rendered":"<p>Silla Square<\/p>\n<p>Silla de Dise\u00f1o, moderna, de estilo n\u00f3rdico- escandinavo<br \/>\nEs la acompa\u00f1ante ideal para complementar tu mesa de comedor o galer\u00eda, aportando ese toque de calidez que tanto buscas.<br \/>\nC\u00f3modas y vers\u00e1tiles, se adaptan a todos los ambientes y estilos.<\/p>\n<p>Medidas:<\/p>\n<div class=\"product-desc\">\n<div class=\"product-desc-item\">\n<div class=\"product-desc-item-title\">Ancho:<\/div>\n<p>45cm<\/p>\n<\/div>\n<div class=\"product-desc-item\">\n<div class=\"product-desc-item-title\">Alto total:<\/div>\n<p>80cm<\/p>\n<\/div>\n<div class=\"product-desc-item\">\n<div class=\"product-desc-item-title\">Altura del asiento:<\/div>\n<p>46cm<\/p>\n<\/div>\n<div class=\"product-desc-item\">\n<div class=\"product-desc-item-title\">Profundidad del asiento:<\/div>\n<p>48cm<\/p>\n<\/div>\n<\/div>\n<div class=\"product-desc\">\n<p class=\"product-desc-title\">Detalles:<\/p>\n<div>Estructura fabricada en madera de roble laqueada. Respaldo y asiento realizados en rattan esterillado sint\u00e9tico. Asiento reforzado con malla tapicera de polipropileno.<\/div>\n<div>Color: Negro | Madera<\/div>\n<\/div>","protected":false},"excerpt":{"rendered":"<p>Silla Square Silla de Dise\u00f1o, moderna, de estilo n\u00f3rdico- escandinavo Es la acompa\u00f1ante ideal para complementar tu mesa de comedor o galer\u00eda, aportando ese toque de calidez que tanto buscas. C\u00f3modas y vers\u00e1tiles, se adaptan a todos los ambientes y estilos. Medidas: Ancho: 45cm Alto total: 80cm Altura del asiento: 46cm Profundidad del asiento: 48cm [&hellip;]<\/p>","protected":false},"featured_media":2371,"comment_status":"closed","ping_status":"closed","template":"","meta":{"inline_featured_image":false,"_joinchat":[]},"product_cat":[138,134],"product_tag":[193,194,189,190,191,192],"class_list":["post-2370","product","type-product","status-publish","has-post-thumbnail","hentry","product_cat-comedor","product_cat-sillas","product_tag-asientos","product_tag-diseno-de-interiores","product_tag-silla-de-diseno","product_tag-silla-de-madera","product_tag-silla-interior","product_tag-silla-moderna"],"yoast_head":"<!-- This site is optimized with the Yoast SEO plugin v26.5 - https:\/\/yoast.com\/wordpress\/plugins\/seo\/ -->\n<title>Silla Square - Cocon - Silla Square - Somos Fabricantes - Silla Square<\/title>\n<meta name=\"description\" content=\"\u00a1Incre\u00edble silla n\u00f3rdica! no te pierdas la oportunidad de tener las tuyas. ingresa a nuestra tienda para ver colores y m\u00e1s modelos. Consultar por stock!\" \/>\n<meta name=\"robots\" content=\"noindex, follow, max-snippet:-1, max-image-preview:large, max-video-preview:-1\" \/>\n<meta property=\"og:locale\" content=\"es_ES\" \/>\n<meta property=\"og:type\" content=\"article\" \/>\n<meta property=\"og:title\" content=\"Silla Square - Cocon - Silla Square - Somos Fabricantes - Silla Square\" \/>\n<meta property=\"og:description\" content=\"\u00a1Incre\u00edble silla n\u00f3rdica! no te pierdas la oportunidad de tener las tuyas. ingresa a nuestra tienda para ver colores y m\u00e1s modelos. Consultar por stock!\" \/>\n<meta property=\"og:url\" content=\"https:\/\/cocon.com.ar\/es\/product\/silla-square\/\" \/>\n<meta property=\"og:site_name\" content=\"Cocon\" \/>\n<meta property=\"article:publisher\" content=\"http:\/\/facebook.com\/cocon.muebles\" \/>\n<meta property=\"article:modified_time\" content=\"2023-10-23T15:27:12+00:00\" \/>\n<meta property=\"og:image\" content=\"https:\/\/cocon.com.ar\/wp-content\/uploads\/2023\/09\/Portada-silla-square-1.png\" \/>\n\t<meta property=\"og:image:width\" content=\"600\" \/>\n\t<meta property=\"og:image:height\" content=\"600\" \/>\n\t<meta property=\"og:image:type\" content=\"image\/png\" \/>\n<meta name=\"twitter:card\" content=\"summary_large_image\" \/>\n<meta name=\"twitter:label1\" content=\"Tiempo de lectura\" \/>\n\t<meta name=\"twitter:data1\" content=\"1 minuto\" \/>\n<script type=\"application\/ld+json\" class=\"yoast-schema-graph\">{\"@context\":\"https:\/\/schema.org\",\"@graph\":[{\"@type\":\"WebPage\",\"@id\":\"https:\/\/cocon.com.ar\/product\/silla-square\/\",\"url\":\"https:\/\/cocon.com.ar\/product\/silla-square\/\",\"name\":\"Silla Square - Cocon - Silla Square - Somos Fabricantes - Silla Square\",\"isPartOf\":{\"@id\":\"https:\/\/cocon.com.ar\/#website\"},\"primaryImageOfPage\":{\"@id\":\"https:\/\/cocon.com.ar\/product\/silla-square\/#primaryimage\"},\"image\":{\"@id\":\"https:\/\/cocon.com.ar\/product\/silla-square\/#primaryimage\"},\"thumbnailUrl\":\"https:\/\/cocon.com.ar\/wp-content\/uploads\/2023\/09\/Portada-silla-square-1.png\",\"datePublished\":\"2023-09-06T17:17:54+00:00\",\"dateModified\":\"2023-10-23T15:27:12+00:00\",\"description\":\"\u00a1Incre\u00edble silla n\u00f3rdica! no te pierdas la oportunidad de tener las tuyas. ingresa a nuestra tienda para ver colores y m\u00e1s modelos. Consultar por stock!\",\"breadcrumb\":{\"@id\":\"https:\/\/cocon.com.ar\/product\/silla-square\/#breadcrumb\"},\"inLanguage\":\"es-AR\",\"potentialAction\":[{\"@type\":\"ReadAction\",\"target\":[\"https:\/\/cocon.com.ar\/product\/silla-square\/\"]}]},{\"@type\":\"ImageObject\",\"inLanguage\":\"es-AR\",\"@id\":\"https:\/\/cocon.com.ar\/product\/silla-square\/#primaryimage\",\"url\":\"https:\/\/cocon.com.ar\/wp-content\/uploads\/2023\/09\/Portada-silla-square-1.png\",\"contentUrl\":\"https:\/\/cocon.com.ar\/wp-content\/uploads\/2023\/09\/Portada-silla-square-1.png\",\"width\":600,\"height\":600},{\"@type\":\"BreadcrumbList\",\"@id\":\"https:\/\/cocon.com.ar\/product\/silla-square\/#breadcrumb\",\"itemListElement\":[{\"@type\":\"ListItem\",\"position\":1,\"name\":\"Portada\",\"item\":\"https:\/\/cocon.com.ar\/\"},{\"@type\":\"ListItem\",\"position\":2,\"name\":\"Shop\",\"item\":\"https:\/\/cocon.com.ar\/shop\/\"},{\"@type\":\"ListItem\",\"position\":3,\"name\":\"Silla Square\"}]},{\"@type\":\"WebSite\",\"@id\":\"https:\/\/cocon.com.ar\/#website\",\"url\":\"https:\/\/cocon.com.ar\/\",\"name\":\"Cocon\",\"description\":\"Estudio de Interiorismo_ Styling &amp; Deco\",\"publisher\":{\"@id\":\"https:\/\/cocon.com.ar\/#organization\"},\"potentialAction\":[{\"@type\":\"SearchAction\",\"target\":{\"@type\":\"EntryPoint\",\"urlTemplate\":\"https:\/\/cocon.com.ar\/?s={search_term_string}\"},\"query-input\":{\"@type\":\"PropertyValueSpecification\",\"valueRequired\":true,\"valueName\":\"search_term_string\"}}],\"inLanguage\":\"es-AR\"},{\"@type\":\"Organization\",\"@id\":\"https:\/\/cocon.com.ar\/#organization\",\"name\":\"Cocon\",\"url\":\"https:\/\/cocon.com.ar\/\",\"logo\":{\"@type\":\"ImageObject\",\"inLanguage\":\"es-AR\",\"@id\":\"https:\/\/cocon.com.ar\/#\/schema\/logo\/image\/\",\"url\":\"https:\/\/cocon.com.ar\/wp-content\/uploads\/2023\/09\/cropped-cropped-ei_1695218943890-removebg-preview.png\",\"contentUrl\":\"https:\/\/cocon.com.ar\/wp-content\/uploads\/2023\/09\/cropped-cropped-ei_1695218943890-removebg-preview.png\",\"width\":512,\"height\":341,\"caption\":\"Cocon\"},\"image\":{\"@id\":\"https:\/\/cocon.com.ar\/#\/schema\/logo\/image\/\"},\"sameAs\":[\"http:\/\/facebook.com\/cocon.muebles\",\"https:\/\/www.instagram.com\/cocon.deco\",\"https:\/\/www.youtube.com\/@cocon663\"]}]}<\/script>\n<!-- \/ Yoast SEO plugin. -->","yoast_head_json":{"title":"Silla Square - Cocon - Silla Square - Somos Fabricantes - Silla Square","description":"\u00a1Incre\u00edble silla n\u00f3rdica! no te pierdas la oportunidad de tener las tuyas. ingresa a nuestra tienda para ver colores y m\u00e1s modelos. Consultar por stock!","robots":{"index":"noindex","follow":"follow","max-snippet":"max-snippet:-1","max-image-preview":"max-image-preview:large","max-video-preview":"max-video-preview:-1"},"og_locale":"es_ES","og_type":"article","og_title":"Silla Square - Cocon - Silla Square - Somos Fabricantes - Silla Square","og_description":"\u00a1Incre\u00edble silla n\u00f3rdica! no te pierdas la oportunidad de tener las tuyas. ingresa a nuestra tienda para ver colores y m\u00e1s modelos. Consultar por stock!","og_url":"https:\/\/cocon.com.ar\/es\/product\/silla-square\/","og_site_name":"Cocon","article_publisher":"http:\/\/facebook.com\/cocon.muebles","article_modified_time":"2023-10-23T15:27:12+00:00","og_image":[{"width":600,"height":600,"url":"https:\/\/cocon.com.ar\/wp-content\/uploads\/2023\/09\/Portada-silla-square-1.png","type":"image\/png"}],"twitter_card":"summary_large_image","twitter_misc":{"Tiempo de lectura":"1 minuto"},"schema":{"@context":"https:\/\/schema.org","@graph":[{"@type":"WebPage","@id":"https:\/\/cocon.com.ar\/product\/silla-square\/","url":"https:\/\/cocon.com.ar\/product\/silla-square\/","name":"Silla Square - Cocon - Silla Square - Somos Fabricantes - Silla Square","isPartOf":{"@id":"https:\/\/cocon.com.ar\/#website"},"primaryImageOfPage":{"@id":"https:\/\/cocon.com.ar\/product\/silla-square\/#primaryimage"},"image":{"@id":"https:\/\/cocon.com.ar\/product\/silla-square\/#primaryimage"},"thumbnailUrl":"https:\/\/cocon.com.ar\/wp-content\/uploads\/2023\/09\/Portada-silla-square-1.png","datePublished":"2023-09-06T17:17:54+00:00","dateModified":"2023-10-23T15:27:12+00:00","description":"\u00a1Incre\u00edble silla n\u00f3rdica! no te pierdas la oportunidad de tener las tuyas. ingresa a nuestra tienda para ver colores y m\u00e1s modelos. Consultar por stock!","breadcrumb":{"@id":"https:\/\/cocon.com.ar\/product\/silla-square\/#breadcrumb"},"inLanguage":"es-AR","potentialAction":[{"@type":"ReadAction","target":["https:\/\/cocon.com.ar\/product\/silla-square\/"]}]},{"@type":"ImageObject","inLanguage":"es-AR","@id":"https:\/\/cocon.com.ar\/product\/silla-square\/#primaryimage","url":"https:\/\/cocon.com.ar\/wp-content\/uploads\/2023\/09\/Portada-silla-square-1.png","contentUrl":"https:\/\/cocon.com.ar\/wp-content\/uploads\/2023\/09\/Portada-silla-square-1.png","width":600,"height":600},{"@type":"BreadcrumbList","@id":"https:\/\/cocon.com.ar\/product\/silla-square\/#breadcrumb","itemListElement":[{"@type":"ListItem","position":1,"name":"Portada","item":"https:\/\/cocon.com.ar\/"},{"@type":"ListItem","position":2,"name":"Shop","item":"https:\/\/cocon.com.ar\/shop\/"},{"@type":"ListItem","position":3,"name":"Silla Square"}]},{"@type":"WebSite","@id":"https:\/\/cocon.com.ar\/#website","url":"https:\/\/cocon.com.ar\/","name":"Cocon","description":"Estudio de Interiorismo_ Styling &amp; Deco","publisher":{"@id":"https:\/\/cocon.com.ar\/#organization"},"potentialAction":[{"@type":"SearchAction","target":{"@type":"EntryPoint","urlTemplate":"https:\/\/cocon.com.ar\/?s={search_term_string}"},"query-input":{"@type":"PropertyValueSpecification","valueRequired":true,"valueName":"search_term_string"}}],"inLanguage":"es-AR"},{"@type":"Organization","@id":"https:\/\/cocon.com.ar\/#organization","name":"Cocon","url":"https:\/\/cocon.com.ar\/","logo":{"@type":"ImageObject","inLanguage":"es-AR","@id":"https:\/\/cocon.com.ar\/#\/schema\/logo\/image\/","url":"https:\/\/cocon.com.ar\/wp-content\/uploads\/2023\/09\/cropped-cropped-ei_1695218943890-removebg-preview.png","contentUrl":"https:\/\/cocon.com.ar\/wp-content\/uploads\/2023\/09\/cropped-cropped-ei_1695218943890-removebg-preview.png","width":512,"height":341,"caption":"Cocon"},"image":{"@id":"https:\/\/cocon.com.ar\/#\/schema\/logo\/image\/"},"sameAs":["http:\/\/facebook.com\/cocon.muebles","https:\/\/www.instagram.com\/cocon.deco","https:\/\/www.youtube.com\/@cocon663"]}]}},"_links":{"self":[{"href":"https:\/\/cocon.com.ar\/es\/wp-json\/wp\/v2\/product\/2370","targetHints":{"allow":["GET"]}}],"collection":[{"href":"https:\/\/cocon.com.ar\/es\/wp-json\/wp\/v2\/product"}],"about":[{"href":"https:\/\/cocon.com.ar\/es\/wp-json\/wp\/v2\/types\/product"}],"replies":[{"embeddable":true,"href":"https:\/\/cocon.com.ar\/es\/wp-json\/wp\/v2\/comments?post=2370"}],"wp:featuredmedia":[{"embeddable":true,"href":"https:\/\/cocon.com.ar\/es\/wp-json\/wp\/v2\/media\/2371"}],"wp:attachment":[{"href":"https:\/\/cocon.com.ar\/es\/wp-json\/wp\/v2\/media?parent=2370"}],"wp:term":[{"taxonomy":"product_cat","embeddable":true,"href":"https:\/\/cocon.com.ar\/es\/wp-json\/wp\/v2\/product_cat?post=2370"},{"taxonomy":"product_tag","embeddable":true,"href":"https:\/\/cocon.com.ar\/es\/wp-json\/wp\/v2\/product_tag?post=2370"}],"curies":[{"name":"wp","href":"https:\/\/api.w.org\/{rel}","templated":true}]}}