{"id":2438,"date":"2023-09-09T14:20:12","date_gmt":"2023-09-09T14:20:12","guid":{"rendered":"https:\/\/cocon.com.ar\/?post_type=product&#038;p=2438"},"modified":"2023-09-14T18:16:14","modified_gmt":"2023-09-14T18:16:14","slug":"mesa-roma-2","status":"publish","type":"product","link":"https:\/\/cocon.com.ar\/es\/product\/mesa-roma-2\/","title":{"rendered":"Mesa Roma"},"content":{"rendered":"<p>La Mesa Roma es una mesa de comedor cl\u00e1sica y moderna, de estilo n\u00f3rdico realizada en estructura de madera maciza y tapa en enchapado en Para\u00edso.<br \/>\nIdeal para complementar tus espacios de cocina, comedor o galer\u00eda.<br \/>\nPerfectamente combinable con cualquier modelo de silla.<\/p>\n<p>A medida:<br \/>\n140 x 80cm<br \/>\n160 x 80cm<br \/>\n180 x 90cm<br \/>\n200 x 100cm<\/p>","protected":false},"excerpt":{"rendered":"<p>La Mesa Roma es una mesa de comedor cl\u00e1sica y moderna, de estilo n\u00f3rdico realizada en estructura de madera maciza y tapa en enchapado en Para\u00edso. Ideal para complementar tus espacios de cocina, comedor o galer\u00eda. Perfectamente combinable con cualquier modelo de silla. A medida: 140 x 80cm 160 x 80cm 180 x 90cm 200 [&hellip;]<\/p>","protected":false},"featured_media":2439,"comment_status":"closed","ping_status":"closed","template":"","meta":{"inline_featured_image":false,"_joinchat":[]},"product_cat":[138,132],"product_tag":[149,148,144,143,147,146,145],"class_list":["post-2438","product","type-product","status-publish","has-post-thumbnail","hentry","product_cat-comedor","product_cat-mesas","product_tag-deco-interior","product_tag-interior","product_tag-mesa-comedor","product_tag-mesa-de-interior","product_tag-mesa-de-madera","product_tag-mesa-moderna","product_tag-mesa-nordica"],"yoast_head":"<!-- This site is optimized with the Yoast SEO plugin v26.5 - https:\/\/yoast.com\/wordpress\/plugins\/seo\/ -->\n<title>Mesa Roma - Cocon - Somos Fabricantes - Mesa Roma - Mesa Roma<\/title>\n<meta name=\"description\" content=\"Hermosa mesa de comedor estilo Nordico, modelo roma, realizada en madera maciza de para\u00edso. Ideal para ambientar tu hogar!\" \/>\n<meta name=\"robots\" content=\"noindex, follow, max-snippet:-1, max-image-preview:large, max-video-preview:-1\" \/>\n<meta property=\"og:locale\" content=\"es_ES\" \/>\n<meta property=\"og:type\" content=\"article\" \/>\n<meta property=\"og:title\" content=\"Mesa Roma - Cocon - Somos Fabricantes - Mesa Roma - Mesa Roma\" \/>\n<meta property=\"og:description\" content=\"Hermosa mesa de comedor estilo Nordico, modelo roma, realizada en madera maciza de para\u00edso. Ideal para ambientar tu hogar!\" \/>\n<meta property=\"og:url\" content=\"https:\/\/cocon.com.ar\/es\/product\/mesa-roma-2\/\" \/>\n<meta property=\"og:site_name\" content=\"Cocon\" \/>\n<meta property=\"article:publisher\" content=\"http:\/\/facebook.com\/cocon.muebles\" \/>\n<meta property=\"article:modified_time\" content=\"2023-09-14T18:16:14+00:00\" \/>\n<meta property=\"og:image\" content=\"https:\/\/cocon.com.ar\/wp-content\/uploads\/2023\/09\/mesa-roma.png\" \/>\n\t<meta property=\"og:image:width\" content=\"600\" \/>\n\t<meta property=\"og:image:height\" content=\"600\" \/>\n\t<meta property=\"og:image:type\" content=\"image\/png\" \/>\n<meta name=\"twitter:card\" content=\"summary_large_image\" \/>\n<meta name=\"twitter:label1\" content=\"Tiempo de lectura\" \/>\n\t<meta name=\"twitter:data1\" content=\"1 minuto\" \/>\n<script type=\"application\/ld+json\" class=\"yoast-schema-graph\">{\"@context\":\"https:\/\/schema.org\",\"@graph\":[{\"@type\":\"WebPage\",\"@id\":\"https:\/\/cocon.com.ar\/product\/mesa-roma-2\/\",\"url\":\"https:\/\/cocon.com.ar\/product\/mesa-roma-2\/\",\"name\":\"Mesa Roma - Cocon - Somos Fabricantes - Mesa Roma - Mesa Roma\",\"isPartOf\":{\"@id\":\"https:\/\/cocon.com.ar\/#website\"},\"primaryImageOfPage\":{\"@id\":\"https:\/\/cocon.com.ar\/product\/mesa-roma-2\/#primaryimage\"},\"image\":{\"@id\":\"https:\/\/cocon.com.ar\/product\/mesa-roma-2\/#primaryimage\"},\"thumbnailUrl\":\"https:\/\/cocon.com.ar\/wp-content\/uploads\/2023\/09\/mesa-roma.png\",\"datePublished\":\"2023-09-09T14:20:12+00:00\",\"dateModified\":\"2023-09-14T18:16:14+00:00\",\"description\":\"Hermosa mesa de comedor estilo Nordico, modelo roma, realizada en madera maciza de para\u00edso. Ideal para ambientar tu hogar!\",\"breadcrumb\":{\"@id\":\"https:\/\/cocon.com.ar\/product\/mesa-roma-2\/#breadcrumb\"},\"inLanguage\":\"es-AR\",\"potentialAction\":[{\"@type\":\"ReadAction\",\"target\":[\"https:\/\/cocon.com.ar\/product\/mesa-roma-2\/\"]}]},{\"@type\":\"ImageObject\",\"inLanguage\":\"es-AR\",\"@id\":\"https:\/\/cocon.com.ar\/product\/mesa-roma-2\/#primaryimage\",\"url\":\"https:\/\/cocon.com.ar\/wp-content\/uploads\/2023\/09\/mesa-roma.png\",\"contentUrl\":\"https:\/\/cocon.com.ar\/wp-content\/uploads\/2023\/09\/mesa-roma.png\",\"width\":600,\"height\":600},{\"@type\":\"BreadcrumbList\",\"@id\":\"https:\/\/cocon.com.ar\/product\/mesa-roma-2\/#breadcrumb\",\"itemListElement\":[{\"@type\":\"ListItem\",\"position\":1,\"name\":\"Portada\",\"item\":\"https:\/\/cocon.com.ar\/\"},{\"@type\":\"ListItem\",\"position\":2,\"name\":\"Shop\",\"item\":\"https:\/\/cocon.com.ar\/shop\/\"},{\"@type\":\"ListItem\",\"position\":3,\"name\":\"Mesa Roma\"}]},{\"@type\":\"WebSite\",\"@id\":\"https:\/\/cocon.com.ar\/#website\",\"url\":\"https:\/\/cocon.com.ar\/\",\"name\":\"Cocon\",\"description\":\"Estudio de Interiorismo_ Styling &amp; Deco\",\"publisher\":{\"@id\":\"https:\/\/cocon.com.ar\/#organization\"},\"potentialAction\":[{\"@type\":\"SearchAction\",\"target\":{\"@type\":\"EntryPoint\",\"urlTemplate\":\"https:\/\/cocon.com.ar\/?s={search_term_string}\"},\"query-input\":{\"@type\":\"PropertyValueSpecification\",\"valueRequired\":true,\"valueName\":\"search_term_string\"}}],\"inLanguage\":\"es-AR\"},{\"@type\":\"Organization\",\"@id\":\"https:\/\/cocon.com.ar\/#organization\",\"name\":\"Cocon\",\"url\":\"https:\/\/cocon.com.ar\/\",\"logo\":{\"@type\":\"ImageObject\",\"inLanguage\":\"es-AR\",\"@id\":\"https:\/\/cocon.com.ar\/#\/schema\/logo\/image\/\",\"url\":\"https:\/\/cocon.com.ar\/wp-content\/uploads\/2023\/09\/cropped-cropped-ei_1695218943890-removebg-preview.png\",\"contentUrl\":\"https:\/\/cocon.com.ar\/wp-content\/uploads\/2023\/09\/cropped-cropped-ei_1695218943890-removebg-preview.png\",\"width\":512,\"height\":341,\"caption\":\"Cocon\"},\"image\":{\"@id\":\"https:\/\/cocon.com.ar\/#\/schema\/logo\/image\/\"},\"sameAs\":[\"http:\/\/facebook.com\/cocon.muebles\",\"https:\/\/www.instagram.com\/cocon.deco\",\"https:\/\/www.youtube.com\/@cocon663\"]}]}<\/script>\n<!-- \/ Yoast SEO plugin. -->","yoast_head_json":{"title":"Mesa Roma - Cocon - Somos Fabricantes - Mesa Roma - Mesa Roma","description":"Hermosa mesa de comedor estilo Nordico, modelo roma, realizada en madera maciza de para\u00edso. Ideal para ambientar tu hogar!","robots":{"index":"noindex","follow":"follow","max-snippet":"max-snippet:-1","max-image-preview":"max-image-preview:large","max-video-preview":"max-video-preview:-1"},"og_locale":"es_ES","og_type":"article","og_title":"Mesa Roma - Cocon - Somos Fabricantes - Mesa Roma - Mesa Roma","og_description":"Hermosa mesa de comedor estilo Nordico, modelo roma, realizada en madera maciza de para\u00edso. Ideal para ambientar tu hogar!","og_url":"https:\/\/cocon.com.ar\/es\/product\/mesa-roma-2\/","og_site_name":"Cocon","article_publisher":"http:\/\/facebook.com\/cocon.muebles","article_modified_time":"2023-09-14T18:16:14+00:00","og_image":[{"width":600,"height":600,"url":"https:\/\/cocon.com.ar\/wp-content\/uploads\/2023\/09\/mesa-roma.png","type":"image\/png"}],"twitter_card":"summary_large_image","twitter_misc":{"Tiempo de lectura":"1 minuto"},"schema":{"@context":"https:\/\/schema.org","@graph":[{"@type":"WebPage","@id":"https:\/\/cocon.com.ar\/product\/mesa-roma-2\/","url":"https:\/\/cocon.com.ar\/product\/mesa-roma-2\/","name":"Mesa Roma - Cocon - Somos Fabricantes - Mesa Roma - Mesa Roma","isPartOf":{"@id":"https:\/\/cocon.com.ar\/#website"},"primaryImageOfPage":{"@id":"https:\/\/cocon.com.ar\/product\/mesa-roma-2\/#primaryimage"},"image":{"@id":"https:\/\/cocon.com.ar\/product\/mesa-roma-2\/#primaryimage"},"thumbnailUrl":"https:\/\/cocon.com.ar\/wp-content\/uploads\/2023\/09\/mesa-roma.png","datePublished":"2023-09-09T14:20:12+00:00","dateModified":"2023-09-14T18:16:14+00:00","description":"Hermosa mesa de comedor estilo Nordico, modelo roma, realizada en madera maciza de para\u00edso. Ideal para ambientar tu hogar!","breadcrumb":{"@id":"https:\/\/cocon.com.ar\/product\/mesa-roma-2\/#breadcrumb"},"inLanguage":"es-AR","potentialAction":[{"@type":"ReadAction","target":["https:\/\/cocon.com.ar\/product\/mesa-roma-2\/"]}]},{"@type":"ImageObject","inLanguage":"es-AR","@id":"https:\/\/cocon.com.ar\/product\/mesa-roma-2\/#primaryimage","url":"https:\/\/cocon.com.ar\/wp-content\/uploads\/2023\/09\/mesa-roma.png","contentUrl":"https:\/\/cocon.com.ar\/wp-content\/uploads\/2023\/09\/mesa-roma.png","width":600,"height":600},{"@type":"BreadcrumbList","@id":"https:\/\/cocon.com.ar\/product\/mesa-roma-2\/#breadcrumb","itemListElement":[{"@type":"ListItem","position":1,"name":"Portada","item":"https:\/\/cocon.com.ar\/"},{"@type":"ListItem","position":2,"name":"Shop","item":"https:\/\/cocon.com.ar\/shop\/"},{"@type":"ListItem","position":3,"name":"Mesa Roma"}]},{"@type":"WebSite","@id":"https:\/\/cocon.com.ar\/#website","url":"https:\/\/cocon.com.ar\/","name":"Cocon","description":"Estudio de Interiorismo_ Styling &amp; Deco","publisher":{"@id":"https:\/\/cocon.com.ar\/#organization"},"potentialAction":[{"@type":"SearchAction","target":{"@type":"EntryPoint","urlTemplate":"https:\/\/cocon.com.ar\/?s={search_term_string}"},"query-input":{"@type":"PropertyValueSpecification","valueRequired":true,"valueName":"search_term_string"}}],"inLanguage":"es-AR"},{"@type":"Organization","@id":"https:\/\/cocon.com.ar\/#organization","name":"Cocon","url":"https:\/\/cocon.com.ar\/","logo":{"@type":"ImageObject","inLanguage":"es-AR","@id":"https:\/\/cocon.com.ar\/#\/schema\/logo\/image\/","url":"https:\/\/cocon.com.ar\/wp-content\/uploads\/2023\/09\/cropped-cropped-ei_1695218943890-removebg-preview.png","contentUrl":"https:\/\/cocon.com.ar\/wp-content\/uploads\/2023\/09\/cropped-cropped-ei_1695218943890-removebg-preview.png","width":512,"height":341,"caption":"Cocon"},"image":{"@id":"https:\/\/cocon.com.ar\/#\/schema\/logo\/image\/"},"sameAs":["http:\/\/facebook.com\/cocon.muebles","https:\/\/www.instagram.com\/cocon.deco","https:\/\/www.youtube.com\/@cocon663"]}]}},"_links":{"self":[{"href":"https:\/\/cocon.com.ar\/es\/wp-json\/wp\/v2\/product\/2438","targetHints":{"allow":["GET"]}}],"collection":[{"href":"https:\/\/cocon.com.ar\/es\/wp-json\/wp\/v2\/product"}],"about":[{"href":"https:\/\/cocon.com.ar\/es\/wp-json\/wp\/v2\/types\/product"}],"replies":[{"embeddable":true,"href":"https:\/\/cocon.com.ar\/es\/wp-json\/wp\/v2\/comments?post=2438"}],"wp:featuredmedia":[{"embeddable":true,"href":"https:\/\/cocon.com.ar\/es\/wp-json\/wp\/v2\/media\/2439"}],"wp:attachment":[{"href":"https:\/\/cocon.com.ar\/es\/wp-json\/wp\/v2\/media?parent=2438"}],"wp:term":[{"taxonomy":"product_cat","embeddable":true,"href":"https:\/\/cocon.com.ar\/es\/wp-json\/wp\/v2\/product_cat?post=2438"},{"taxonomy":"product_tag","embeddable":true,"href":"https:\/\/cocon.com.ar\/es\/wp-json\/wp\/v2\/product_tag?post=2438"}],"curies":[{"name":"wp","href":"https:\/\/api.w.org\/{rel}","templated":true}]}}