{"id":2455,"date":"2023-09-09T14:39:50","date_gmt":"2023-09-09T14:39:50","guid":{"rendered":"https:\/\/cocon.com.ar\/?post_type=product&#038;p=2455"},"modified":"2023-10-23T15:37:45","modified_gmt":"2023-10-23T15:37:45","slug":"mesa-cruz-2","status":"publish","type":"product","link":"https:\/\/cocon.com.ar\/es\/product\/mesa-cruz-2\/","title":{"rendered":"Mesa Cruz"},"content":{"rendered":"<div class=\"sh-woo-layout row\">\n<div class=\"sh-woo-layout-right col-md-6\">\n<div class=\"woocommerce-tabs wc-tabs-wrapper\">\n<div id=\"tab-description\" class=\"panel entry-content wc-tab\">\n<p>Mesa de Comedor<\/p>\n<p>El modelo de mesa cruz se inspir\u00f3 en el estilo de dise\u00f1o c\u00e1lido Industrial, con tapa de Cedro azul y base de ca\u00f1o estructural pintado de color negro en forma de cruz. Con una base de goma protectora para no rayar el suelo.<br \/>\nElaborado con maestr\u00eda de madera maciza y de ingenier\u00eda.<br \/>\nSe termin\u00f3 con un proceso de varios pasos que resalta la beta natural de la madera.<br \/>\nEl uso de carillas da como resultado muebles de alta calidad que tienen superficies impecables, tonos de color consistentes, y que no estar\u00e1n sujetos a agrietamiento.<br \/>\nLa Mesa de Comedor Cruz posee una estructura de hierro que rememora los museos italianos de \u00e9poca. Una mesa con din\u00e1mica y presencia que determina si vale la pena estar en un ambiente o no. Con estilo Nordico \u2013 industrial, combina los toques de los mejores cortes de madera maciza junto con una estructura de hierro pintado en color negro que termina por cerrar el ciclo llamativo de la mesa Cruz.<br \/>\nEstructura de hierro, ca\u00f1o estructural 60\u00d740.<br \/>\nEste modelo se inspir\u00f3 en el estilo de dise\u00f1o N\u00f3rdico \u2013 Industrial, con tapa de Cipr\u00e9s y base de hierro estructural pintado de color negro en forma de cruz. Con una base de goma protectora para no rayar el suelo.<br \/>\nEs ideal para ambientar tus espacios tanto interiores como exteriores, para tu espacio de comedor, quincho, galeria o espacios gastron\u00f3micos o en com\u00fan como salas de estar o reuniones.<br \/>\nPara una buena mesa de comedor utilizamos variedad de Maderas con las que las fabricamos, estas son estacionadas desde hace varios a\u00f1os para lograr unas mejor calidad y durabilidad a la hora de su confecci\u00f3n.<br \/>\nTrabajamos variedad de maderas macizas, como el cipr\u00e9s el cedro azul, lenga, guayubira, petirib\u00ed, para\u00edso entre otras. Tambi\u00e9n trabajamos las tapas de madera enchapada combinada con estructuras macizas de madera o hierro, m\u00e1s recomendadas para espacios interiores.<br \/>\nUna estructura de hierro que rememora los museos italianos de \u00e9poca.<br \/>\nEstructura de hierro, ca\u00f1o estructural 60\u00d740.<br \/>\nTapa madera maciza, laqueada, semi-mate<br \/>\nElaborado con maestr\u00eda de madera maciza y de ingenier\u00eda.<br \/>\nSe termin\u00f3 con un proceso de varios pasos que resalta la beta natural de la madera.<br \/>\nEl uso de carillas da como resultado muebles de alta calidad que tienen superficies impecables, tonos de color consistentes, y que no estar\u00e1n sujetos a agrietamiento.<br \/>\nMesa Industrial<br \/>\nPara una buena mesa de comedor utilizamos variedad de Maderas con las que las fabricamos, estas son estacionadas desde hace varios a\u00f1os para lograr unas mejor calidad y durabilidad a la hora de su confecci\u00f3n.<br \/>\nEl uso de carillas da como resultado muebles de alta calidad que tienen superficies impecables, tonos de color consistentes, y que no estar\u00e1n sujetos a agrietamiento, asi esta confeccionada nuestra clasica mesa cruz.<br \/>\nMesa para Galeria<br \/>\nLas medidas de la Mesa Cruz :<br \/>\nRealizada en madera maciza de Cipr\u00e9s o Cedro Azul, laqueada semi mate.<br \/>\nEstilo Industrial con estructura de hierro se adaptar\u00e1 perfectamente a los matices de tu comedor o galer\u00eda.<br \/>\nTapa madera maciza, laqueada, semi-mate.<br \/>\nMEDIDAS REFERIDAS AL VALOR:<br \/>\n160cm Largo x 80 cm Ancho x 78 cm Alto<\/p>\n<\/div>\n<\/div>\n<\/div>\n<\/div>","protected":false},"excerpt":{"rendered":"<p>Mesa de Comedor El modelo de mesa cruz se inspir\u00f3 en el estilo de dise\u00f1o c\u00e1lido Industrial, con tapa de Cedro azul y base de ca\u00f1o estructural pintado de color negro en forma de cruz. Con una base de goma protectora para no rayar el suelo. Elaborado con maestr\u00eda de madera maciza y de ingenier\u00eda. [&hellip;]<\/p>","protected":false},"featured_media":2456,"comment_status":"closed","ping_status":"closed","template":"","meta":{"inline_featured_image":false,"_joinchat":[]},"product_cat":[138,132],"product_tag":[158,155,157,144,151,150,153],"class_list":["post-2455","product","type-product","status-publish","has-post-thumbnail","hentry","product_cat-comedor","product_cat-mesas","product_tag-esilo-industrial","product_tag-exterior","product_tag-galeria","product_tag-mesa-comedor","product_tag-mesa-exterior","product_tag-mesa-galeria","product_tag-mesa-industrial"],"yoast_head":"<!-- This site is optimized with the Yoast SEO plugin v26.5 - https:\/\/yoast.com\/wordpress\/plugins\/seo\/ -->\n<title>Mesa Cruz - Cocon - Somos Fabricantes - Mesa Cruz - Cocon<\/title>\n<meta name=\"description\" content=\"Hermosa mesa de comedor estilo Industrial modelo Cruz, realizada en madera maciza y estructura de hierro. Ideal para tu hogar\" \/>\n<meta name=\"robots\" content=\"noindex, follow, max-snippet:-1, max-image-preview:large, max-video-preview:-1\" \/>\n<meta property=\"og:locale\" content=\"es_ES\" \/>\n<meta property=\"og:type\" content=\"article\" \/>\n<meta property=\"og:title\" content=\"Mesa Cruz - Cocon - Somos Fabricantes - Mesa Cruz - Cocon\" \/>\n<meta property=\"og:description\" content=\"Hermosa mesa de comedor estilo Industrial modelo Cruz, realizada en madera maciza y estructura de hierro. Ideal para tu hogar\" \/>\n<meta property=\"og:url\" content=\"https:\/\/cocon.com.ar\/es\/product\/mesa-cruz-2\/\" \/>\n<meta property=\"og:site_name\" content=\"Cocon\" \/>\n<meta property=\"article:publisher\" content=\"http:\/\/facebook.com\/cocon.muebles\" \/>\n<meta property=\"article:modified_time\" content=\"2023-10-23T15:37:45+00:00\" \/>\n<meta property=\"og:image\" content=\"https:\/\/cocon.com.ar\/wp-content\/uploads\/2023\/09\/luminaria-14.png\" \/>\n\t<meta property=\"og:image:width\" content=\"600\" \/>\n\t<meta property=\"og:image:height\" content=\"600\" \/>\n\t<meta property=\"og:image:type\" content=\"image\/png\" \/>\n<meta name=\"twitter:card\" content=\"summary_large_image\" \/>\n<meta name=\"twitter:label1\" content=\"Tiempo de lectura\" \/>\n\t<meta name=\"twitter:data1\" content=\"3 minutos\" \/>\n<script type=\"application\/ld+json\" class=\"yoast-schema-graph\">{\"@context\":\"https:\/\/schema.org\",\"@graph\":[{\"@type\":\"WebPage\",\"@id\":\"https:\/\/cocon.com.ar\/product\/mesa-cruz-2\/\",\"url\":\"https:\/\/cocon.com.ar\/product\/mesa-cruz-2\/\",\"name\":\"Mesa Cruz - Cocon - Somos Fabricantes - Mesa Cruz - Cocon\",\"isPartOf\":{\"@id\":\"https:\/\/cocon.com.ar\/#website\"},\"primaryImageOfPage\":{\"@id\":\"https:\/\/cocon.com.ar\/product\/mesa-cruz-2\/#primaryimage\"},\"image\":{\"@id\":\"https:\/\/cocon.com.ar\/product\/mesa-cruz-2\/#primaryimage\"},\"thumbnailUrl\":\"https:\/\/cocon.com.ar\/wp-content\/uploads\/2023\/09\/luminaria-14.png\",\"datePublished\":\"2023-09-09T14:39:50+00:00\",\"dateModified\":\"2023-10-23T15:37:45+00:00\",\"description\":\"Hermosa mesa de comedor estilo Industrial modelo Cruz, realizada en madera maciza y estructura de hierro. Ideal para tu hogar\",\"breadcrumb\":{\"@id\":\"https:\/\/cocon.com.ar\/product\/mesa-cruz-2\/#breadcrumb\"},\"inLanguage\":\"es-AR\",\"potentialAction\":[{\"@type\":\"ReadAction\",\"target\":[\"https:\/\/cocon.com.ar\/product\/mesa-cruz-2\/\"]}]},{\"@type\":\"ImageObject\",\"inLanguage\":\"es-AR\",\"@id\":\"https:\/\/cocon.com.ar\/product\/mesa-cruz-2\/#primaryimage\",\"url\":\"https:\/\/cocon.com.ar\/wp-content\/uploads\/2023\/09\/luminaria-14.png\",\"contentUrl\":\"https:\/\/cocon.com.ar\/wp-content\/uploads\/2023\/09\/luminaria-14.png\",\"width\":600,\"height\":600},{\"@type\":\"BreadcrumbList\",\"@id\":\"https:\/\/cocon.com.ar\/product\/mesa-cruz-2\/#breadcrumb\",\"itemListElement\":[{\"@type\":\"ListItem\",\"position\":1,\"name\":\"Portada\",\"item\":\"https:\/\/cocon.com.ar\/\"},{\"@type\":\"ListItem\",\"position\":2,\"name\":\"Shop\",\"item\":\"https:\/\/cocon.com.ar\/shop\/\"},{\"@type\":\"ListItem\",\"position\":3,\"name\":\"Mesa Cruz\"}]},{\"@type\":\"WebSite\",\"@id\":\"https:\/\/cocon.com.ar\/#website\",\"url\":\"https:\/\/cocon.com.ar\/\",\"name\":\"Cocon\",\"description\":\"Estudio de Interiorismo_ Styling &amp; Deco\",\"publisher\":{\"@id\":\"https:\/\/cocon.com.ar\/#organization\"},\"potentialAction\":[{\"@type\":\"SearchAction\",\"target\":{\"@type\":\"EntryPoint\",\"urlTemplate\":\"https:\/\/cocon.com.ar\/?s={search_term_string}\"},\"query-input\":{\"@type\":\"PropertyValueSpecification\",\"valueRequired\":true,\"valueName\":\"search_term_string\"}}],\"inLanguage\":\"es-AR\"},{\"@type\":\"Organization\",\"@id\":\"https:\/\/cocon.com.ar\/#organization\",\"name\":\"Cocon\",\"url\":\"https:\/\/cocon.com.ar\/\",\"logo\":{\"@type\":\"ImageObject\",\"inLanguage\":\"es-AR\",\"@id\":\"https:\/\/cocon.com.ar\/#\/schema\/logo\/image\/\",\"url\":\"https:\/\/cocon.com.ar\/wp-content\/uploads\/2023\/09\/cropped-cropped-ei_1695218943890-removebg-preview.png\",\"contentUrl\":\"https:\/\/cocon.com.ar\/wp-content\/uploads\/2023\/09\/cropped-cropped-ei_1695218943890-removebg-preview.png\",\"width\":512,\"height\":341,\"caption\":\"Cocon\"},\"image\":{\"@id\":\"https:\/\/cocon.com.ar\/#\/schema\/logo\/image\/\"},\"sameAs\":[\"http:\/\/facebook.com\/cocon.muebles\",\"https:\/\/www.instagram.com\/cocon.deco\",\"https:\/\/www.youtube.com\/@cocon663\"]}]}<\/script>\n<!-- \/ Yoast SEO plugin. -->","yoast_head_json":{"title":"Mesa Cruz - Cocon - Somos Fabricantes - Mesa Cruz - Cocon","description":"Hermosa mesa de comedor estilo Industrial modelo Cruz, realizada en madera maciza y estructura de hierro. Ideal para tu hogar","robots":{"index":"noindex","follow":"follow","max-snippet":"max-snippet:-1","max-image-preview":"max-image-preview:large","max-video-preview":"max-video-preview:-1"},"og_locale":"es_ES","og_type":"article","og_title":"Mesa Cruz - Cocon - Somos Fabricantes - Mesa Cruz - Cocon","og_description":"Hermosa mesa de comedor estilo Industrial modelo Cruz, realizada en madera maciza y estructura de hierro. Ideal para tu hogar","og_url":"https:\/\/cocon.com.ar\/es\/product\/mesa-cruz-2\/","og_site_name":"Cocon","article_publisher":"http:\/\/facebook.com\/cocon.muebles","article_modified_time":"2023-10-23T15:37:45+00:00","og_image":[{"width":600,"height":600,"url":"https:\/\/cocon.com.ar\/wp-content\/uploads\/2023\/09\/luminaria-14.png","type":"image\/png"}],"twitter_card":"summary_large_image","twitter_misc":{"Tiempo de lectura":"3 minutos"},"schema":{"@context":"https:\/\/schema.org","@graph":[{"@type":"WebPage","@id":"https:\/\/cocon.com.ar\/product\/mesa-cruz-2\/","url":"https:\/\/cocon.com.ar\/product\/mesa-cruz-2\/","name":"Mesa Cruz - Cocon - Somos Fabricantes - Mesa Cruz - Cocon","isPartOf":{"@id":"https:\/\/cocon.com.ar\/#website"},"primaryImageOfPage":{"@id":"https:\/\/cocon.com.ar\/product\/mesa-cruz-2\/#primaryimage"},"image":{"@id":"https:\/\/cocon.com.ar\/product\/mesa-cruz-2\/#primaryimage"},"thumbnailUrl":"https:\/\/cocon.com.ar\/wp-content\/uploads\/2023\/09\/luminaria-14.png","datePublished":"2023-09-09T14:39:50+00:00","dateModified":"2023-10-23T15:37:45+00:00","description":"Hermosa mesa de comedor estilo Industrial modelo Cruz, realizada en madera maciza y estructura de hierro. Ideal para tu hogar","breadcrumb":{"@id":"https:\/\/cocon.com.ar\/product\/mesa-cruz-2\/#breadcrumb"},"inLanguage":"es-AR","potentialAction":[{"@type":"ReadAction","target":["https:\/\/cocon.com.ar\/product\/mesa-cruz-2\/"]}]},{"@type":"ImageObject","inLanguage":"es-AR","@id":"https:\/\/cocon.com.ar\/product\/mesa-cruz-2\/#primaryimage","url":"https:\/\/cocon.com.ar\/wp-content\/uploads\/2023\/09\/luminaria-14.png","contentUrl":"https:\/\/cocon.com.ar\/wp-content\/uploads\/2023\/09\/luminaria-14.png","width":600,"height":600},{"@type":"BreadcrumbList","@id":"https:\/\/cocon.com.ar\/product\/mesa-cruz-2\/#breadcrumb","itemListElement":[{"@type":"ListItem","position":1,"name":"Portada","item":"https:\/\/cocon.com.ar\/"},{"@type":"ListItem","position":2,"name":"Shop","item":"https:\/\/cocon.com.ar\/shop\/"},{"@type":"ListItem","position":3,"name":"Mesa Cruz"}]},{"@type":"WebSite","@id":"https:\/\/cocon.com.ar\/#website","url":"https:\/\/cocon.com.ar\/","name":"Cocon","description":"Estudio de Interiorismo_ Styling &amp; Deco","publisher":{"@id":"https:\/\/cocon.com.ar\/#organization"},"potentialAction":[{"@type":"SearchAction","target":{"@type":"EntryPoint","urlTemplate":"https:\/\/cocon.com.ar\/?s={search_term_string}"},"query-input":{"@type":"PropertyValueSpecification","valueRequired":true,"valueName":"search_term_string"}}],"inLanguage":"es-AR"},{"@type":"Organization","@id":"https:\/\/cocon.com.ar\/#organization","name":"Cocon","url":"https:\/\/cocon.com.ar\/","logo":{"@type":"ImageObject","inLanguage":"es-AR","@id":"https:\/\/cocon.com.ar\/#\/schema\/logo\/image\/","url":"https:\/\/cocon.com.ar\/wp-content\/uploads\/2023\/09\/cropped-cropped-ei_1695218943890-removebg-preview.png","contentUrl":"https:\/\/cocon.com.ar\/wp-content\/uploads\/2023\/09\/cropped-cropped-ei_1695218943890-removebg-preview.png","width":512,"height":341,"caption":"Cocon"},"image":{"@id":"https:\/\/cocon.com.ar\/#\/schema\/logo\/image\/"},"sameAs":["http:\/\/facebook.com\/cocon.muebles","https:\/\/www.instagram.com\/cocon.deco","https:\/\/www.youtube.com\/@cocon663"]}]}},"_links":{"self":[{"href":"https:\/\/cocon.com.ar\/es\/wp-json\/wp\/v2\/product\/2455","targetHints":{"allow":["GET"]}}],"collection":[{"href":"https:\/\/cocon.com.ar\/es\/wp-json\/wp\/v2\/product"}],"about":[{"href":"https:\/\/cocon.com.ar\/es\/wp-json\/wp\/v2\/types\/product"}],"replies":[{"embeddable":true,"href":"https:\/\/cocon.com.ar\/es\/wp-json\/wp\/v2\/comments?post=2455"}],"wp:featuredmedia":[{"embeddable":true,"href":"https:\/\/cocon.com.ar\/es\/wp-json\/wp\/v2\/media\/2456"}],"wp:attachment":[{"href":"https:\/\/cocon.com.ar\/es\/wp-json\/wp\/v2\/media?parent=2455"}],"wp:term":[{"taxonomy":"product_cat","embeddable":true,"href":"https:\/\/cocon.com.ar\/es\/wp-json\/wp\/v2\/product_cat?post=2455"},{"taxonomy":"product_tag","embeddable":true,"href":"https:\/\/cocon.com.ar\/es\/wp-json\/wp\/v2\/product_tag?post=2455"}],"curies":[{"name":"wp","href":"https:\/\/api.w.org\/{rel}","templated":true}]}}