{"id":2478,"date":"2023-09-09T14:48:50","date_gmt":"2023-09-09T14:48:50","guid":{"rendered":"https:\/\/cocon.com.ar\/?post_type=product&#038;p=2478"},"modified":"2023-09-14T15:54:59","modified_gmt":"2023-09-14T15:54:59","slug":"mesa-andes-3","status":"publish","type":"product","link":"https:\/\/cocon.com.ar\/es\/product\/mesa-andes-3\/","title":{"rendered":"Mesa Andes"},"content":{"rendered":"<p>Mesa para Galerias<br \/>\nLa Mesa Andes es una mesa con din\u00e1mica y presencia que determina si vale la pena estar en un ambiente o no. Con estilo r\u00fastico \u2013 moderno, combinan los toques de los mejores cortes de madera maciza.<br \/>\nEste modelo de Mesa Andes se inspir\u00f3 en el estilo de dise\u00f1o c\u00e1lido n\u00f3rdico, con tapa y estructura de Cipr\u00e9s.<br \/>\nEs ideal para ambientar tus espacios tanto interiores como exteriores, para tu espacio de comedor, quincho, galeria o espacios gastron\u00f3micos o en com\u00fan como salas de estar o reuniones.<\/p>\n<p>Mesa de Comedor<br \/>\nPara una buena mesa de comedor utilizamos variedad de Maderas con las que las fabricamos, estas son estacionadas desde hace varios a\u00f1os para lograr unas mejor calidad y durabilidad a la hora de su confecci\u00f3n.<br \/>\nTrabajamos variedad de maderas macizas, como el cipr\u00e9s el cedro azul, lenga, guayubira, petirib\u00ed, para\u00edso entre otras. Tambi\u00e9n trabajamos las tapas de madera enchapada combinada con estructuras macizas de madera o hierro, m\u00e1s recomendadas para espacios interiores.<br \/>\nTapa y estructura en madera maciza, laqueada, semi-mate<br \/>\nElaborado con maestr\u00eda de madera maciza y de ingenier\u00eda.<br \/>\nSe termin\u00f3 con un proceso de varios pasos que resalta la beta natural de la madera.<br \/>\nEl uso de carillas da como resultado muebles de alta calidad que tienen superficies impecables, tonos de color consistentes, y que no estar\u00e1n sujetos a agrietamiento.<\/p>\n<p>Mesa R\u00fastica Moderna<br \/>\nLas medidas de esta Mesa R\u00fastica:<br \/>\n160cm Largo x 80 cm Ancho x 78 cm Alto<br \/>\nConsultar por otras medidas.<br \/>\nRealizada en madera maciza de Cipr\u00e9s o Cedro Azul, laqueada semi mate.<br \/>\nEstilo R\u00fastico Moderno perfectamente a los matices de tu comedor o galer\u00eda.<\/p>\n<p>MEDIDAS: 160 x 90 cm<\/p>","protected":false},"excerpt":{"rendered":"<p>Mesa para Galerias La Mesa Andes es una mesa con din\u00e1mica y presencia que determina si vale la pena estar en un ambiente o no. Con estilo r\u00fastico \u2013 moderno, combinan los toques de los mejores cortes de madera maciza. Este modelo de Mesa Andes se inspir\u00f3 en el estilo de dise\u00f1o c\u00e1lido n\u00f3rdico, con [&hellip;]<\/p>","protected":false},"featured_media":2479,"comment_status":"closed","ping_status":"closed","template":"","meta":{"inline_featured_image":false,"_joinchat":[]},"product_cat":[138,132],"product_tag":[165,155,148,166,144,147,150,145,164],"class_list":["post-2478","product","type-product","status-publish","has-post-thumbnail","hentry","product_cat-comedor","product_cat-mesas","product_tag-estilo-rustico","product_tag-exterior","product_tag-interior","product_tag-madera-maciza","product_tag-mesa-comedor","product_tag-mesa-de-madera","product_tag-mesa-galeria","product_tag-mesa-nordica","product_tag-mesa-rustica"],"yoast_head":"<!-- This site is optimized with the Yoast SEO plugin v26.5 - https:\/\/yoast.com\/wordpress\/plugins\/seo\/ -->\n<title>Mesa Andes - Cocon - Somos Fabricantes - Cocon - Mesa Andes<\/title>\n<meta name=\"description\" content=\"Hermosa mesa de comedor estilo Rustico, modelo Andes, realizada en madera maciza en su totalidad. Ideal para ambientar tu hogar!\" \/>\n<meta name=\"robots\" content=\"noindex, follow, max-snippet:-1, max-image-preview:large, max-video-preview:-1\" \/>\n<meta property=\"og:locale\" content=\"es_ES\" \/>\n<meta property=\"og:type\" content=\"article\" \/>\n<meta property=\"og:title\" content=\"Mesa Andes - Cocon - Somos Fabricantes - Cocon - Mesa Andes\" \/>\n<meta property=\"og:description\" content=\"Hermosa mesa de comedor estilo Rustico, modelo Andes, realizada en madera maciza en su totalidad. Ideal para ambientar tu hogar!\" \/>\n<meta property=\"og:url\" content=\"https:\/\/cocon.com.ar\/es\/product\/mesa-andes-3\/\" \/>\n<meta property=\"og:site_name\" content=\"Cocon\" \/>\n<meta property=\"article:publisher\" content=\"http:\/\/facebook.com\/cocon.muebles\" \/>\n<meta property=\"article:modified_time\" content=\"2023-09-14T15:54:59+00:00\" \/>\n<meta property=\"og:image\" content=\"https:\/\/cocon.com.ar\/wp-content\/uploads\/2023\/09\/banqueta-coni-10.png\" \/>\n\t<meta property=\"og:image:width\" content=\"600\" \/>\n\t<meta property=\"og:image:height\" content=\"600\" \/>\n\t<meta property=\"og:image:type\" content=\"image\/png\" \/>\n<meta name=\"twitter:card\" content=\"summary_large_image\" \/>\n<meta name=\"twitter:label1\" content=\"Tiempo de lectura\" \/>\n\t<meta name=\"twitter:data1\" content=\"2 minutos\" \/>\n<script type=\"application\/ld+json\" class=\"yoast-schema-graph\">{\"@context\":\"https:\/\/schema.org\",\"@graph\":[{\"@type\":\"WebPage\",\"@id\":\"https:\/\/cocon.com.ar\/product\/mesa-andes-3\/\",\"url\":\"https:\/\/cocon.com.ar\/product\/mesa-andes-3\/\",\"name\":\"Mesa Andes - Cocon - Somos Fabricantes - Cocon - Mesa Andes\",\"isPartOf\":{\"@id\":\"https:\/\/cocon.com.ar\/#website\"},\"primaryImageOfPage\":{\"@id\":\"https:\/\/cocon.com.ar\/product\/mesa-andes-3\/#primaryimage\"},\"image\":{\"@id\":\"https:\/\/cocon.com.ar\/product\/mesa-andes-3\/#primaryimage\"},\"thumbnailUrl\":\"https:\/\/cocon.com.ar\/wp-content\/uploads\/2023\/09\/banqueta-coni-10.png\",\"datePublished\":\"2023-09-09T14:48:50+00:00\",\"dateModified\":\"2023-09-14T15:54:59+00:00\",\"description\":\"Hermosa mesa de comedor estilo Rustico, modelo Andes, realizada en madera maciza en su totalidad. Ideal para ambientar tu hogar!\",\"breadcrumb\":{\"@id\":\"https:\/\/cocon.com.ar\/product\/mesa-andes-3\/#breadcrumb\"},\"inLanguage\":\"es-AR\",\"potentialAction\":[{\"@type\":\"ReadAction\",\"target\":[\"https:\/\/cocon.com.ar\/product\/mesa-andes-3\/\"]}]},{\"@type\":\"ImageObject\",\"inLanguage\":\"es-AR\",\"@id\":\"https:\/\/cocon.com.ar\/product\/mesa-andes-3\/#primaryimage\",\"url\":\"https:\/\/cocon.com.ar\/wp-content\/uploads\/2023\/09\/banqueta-coni-10.png\",\"contentUrl\":\"https:\/\/cocon.com.ar\/wp-content\/uploads\/2023\/09\/banqueta-coni-10.png\",\"width\":600,\"height\":600},{\"@type\":\"BreadcrumbList\",\"@id\":\"https:\/\/cocon.com.ar\/product\/mesa-andes-3\/#breadcrumb\",\"itemListElement\":[{\"@type\":\"ListItem\",\"position\":1,\"name\":\"Portada\",\"item\":\"https:\/\/cocon.com.ar\/\"},{\"@type\":\"ListItem\",\"position\":2,\"name\":\"Shop\",\"item\":\"https:\/\/cocon.com.ar\/shop\/\"},{\"@type\":\"ListItem\",\"position\":3,\"name\":\"Mesa Andes\"}]},{\"@type\":\"WebSite\",\"@id\":\"https:\/\/cocon.com.ar\/#website\",\"url\":\"https:\/\/cocon.com.ar\/\",\"name\":\"Cocon\",\"description\":\"Estudio de Interiorismo_ Styling &amp; Deco\",\"publisher\":{\"@id\":\"https:\/\/cocon.com.ar\/#organization\"},\"potentialAction\":[{\"@type\":\"SearchAction\",\"target\":{\"@type\":\"EntryPoint\",\"urlTemplate\":\"https:\/\/cocon.com.ar\/?s={search_term_string}\"},\"query-input\":{\"@type\":\"PropertyValueSpecification\",\"valueRequired\":true,\"valueName\":\"search_term_string\"}}],\"inLanguage\":\"es-AR\"},{\"@type\":\"Organization\",\"@id\":\"https:\/\/cocon.com.ar\/#organization\",\"name\":\"Cocon\",\"url\":\"https:\/\/cocon.com.ar\/\",\"logo\":{\"@type\":\"ImageObject\",\"inLanguage\":\"es-AR\",\"@id\":\"https:\/\/cocon.com.ar\/#\/schema\/logo\/image\/\",\"url\":\"https:\/\/cocon.com.ar\/wp-content\/uploads\/2023\/09\/cropped-cropped-ei_1695218943890-removebg-preview.png\",\"contentUrl\":\"https:\/\/cocon.com.ar\/wp-content\/uploads\/2023\/09\/cropped-cropped-ei_1695218943890-removebg-preview.png\",\"width\":512,\"height\":341,\"caption\":\"Cocon\"},\"image\":{\"@id\":\"https:\/\/cocon.com.ar\/#\/schema\/logo\/image\/\"},\"sameAs\":[\"http:\/\/facebook.com\/cocon.muebles\",\"https:\/\/www.instagram.com\/cocon.deco\",\"https:\/\/www.youtube.com\/@cocon663\"]}]}<\/script>\n<!-- \/ Yoast SEO plugin. -->","yoast_head_json":{"title":"Mesa Andes - Cocon - Somos Fabricantes - Cocon - Mesa Andes","description":"Hermosa mesa de comedor estilo Rustico, modelo Andes, realizada en madera maciza en su totalidad. Ideal para ambientar tu hogar!","robots":{"index":"noindex","follow":"follow","max-snippet":"max-snippet:-1","max-image-preview":"max-image-preview:large","max-video-preview":"max-video-preview:-1"},"og_locale":"es_ES","og_type":"article","og_title":"Mesa Andes - Cocon - Somos Fabricantes - Cocon - Mesa Andes","og_description":"Hermosa mesa de comedor estilo Rustico, modelo Andes, realizada en madera maciza en su totalidad. Ideal para ambientar tu hogar!","og_url":"https:\/\/cocon.com.ar\/es\/product\/mesa-andes-3\/","og_site_name":"Cocon","article_publisher":"http:\/\/facebook.com\/cocon.muebles","article_modified_time":"2023-09-14T15:54:59+00:00","og_image":[{"width":600,"height":600,"url":"https:\/\/cocon.com.ar\/wp-content\/uploads\/2023\/09\/banqueta-coni-10.png","type":"image\/png"}],"twitter_card":"summary_large_image","twitter_misc":{"Tiempo de lectura":"2 minutos"},"schema":{"@context":"https:\/\/schema.org","@graph":[{"@type":"WebPage","@id":"https:\/\/cocon.com.ar\/product\/mesa-andes-3\/","url":"https:\/\/cocon.com.ar\/product\/mesa-andes-3\/","name":"Mesa Andes - Cocon - Somos Fabricantes - Cocon - Mesa Andes","isPartOf":{"@id":"https:\/\/cocon.com.ar\/#website"},"primaryImageOfPage":{"@id":"https:\/\/cocon.com.ar\/product\/mesa-andes-3\/#primaryimage"},"image":{"@id":"https:\/\/cocon.com.ar\/product\/mesa-andes-3\/#primaryimage"},"thumbnailUrl":"https:\/\/cocon.com.ar\/wp-content\/uploads\/2023\/09\/banqueta-coni-10.png","datePublished":"2023-09-09T14:48:50+00:00","dateModified":"2023-09-14T15:54:59+00:00","description":"Hermosa mesa de comedor estilo Rustico, modelo Andes, realizada en madera maciza en su totalidad. Ideal para ambientar tu hogar!","breadcrumb":{"@id":"https:\/\/cocon.com.ar\/product\/mesa-andes-3\/#breadcrumb"},"inLanguage":"es-AR","potentialAction":[{"@type":"ReadAction","target":["https:\/\/cocon.com.ar\/product\/mesa-andes-3\/"]}]},{"@type":"ImageObject","inLanguage":"es-AR","@id":"https:\/\/cocon.com.ar\/product\/mesa-andes-3\/#primaryimage","url":"https:\/\/cocon.com.ar\/wp-content\/uploads\/2023\/09\/banqueta-coni-10.png","contentUrl":"https:\/\/cocon.com.ar\/wp-content\/uploads\/2023\/09\/banqueta-coni-10.png","width":600,"height":600},{"@type":"BreadcrumbList","@id":"https:\/\/cocon.com.ar\/product\/mesa-andes-3\/#breadcrumb","itemListElement":[{"@type":"ListItem","position":1,"name":"Portada","item":"https:\/\/cocon.com.ar\/"},{"@type":"ListItem","position":2,"name":"Shop","item":"https:\/\/cocon.com.ar\/shop\/"},{"@type":"ListItem","position":3,"name":"Mesa Andes"}]},{"@type":"WebSite","@id":"https:\/\/cocon.com.ar\/#website","url":"https:\/\/cocon.com.ar\/","name":"Cocon","description":"Estudio de Interiorismo_ Styling &amp; Deco","publisher":{"@id":"https:\/\/cocon.com.ar\/#organization"},"potentialAction":[{"@type":"SearchAction","target":{"@type":"EntryPoint","urlTemplate":"https:\/\/cocon.com.ar\/?s={search_term_string}"},"query-input":{"@type":"PropertyValueSpecification","valueRequired":true,"valueName":"search_term_string"}}],"inLanguage":"es-AR"},{"@type":"Organization","@id":"https:\/\/cocon.com.ar\/#organization","name":"Cocon","url":"https:\/\/cocon.com.ar\/","logo":{"@type":"ImageObject","inLanguage":"es-AR","@id":"https:\/\/cocon.com.ar\/#\/schema\/logo\/image\/","url":"https:\/\/cocon.com.ar\/wp-content\/uploads\/2023\/09\/cropped-cropped-ei_1695218943890-removebg-preview.png","contentUrl":"https:\/\/cocon.com.ar\/wp-content\/uploads\/2023\/09\/cropped-cropped-ei_1695218943890-removebg-preview.png","width":512,"height":341,"caption":"Cocon"},"image":{"@id":"https:\/\/cocon.com.ar\/#\/schema\/logo\/image\/"},"sameAs":["http:\/\/facebook.com\/cocon.muebles","https:\/\/www.instagram.com\/cocon.deco","https:\/\/www.youtube.com\/@cocon663"]}]}},"_links":{"self":[{"href":"https:\/\/cocon.com.ar\/es\/wp-json\/wp\/v2\/product\/2478","targetHints":{"allow":["GET"]}}],"collection":[{"href":"https:\/\/cocon.com.ar\/es\/wp-json\/wp\/v2\/product"}],"about":[{"href":"https:\/\/cocon.com.ar\/es\/wp-json\/wp\/v2\/types\/product"}],"replies":[{"embeddable":true,"href":"https:\/\/cocon.com.ar\/es\/wp-json\/wp\/v2\/comments?post=2478"}],"wp:featuredmedia":[{"embeddable":true,"href":"https:\/\/cocon.com.ar\/es\/wp-json\/wp\/v2\/media\/2479"}],"wp:attachment":[{"href":"https:\/\/cocon.com.ar\/es\/wp-json\/wp\/v2\/media?parent=2478"}],"wp:term":[{"taxonomy":"product_cat","embeddable":true,"href":"https:\/\/cocon.com.ar\/es\/wp-json\/wp\/v2\/product_cat?post=2478"},{"taxonomy":"product_tag","embeddable":true,"href":"https:\/\/cocon.com.ar\/es\/wp-json\/wp\/v2\/product_tag?post=2478"}],"curies":[{"name":"wp","href":"https:\/\/api.w.org\/{rel}","templated":true}]}}